{"id":1309,"date":"2021-02-19T14:47:07","date_gmt":"2021-02-19T19:47:07","guid":{"rendered":"https:\/\/www.integralpro.com.co\/index.php\/producto\/import-placeholder-for-880\/"},"modified":"2021-02-23T14:43:21","modified_gmt":"2021-02-23T19:43:21","slug":"control-alambrico-logitech-f310-usb-gamepad","status":"publish","type":"product","link":"https:\/\/www.integralpro.com.co\/index.php\/producto\/control-alambrico-logitech-f310-usb-gamepad\/","title":{"rendered":"Control Alambrico Logitech F310 Usb Gamepad"},"content":{"rendered":"<p style=\"text-align: justify;\">Ya sea con juegos de deportes, acci\u00f3n, o de cualquier otro tipo, Logitech Gamepad F310 permite jugar en el PC con controles de consola habituales, y es compatible con un gran n\u00famero de juegos. El software Profiler permite personalizar el gamepad con entradas de teclado y rat\u00f3n*. Su dise\u00f1o de mando cl\u00e1sico permite centrarse en el juego. El dise\u00f1o flotante exclusivo del pad de control le da gran capacidad de respuesta ante los cambios de direcci\u00f3n r\u00e1pidos. Adem\u00e1s, el recubrimiento de goma proporciona una comodidad excepcional..<\/p>\n<p style=\"text-align: justify;\"><strong>Especificaciones T\u00e9cnicas<\/strong><\/p>\n<p style=\"text-align: justify;\">Dimensiones: 20 x 16 x 8 cm<br \/>\nPeso: 0.30g<br \/>\nBotones A, B, X, Y<br \/>\nBotones LB, RB<br \/>\nDisparadores anal\u00f3gicos izquierdo y derecho<br \/>\nBotones de inicio y retroceso<br \/>\nDos minijoysticks anal\u00f3gicos pulsables<br \/>\nPad de control octodireccional<br \/>\nBot\u00f3n Inicio<br \/>\nModo de deportes Modo DirectInput: 10 botones programables*<br \/>\nDisparadores anal\u00f3gicos izquierdo y derecho programables*<br \/>\nDos minijoysticks anal\u00f3gicos programables*<br \/>\nPad de control programable octodireccional*<br \/>\nModo de deportes<br \/>\nRequisitos del sistema: Windows 8, Windows 7, Windows Vista Conexi\u00f3n a Internet para descarga de software opcional<\/p>\n<p><strong>Contenido Del Paquete<\/strong><\/p>\n<p>Control &#8211; Documentaci\u00f3n<\/p>\n","protected":false},"excerpt":{"rendered":"<p># DE PARTE: 940-000110<\/p>\n","protected":false},"featured_media":3647,"template":"","meta":{"site-sidebar-layout":"default","site-content-layout":"default","ast-site-content-layout":"default","site-content-style":"default","site-sidebar-style":"default","ast-global-header-display":"","ast-banner-title-visibility":"","ast-main-header-display":"","ast-hfb-above-header-display":"","ast-hfb-below-header-display":"","ast-hfb-mobile-header-display":"","site-post-title":"","ast-breadcrumbs-content":"","ast-featured-img":"","footer-sml-layout":"","ast-disable-related-posts":"","theme-transparent-header-meta":"default","adv-header-id-meta":"","stick-header-meta":"","header-above-stick-meta":"","header-main-stick-meta":"","header-below-stick-meta":"","astra-migrate-meta-layouts":"default","ast-page-background-enabled":"default","ast-page-background-meta":{"desktop":{"background-color":"var(--ast-global-color-4)","background-image":"","background-repeat":"repeat","background-position":"center center","background-size":"auto","background-attachment":"scroll","background-type":"","background-media":"","overlay-type":"","overlay-color":"","overlay-opacity":"","overlay-gradient":""},"tablet":{"background-color":"","background-image":"","background-repeat":"repeat","background-position":"center center","background-size":"auto","background-attachment":"scroll","background-type":"","background-media":"","overlay-type":"","overlay-color":"","overlay-opacity":"","overlay-gradient":""},"mobile":{"background-color":"","background-image":"","background-repeat":"repeat","background-position":"center center","background-size":"auto","background-attachment":"scroll","background-type":"","background-media":"","overlay-type":"","overlay-color":"","overlay-opacity":"","overlay-gradient":""}},"ast-content-background-meta":{"desktop":{"background-color":"var(--ast-global-color-5)","background-image":"","background-repeat":"repeat","background-position":"center center","background-size":"auto","background-attachment":"scroll","background-type":"","background-media":"","overlay-type":"","overlay-color":"","overlay-opacity":"","overlay-gradient":""},"tablet":{"background-color":"var(--ast-global-color-5)","background-image":"","background-repeat":"repeat","background-position":"center center","background-size":"auto","background-attachment":"scroll","background-type":"","background-media":"","overlay-type":"","overlay-color":"","overlay-opacity":"","overlay-gradient":""},"mobile":{"background-color":"var(--ast-global-color-5)","background-image":"","background-repeat":"repeat","background-position":"center center","background-size":"auto","background-attachment":"scroll","background-type":"","background-media":"","overlay-type":"","overlay-color":"","overlay-opacity":"","overlay-gradient":""}}},"product_brand":[],"product_cat":[49],"product_tag":[46],"class_list":{"0":"post-1309","1":"product","2":"type-product","3":"status-publish","4":"has-post-thumbnail","6":"product_cat-accesorios","7":"product_tag-logitech","8":"desktop-align-left","9":"tablet-align-left","10":"mobile-align-left","12":"first","13":"instock","14":"taxable","15":"shipping-taxable","16":"product-type-simple"},"yoast_head":"<!-- This site is optimized with the Yoast SEO plugin v27.5 - https:\/\/yoast.com\/product\/yoast-seo-wordpress\/ -->\n<title>Control Alambrico Logitech F310 Usb Gamepad - IntegralPro<\/title>\n<meta name=\"robots\" content=\"index, follow, max-snippet:-1, max-image-preview:large, max-video-preview:-1\" \/>\n<link rel=\"canonical\" href=\"https:\/\/www.integralpro.com.co\/index.php\/producto\/control-alambrico-logitech-f310-usb-gamepad\/\" \/>\n<meta property=\"og:locale\" content=\"es_ES\" \/>\n<meta property=\"og:type\" content=\"article\" \/>\n<meta property=\"og:title\" content=\"Control Alambrico Logitech F310 Usb Gamepad - IntegralPro\" \/>\n<meta property=\"og:description\" content=\"# DE PARTE: 940-000110\" \/>\n<meta property=\"og:url\" content=\"https:\/\/www.integralpro.com.co\/index.php\/producto\/control-alambrico-logitech-f310-usb-gamepad\/\" \/>\n<meta property=\"og:site_name\" content=\"IntegralPro\" \/>\n<meta property=\"article:modified_time\" content=\"2021-02-23T19:43:21+00:00\" \/>\n<meta property=\"og:image\" content=\"https:\/\/www.integralpro.com.co\/wp-content\/uploads\/2021\/02\/Control-Alambrico-Logitech-F310-Usb-Gamepad.jpg\" \/>\n\t<meta property=\"og:image:width\" content=\"1500\" \/>\n\t<meta property=\"og:image:height\" content=\"986\" \/>\n\t<meta property=\"og:image:type\" content=\"image\/jpeg\" \/>\n<meta name=\"twitter:card\" content=\"summary_large_image\" \/>\n<meta name=\"twitter:label1\" content=\"Tiempo de lectura\" \/>\n\t<meta name=\"twitter:data1\" content=\"1 minuto\" \/>\n<script type=\"application\/ld+json\" class=\"yoast-schema-graph\">{\"@context\":\"https:\\\/\\\/schema.org\",\"@graph\":[{\"@type\":\"WebPage\",\"@id\":\"https:\\\/\\\/www.integralpro.com.co\\\/index.php\\\/producto\\\/control-alambrico-logitech-f310-usb-gamepad\\\/\",\"url\":\"https:\\\/\\\/www.integralpro.com.co\\\/index.php\\\/producto\\\/control-alambrico-logitech-f310-usb-gamepad\\\/\",\"name\":\"Control Alambrico Logitech F310 Usb Gamepad - IntegralPro\",\"isPartOf\":{\"@id\":\"https:\\\/\\\/www.integralpro.com.co\\\/#website\"},\"primaryImageOfPage\":{\"@id\":\"https:\\\/\\\/www.integralpro.com.co\\\/index.php\\\/producto\\\/control-alambrico-logitech-f310-usb-gamepad\\\/#primaryimage\"},\"image\":{\"@id\":\"https:\\\/\\\/www.integralpro.com.co\\\/index.php\\\/producto\\\/control-alambrico-logitech-f310-usb-gamepad\\\/#primaryimage\"},\"thumbnailUrl\":\"https:\\\/\\\/www.integralpro.com.co\\\/wp-content\\\/uploads\\\/2021\\\/02\\\/Control-Alambrico-Logitech-F310-Usb-Gamepad.jpg\",\"datePublished\":\"2021-02-19T19:47:07+00:00\",\"dateModified\":\"2021-02-23T19:43:21+00:00\",\"breadcrumb\":{\"@id\":\"https:\\\/\\\/www.integralpro.com.co\\\/index.php\\\/producto\\\/control-alambrico-logitech-f310-usb-gamepad\\\/#breadcrumb\"},\"inLanguage\":\"es\",\"potentialAction\":[{\"@type\":\"ReadAction\",\"target\":[\"https:\\\/\\\/www.integralpro.com.co\\\/index.php\\\/producto\\\/control-alambrico-logitech-f310-usb-gamepad\\\/\"]}]},{\"@type\":\"ImageObject\",\"inLanguage\":\"es\",\"@id\":\"https:\\\/\\\/www.integralpro.com.co\\\/index.php\\\/producto\\\/control-alambrico-logitech-f310-usb-gamepad\\\/#primaryimage\",\"url\":\"https:\\\/\\\/www.integralpro.com.co\\\/wp-content\\\/uploads\\\/2021\\\/02\\\/Control-Alambrico-Logitech-F310-Usb-Gamepad.jpg\",\"contentUrl\":\"https:\\\/\\\/www.integralpro.com.co\\\/wp-content\\\/uploads\\\/2021\\\/02\\\/Control-Alambrico-Logitech-F310-Usb-Gamepad.jpg\",\"width\":1500,\"height\":986},{\"@type\":\"BreadcrumbList\",\"@id\":\"https:\\\/\\\/www.integralpro.com.co\\\/index.php\\\/producto\\\/control-alambrico-logitech-f310-usb-gamepad\\\/#breadcrumb\",\"itemListElement\":[{\"@type\":\"ListItem\",\"position\":1,\"name\":\"Portada\",\"item\":\"https:\\\/\\\/www.integralpro.com.co\\\/\"},{\"@type\":\"ListItem\",\"position\":2,\"name\":\"Tienda\",\"item\":\"https:\\\/\\\/www.integralpro.com.co\\\/index.php\\\/tienda\\\/\"},{\"@type\":\"ListItem\",\"position\":3,\"name\":\"Control Alambrico Logitech F310 Usb Gamepad\"}]},{\"@type\":\"WebSite\",\"@id\":\"https:\\\/\\\/www.integralpro.com.co\\\/#website\",\"url\":\"https:\\\/\\\/www.integralpro.com.co\\\/\",\"name\":\"IntegralPro\",\"description\":\"Tienda de Tecnolog\u00eda en L\u00ednea\",\"publisher\":{\"@id\":\"https:\\\/\\\/www.integralpro.com.co\\\/#organization\"},\"potentialAction\":[{\"@type\":\"SearchAction\",\"target\":{\"@type\":\"EntryPoint\",\"urlTemplate\":\"https:\\\/\\\/www.integralpro.com.co\\\/?s={search_term_string}\"},\"query-input\":{\"@type\":\"PropertyValueSpecification\",\"valueRequired\":true,\"valueName\":\"search_term_string\"}}],\"inLanguage\":\"es\"},{\"@type\":\"Organization\",\"@id\":\"https:\\\/\\\/www.integralpro.com.co\\\/#organization\",\"name\":\"IntegralPro SAS\",\"url\":\"https:\\\/\\\/www.integralpro.com.co\\\/\",\"logo\":{\"@type\":\"ImageObject\",\"inLanguage\":\"es\",\"@id\":\"https:\\\/\\\/www.integralpro.com.co\\\/#\\\/schema\\\/logo\\\/image\\\/\",\"url\":\"https:\\\/\\\/www.integralpro.com.co\\\/wp-content\\\/uploads\\\/2021\\\/02\\\/logo-def.jpg\",\"contentUrl\":\"https:\\\/\\\/www.integralpro.com.co\\\/wp-content\\\/uploads\\\/2021\\\/02\\\/logo-def.jpg\",\"width\":238,\"height\":234,\"caption\":\"IntegralPro SAS\"},\"image\":{\"@id\":\"https:\\\/\\\/www.integralpro.com.co\\\/#\\\/schema\\\/logo\\\/image\\\/\"}}]}<\/script>\n<!-- \/ Yoast SEO plugin. -->","yoast_head_json":{"title":"Control Alambrico Logitech F310 Usb Gamepad - IntegralPro","robots":{"index":"index","follow":"follow","max-snippet":"max-snippet:-1","max-image-preview":"max-image-preview:large","max-video-preview":"max-video-preview:-1"},"canonical":"https:\/\/www.integralpro.com.co\/index.php\/producto\/control-alambrico-logitech-f310-usb-gamepad\/","og_locale":"es_ES","og_type":"article","og_title":"Control Alambrico Logitech F310 Usb Gamepad - IntegralPro","og_description":"# DE PARTE: 940-000110","og_url":"https:\/\/www.integralpro.com.co\/index.php\/producto\/control-alambrico-logitech-f310-usb-gamepad\/","og_site_name":"IntegralPro","article_modified_time":"2021-02-23T19:43:21+00:00","og_image":[{"width":1500,"height":986,"url":"https:\/\/www.integralpro.com.co\/wp-content\/uploads\/2021\/02\/Control-Alambrico-Logitech-F310-Usb-Gamepad.jpg","type":"image\/jpeg"}],"twitter_card":"summary_large_image","twitter_misc":{"Tiempo de lectura":"1 minuto"},"schema":{"@context":"https:\/\/schema.org","@graph":[{"@type":"WebPage","@id":"https:\/\/www.integralpro.com.co\/index.php\/producto\/control-alambrico-logitech-f310-usb-gamepad\/","url":"https:\/\/www.integralpro.com.co\/index.php\/producto\/control-alambrico-logitech-f310-usb-gamepad\/","name":"Control Alambrico Logitech F310 Usb Gamepad - IntegralPro","isPartOf":{"@id":"https:\/\/www.integralpro.com.co\/#website"},"primaryImageOfPage":{"@id":"https:\/\/www.integralpro.com.co\/index.php\/producto\/control-alambrico-logitech-f310-usb-gamepad\/#primaryimage"},"image":{"@id":"https:\/\/www.integralpro.com.co\/index.php\/producto\/control-alambrico-logitech-f310-usb-gamepad\/#primaryimage"},"thumbnailUrl":"https:\/\/www.integralpro.com.co\/wp-content\/uploads\/2021\/02\/Control-Alambrico-Logitech-F310-Usb-Gamepad.jpg","datePublished":"2021-02-19T19:47:07+00:00","dateModified":"2021-02-23T19:43:21+00:00","breadcrumb":{"@id":"https:\/\/www.integralpro.com.co\/index.php\/producto\/control-alambrico-logitech-f310-usb-gamepad\/#breadcrumb"},"inLanguage":"es","potentialAction":[{"@type":"ReadAction","target":["https:\/\/www.integralpro.com.co\/index.php\/producto\/control-alambrico-logitech-f310-usb-gamepad\/"]}]},{"@type":"ImageObject","inLanguage":"es","@id":"https:\/\/www.integralpro.com.co\/index.php\/producto\/control-alambrico-logitech-f310-usb-gamepad\/#primaryimage","url":"https:\/\/www.integralpro.com.co\/wp-content\/uploads\/2021\/02\/Control-Alambrico-Logitech-F310-Usb-Gamepad.jpg","contentUrl":"https:\/\/www.integralpro.com.co\/wp-content\/uploads\/2021\/02\/Control-Alambrico-Logitech-F310-Usb-Gamepad.jpg","width":1500,"height":986},{"@type":"BreadcrumbList","@id":"https:\/\/www.integralpro.com.co\/index.php\/producto\/control-alambrico-logitech-f310-usb-gamepad\/#breadcrumb","itemListElement":[{"@type":"ListItem","position":1,"name":"Portada","item":"https:\/\/www.integralpro.com.co\/"},{"@type":"ListItem","position":2,"name":"Tienda","item":"https:\/\/www.integralpro.com.co\/index.php\/tienda\/"},{"@type":"ListItem","position":3,"name":"Control Alambrico Logitech F310 Usb Gamepad"}]},{"@type":"WebSite","@id":"https:\/\/www.integralpro.com.co\/#website","url":"https:\/\/www.integralpro.com.co\/","name":"IntegralPro","description":"Tienda de Tecnolog\u00eda en L\u00ednea","publisher":{"@id":"https:\/\/www.integralpro.com.co\/#organization"},"potentialAction":[{"@type":"SearchAction","target":{"@type":"EntryPoint","urlTemplate":"https:\/\/www.integralpro.com.co\/?s={search_term_string}"},"query-input":{"@type":"PropertyValueSpecification","valueRequired":true,"valueName":"search_term_string"}}],"inLanguage":"es"},{"@type":"Organization","@id":"https:\/\/www.integralpro.com.co\/#organization","name":"IntegralPro SAS","url":"https:\/\/www.integralpro.com.co\/","logo":{"@type":"ImageObject","inLanguage":"es","@id":"https:\/\/www.integralpro.com.co\/#\/schema\/logo\/image\/","url":"https:\/\/www.integralpro.com.co\/wp-content\/uploads\/2021\/02\/logo-def.jpg","contentUrl":"https:\/\/www.integralpro.com.co\/wp-content\/uploads\/2021\/02\/logo-def.jpg","width":238,"height":234,"caption":"IntegralPro SAS"},"image":{"@id":"https:\/\/www.integralpro.com.co\/#\/schema\/logo\/image\/"}}]}},"_links":{"self":[{"href":"https:\/\/www.integralpro.com.co\/index.php\/wp-json\/wp\/v2\/product\/1309","targetHints":{"allow":["GET"]}}],"collection":[{"href":"https:\/\/www.integralpro.com.co\/index.php\/wp-json\/wp\/v2\/product"}],"about":[{"href":"https:\/\/www.integralpro.com.co\/index.php\/wp-json\/wp\/v2\/types\/product"}],"version-history":[{"count":2,"href":"https:\/\/www.integralpro.com.co\/index.php\/wp-json\/wp\/v2\/product\/1309\/revisions"}],"predecessor-version":[{"id":3648,"href":"https:\/\/www.integralpro.com.co\/index.php\/wp-json\/wp\/v2\/product\/1309\/revisions\/3648"}],"wp:featuredmedia":[{"embeddable":true,"href":"https:\/\/www.integralpro.com.co\/index.php\/wp-json\/wp\/v2\/media\/3647"}],"wp:attachment":[{"href":"https:\/\/www.integralpro.com.co\/index.php\/wp-json\/wp\/v2\/media?parent=1309"}],"wp:term":[{"taxonomy":"product_brand","embeddable":true,"href":"https:\/\/www.integralpro.com.co\/index.php\/wp-json\/wp\/v2\/product_brand?post=1309"},{"taxonomy":"product_cat","embeddable":true,"href":"https:\/\/www.integralpro.com.co\/index.php\/wp-json\/wp\/v2\/product_cat?post=1309"},{"taxonomy":"product_tag","embeddable":true,"href":"https:\/\/www.integralpro.com.co\/index.php\/wp-json\/wp\/v2\/product_tag?post=1309"}],"curies":[{"name":"wp","href":"https:\/\/api.w.org\/{rel}","templated":true}]}}