{"id":1306,"date":"2021-02-19T14:47:07","date_gmt":"2021-02-19T19:47:07","guid":{"rendered":"https:\/\/www.integralpro.com.co\/index.php\/producto\/import-placeholder-for-877\/"},"modified":"2021-02-23T14:40:34","modified_gmt":"2021-02-23T19:40:34","slug":"combo-logitech-wireless-teclado-mouse-mk270-negro","status":"publish","type":"product","link":"https:\/\/www.integralpro.com.co\/index.php\/producto\/combo-logitech-wireless-teclado-mouse-mk270-negro\/","title":{"rendered":"Combo Logitech Wireless Teclado-Mouse Mk270 &#8211; Negro"},"content":{"rendered":"<table style=\"max-width: 100%; color: #666666; font-size: 14px; line-height: 21.84px; widows: 1; width: 700px; text-align: left;\" border=\"0\" cellspacing=\"1\" cellpadding=\"1\">\n<tbody>\n<tr>\n<td>El teclado de tama\u00f1o normal con teclado num\u00e9rico, teclas de direcci\u00f3n y nueve teclas F es c\u00f3modo, pr\u00e1ctico y robusto.<\/p>\n<p><strong>Tecnolog\u00eda inal\u00e1mbrica avanzada <\/strong><\/p>\n<p>Trabaje o juegue desde m\u00e1s lugares. La conexi\u00f3n inal\u00e1mbrica elimina casi por completo retrasos, interrupciones e interferencias y ofrece un alcance de hasta 10 metros.(El radio de acci\u00f3n inal\u00e1mbrico depende de las condiciones ambientales y del ordenador).<\/p>\n<p><strong>Tama\u00f1o compacto<\/strong><\/p>\n<p>Ll\u00e9vese el rat\u00f3n a cualquier parte. Este c\u00f3modo rat\u00f3n puede transportarse f\u00e1cilmente en bolsillos o la bolsa del ordenador.<\/p>\n<p><strong>Bater\u00eda prolongada<\/strong><\/p>\n<p>Las pilas del teclado ofrecen una duraci\u00f3n hasta de 36 meses y las del rat\u00f3n hasta 12 meses, y mientras tanto viva sin preocupaciones de cambios de pilas. (Duraci\u00f3n de pilas dependera del uso y del ordenador).<\/p>\n<p><strong>ESPECIFICACIONES T\u00c9CNICAS<\/strong><\/p>\n<ul>\n<li>Dimensiones teclado: 34 x 15 x 1.6 cm<\/li>\n<li>Peso: 249 g<\/li>\n<li>Dimensiones mouse: 6 x 10 x 4 cm<\/li>\n<li>Peso: 50 g<\/li>\n<li>Receptor compatible con Unifying: Si<\/li>\n<li>Conexi\u00f3n: Inal\u00e1mbrica 2.4 GHz<\/li>\n<li>Bater\u00eda teclado: Pila AAA<\/li>\n<li>Rango de alcance teclado y mouse: Hasta 10 m<\/li>\n<li>Sistemas operativos compatibles: Windows Vista; Windows XP; Windows 7; Windows 8; Windows 10<\/li>\n<li>Interfaz: Receptor USB<\/li>\n<li>Tipo de mouse: \u00d3ptico inal\u00e1mbrico<\/li>\n<li>Bater\u00eda mouse: Pila AA<\/li>\n<li>Color: Negro<\/li>\n<li>Contenido del paquete: Teclado &#8211; Mouse &#8211; Nano receptor &#8211; 2 pilas AAA (teclado) &#8211; 1 pila AA (Mouse) &#8211; Documentaci\u00f3n.<\/li>\n<\/ul>\n<\/td>\n<\/tr>\n<\/tbody>\n<\/table>\n","protected":false},"excerpt":{"rendered":"<p># DE PARTE: 920-004432<\/p>\n","protected":false},"featured_media":3643,"template":"","meta":{"site-sidebar-layout":"default","site-content-layout":"default","ast-site-content-layout":"default","site-content-style":"default","site-sidebar-style":"default","ast-global-header-display":"","ast-banner-title-visibility":"","ast-main-header-display":"","ast-hfb-above-header-display":"","ast-hfb-below-header-display":"","ast-hfb-mobile-header-display":"","site-post-title":"","ast-breadcrumbs-content":"","ast-featured-img":"","footer-sml-layout":"","ast-disable-related-posts":"","theme-transparent-header-meta":"default","adv-header-id-meta":"","stick-header-meta":"","header-above-stick-meta":"","header-main-stick-meta":"","header-below-stick-meta":"","astra-migrate-meta-layouts":"default","ast-page-background-enabled":"default","ast-page-background-meta":{"desktop":{"background-color":"var(--ast-global-color-4)","background-image":"","background-repeat":"repeat","background-position":"center center","background-size":"auto","background-attachment":"scroll","background-type":"","background-media":"","overlay-type":"","overlay-color":"","overlay-opacity":"","overlay-gradient":""},"tablet":{"background-color":"","background-image":"","background-repeat":"repeat","background-position":"center center","background-size":"auto","background-attachment":"scroll","background-type":"","background-media":"","overlay-type":"","overlay-color":"","overlay-opacity":"","overlay-gradient":""},"mobile":{"background-color":"","background-image":"","background-repeat":"repeat","background-position":"center center","background-size":"auto","background-attachment":"scroll","background-type":"","background-media":"","overlay-type":"","overlay-color":"","overlay-opacity":"","overlay-gradient":""}},"ast-content-background-meta":{"desktop":{"background-color":"var(--ast-global-color-5)","background-image":"","background-repeat":"repeat","background-position":"center center","background-size":"auto","background-attachment":"scroll","background-type":"","background-media":"","overlay-type":"","overlay-color":"","overlay-opacity":"","overlay-gradient":""},"tablet":{"background-color":"var(--ast-global-color-5)","background-image":"","background-repeat":"repeat","background-position":"center center","background-size":"auto","background-attachment":"scroll","background-type":"","background-media":"","overlay-type":"","overlay-color":"","overlay-opacity":"","overlay-gradient":""},"mobile":{"background-color":"var(--ast-global-color-5)","background-image":"","background-repeat":"repeat","background-position":"center center","background-size":"auto","background-attachment":"scroll","background-type":"","background-media":"","overlay-type":"","overlay-color":"","overlay-opacity":"","overlay-gradient":""}}},"product_brand":[],"product_cat":[49,81],"product_tag":[46],"class_list":{"0":"post-1306","1":"product","2":"type-product","3":"status-publish","4":"has-post-thumbnail","6":"product_cat-accesorios","7":"product_cat-combos-de-teclado-y-mouse","8":"product_tag-logitech","9":"desktop-align-left","10":"tablet-align-left","11":"mobile-align-left","13":"first","14":"instock","15":"taxable","16":"shipping-taxable","17":"product-type-simple"},"yoast_head":"<!-- This site is optimized with the Yoast SEO plugin v27.4 - https:\/\/yoast.com\/product\/yoast-seo-wordpress\/ -->\n<title>Combo Logitech Wireless Teclado-Mouse Mk270 - Negro - IntegralPro<\/title>\n<meta name=\"robots\" content=\"index, follow, max-snippet:-1, max-image-preview:large, max-video-preview:-1\" \/>\n<link rel=\"canonical\" href=\"https:\/\/www.integralpro.com.co\/index.php\/producto\/combo-logitech-wireless-teclado-mouse-mk270-negro\/\" \/>\n<meta property=\"og:locale\" content=\"es_ES\" \/>\n<meta property=\"og:type\" content=\"article\" \/>\n<meta property=\"og:title\" content=\"Combo Logitech Wireless Teclado-Mouse Mk270 - Negro - IntegralPro\" \/>\n<meta property=\"og:description\" content=\"# DE PARTE: 920-004432\" \/>\n<meta property=\"og:url\" content=\"https:\/\/www.integralpro.com.co\/index.php\/producto\/combo-logitech-wireless-teclado-mouse-mk270-negro\/\" \/>\n<meta property=\"og:site_name\" content=\"IntegralPro\" \/>\n<meta property=\"article:modified_time\" content=\"2021-02-23T19:40:34+00:00\" \/>\n<meta property=\"og:image\" content=\"https:\/\/www.integralpro.com.co\/wp-content\/uploads\/2021\/02\/Combo-Logitech-Wireless-Teclado-Mouse-Mk270-Negro.jpg\" \/>\n\t<meta property=\"og:image:width\" content=\"1200\" \/>\n\t<meta property=\"og:image:height\" content=\"1400\" \/>\n\t<meta property=\"og:image:type\" content=\"image\/jpeg\" \/>\n<meta name=\"twitter:card\" content=\"summary_large_image\" \/>\n<meta name=\"twitter:label1\" content=\"Tiempo de lectura\" \/>\n\t<meta name=\"twitter:data1\" content=\"1 minuto\" \/>\n<script type=\"application\/ld+json\" class=\"yoast-schema-graph\">{\"@context\":\"https:\\\/\\\/schema.org\",\"@graph\":[{\"@type\":\"WebPage\",\"@id\":\"https:\\\/\\\/www.integralpro.com.co\\\/index.php\\\/producto\\\/combo-logitech-wireless-teclado-mouse-mk270-negro\\\/\",\"url\":\"https:\\\/\\\/www.integralpro.com.co\\\/index.php\\\/producto\\\/combo-logitech-wireless-teclado-mouse-mk270-negro\\\/\",\"name\":\"Combo Logitech Wireless Teclado-Mouse Mk270 - Negro - IntegralPro\",\"isPartOf\":{\"@id\":\"https:\\\/\\\/www.integralpro.com.co\\\/#website\"},\"primaryImageOfPage\":{\"@id\":\"https:\\\/\\\/www.integralpro.com.co\\\/index.php\\\/producto\\\/combo-logitech-wireless-teclado-mouse-mk270-negro\\\/#primaryimage\"},\"image\":{\"@id\":\"https:\\\/\\\/www.integralpro.com.co\\\/index.php\\\/producto\\\/combo-logitech-wireless-teclado-mouse-mk270-negro\\\/#primaryimage\"},\"thumbnailUrl\":\"https:\\\/\\\/www.integralpro.com.co\\\/wp-content\\\/uploads\\\/2021\\\/02\\\/Combo-Logitech-Wireless-Teclado-Mouse-Mk270-Negro.jpg\",\"datePublished\":\"2021-02-19T19:47:07+00:00\",\"dateModified\":\"2021-02-23T19:40:34+00:00\",\"breadcrumb\":{\"@id\":\"https:\\\/\\\/www.integralpro.com.co\\\/index.php\\\/producto\\\/combo-logitech-wireless-teclado-mouse-mk270-negro\\\/#breadcrumb\"},\"inLanguage\":\"es\",\"potentialAction\":[{\"@type\":\"ReadAction\",\"target\":[\"https:\\\/\\\/www.integralpro.com.co\\\/index.php\\\/producto\\\/combo-logitech-wireless-teclado-mouse-mk270-negro\\\/\"]}]},{\"@type\":\"ImageObject\",\"inLanguage\":\"es\",\"@id\":\"https:\\\/\\\/www.integralpro.com.co\\\/index.php\\\/producto\\\/combo-logitech-wireless-teclado-mouse-mk270-negro\\\/#primaryimage\",\"url\":\"https:\\\/\\\/www.integralpro.com.co\\\/wp-content\\\/uploads\\\/2021\\\/02\\\/Combo-Logitech-Wireless-Teclado-Mouse-Mk270-Negro.jpg\",\"contentUrl\":\"https:\\\/\\\/www.integralpro.com.co\\\/wp-content\\\/uploads\\\/2021\\\/02\\\/Combo-Logitech-Wireless-Teclado-Mouse-Mk270-Negro.jpg\",\"width\":1200,\"height\":1400},{\"@type\":\"BreadcrumbList\",\"@id\":\"https:\\\/\\\/www.integralpro.com.co\\\/index.php\\\/producto\\\/combo-logitech-wireless-teclado-mouse-mk270-negro\\\/#breadcrumb\",\"itemListElement\":[{\"@type\":\"ListItem\",\"position\":1,\"name\":\"Portada\",\"item\":\"https:\\\/\\\/www.integralpro.com.co\\\/\"},{\"@type\":\"ListItem\",\"position\":2,\"name\":\"Tienda\",\"item\":\"https:\\\/\\\/www.integralpro.com.co\\\/index.php\\\/tienda\\\/\"},{\"@type\":\"ListItem\",\"position\":3,\"name\":\"Combo Logitech Wireless Teclado-Mouse Mk270 &#8211; Negro\"}]},{\"@type\":\"WebSite\",\"@id\":\"https:\\\/\\\/www.integralpro.com.co\\\/#website\",\"url\":\"https:\\\/\\\/www.integralpro.com.co\\\/\",\"name\":\"IntegralPro\",\"description\":\"Tienda de Tecnolog\u00eda en L\u00ednea\",\"publisher\":{\"@id\":\"https:\\\/\\\/www.integralpro.com.co\\\/#organization\"},\"potentialAction\":[{\"@type\":\"SearchAction\",\"target\":{\"@type\":\"EntryPoint\",\"urlTemplate\":\"https:\\\/\\\/www.integralpro.com.co\\\/?s={search_term_string}\"},\"query-input\":{\"@type\":\"PropertyValueSpecification\",\"valueRequired\":true,\"valueName\":\"search_term_string\"}}],\"inLanguage\":\"es\"},{\"@type\":\"Organization\",\"@id\":\"https:\\\/\\\/www.integralpro.com.co\\\/#organization\",\"name\":\"IntegralPro SAS\",\"url\":\"https:\\\/\\\/www.integralpro.com.co\\\/\",\"logo\":{\"@type\":\"ImageObject\",\"inLanguage\":\"es\",\"@id\":\"https:\\\/\\\/www.integralpro.com.co\\\/#\\\/schema\\\/logo\\\/image\\\/\",\"url\":\"https:\\\/\\\/www.integralpro.com.co\\\/wp-content\\\/uploads\\\/2021\\\/02\\\/logo-def.jpg\",\"contentUrl\":\"https:\\\/\\\/www.integralpro.com.co\\\/wp-content\\\/uploads\\\/2021\\\/02\\\/logo-def.jpg\",\"width\":238,\"height\":234,\"caption\":\"IntegralPro SAS\"},\"image\":{\"@id\":\"https:\\\/\\\/www.integralpro.com.co\\\/#\\\/schema\\\/logo\\\/image\\\/\"}}]}<\/script>\n<!-- \/ Yoast SEO plugin. -->","yoast_head_json":{"title":"Combo Logitech Wireless Teclado-Mouse Mk270 - Negro - IntegralPro","robots":{"index":"index","follow":"follow","max-snippet":"max-snippet:-1","max-image-preview":"max-image-preview:large","max-video-preview":"max-video-preview:-1"},"canonical":"https:\/\/www.integralpro.com.co\/index.php\/producto\/combo-logitech-wireless-teclado-mouse-mk270-negro\/","og_locale":"es_ES","og_type":"article","og_title":"Combo Logitech Wireless Teclado-Mouse Mk270 - Negro - IntegralPro","og_description":"# DE PARTE: 920-004432","og_url":"https:\/\/www.integralpro.com.co\/index.php\/producto\/combo-logitech-wireless-teclado-mouse-mk270-negro\/","og_site_name":"IntegralPro","article_modified_time":"2021-02-23T19:40:34+00:00","og_image":[{"width":1200,"height":1400,"url":"https:\/\/www.integralpro.com.co\/wp-content\/uploads\/2021\/02\/Combo-Logitech-Wireless-Teclado-Mouse-Mk270-Negro.jpg","type":"image\/jpeg"}],"twitter_card":"summary_large_image","twitter_misc":{"Tiempo de lectura":"1 minuto"},"schema":{"@context":"https:\/\/schema.org","@graph":[{"@type":"WebPage","@id":"https:\/\/www.integralpro.com.co\/index.php\/producto\/combo-logitech-wireless-teclado-mouse-mk270-negro\/","url":"https:\/\/www.integralpro.com.co\/index.php\/producto\/combo-logitech-wireless-teclado-mouse-mk270-negro\/","name":"Combo Logitech Wireless Teclado-Mouse Mk270 - Negro - IntegralPro","isPartOf":{"@id":"https:\/\/www.integralpro.com.co\/#website"},"primaryImageOfPage":{"@id":"https:\/\/www.integralpro.com.co\/index.php\/producto\/combo-logitech-wireless-teclado-mouse-mk270-negro\/#primaryimage"},"image":{"@id":"https:\/\/www.integralpro.com.co\/index.php\/producto\/combo-logitech-wireless-teclado-mouse-mk270-negro\/#primaryimage"},"thumbnailUrl":"https:\/\/www.integralpro.com.co\/wp-content\/uploads\/2021\/02\/Combo-Logitech-Wireless-Teclado-Mouse-Mk270-Negro.jpg","datePublished":"2021-02-19T19:47:07+00:00","dateModified":"2021-02-23T19:40:34+00:00","breadcrumb":{"@id":"https:\/\/www.integralpro.com.co\/index.php\/producto\/combo-logitech-wireless-teclado-mouse-mk270-negro\/#breadcrumb"},"inLanguage":"es","potentialAction":[{"@type":"ReadAction","target":["https:\/\/www.integralpro.com.co\/index.php\/producto\/combo-logitech-wireless-teclado-mouse-mk270-negro\/"]}]},{"@type":"ImageObject","inLanguage":"es","@id":"https:\/\/www.integralpro.com.co\/index.php\/producto\/combo-logitech-wireless-teclado-mouse-mk270-negro\/#primaryimage","url":"https:\/\/www.integralpro.com.co\/wp-content\/uploads\/2021\/02\/Combo-Logitech-Wireless-Teclado-Mouse-Mk270-Negro.jpg","contentUrl":"https:\/\/www.integralpro.com.co\/wp-content\/uploads\/2021\/02\/Combo-Logitech-Wireless-Teclado-Mouse-Mk270-Negro.jpg","width":1200,"height":1400},{"@type":"BreadcrumbList","@id":"https:\/\/www.integralpro.com.co\/index.php\/producto\/combo-logitech-wireless-teclado-mouse-mk270-negro\/#breadcrumb","itemListElement":[{"@type":"ListItem","position":1,"name":"Portada","item":"https:\/\/www.integralpro.com.co\/"},{"@type":"ListItem","position":2,"name":"Tienda","item":"https:\/\/www.integralpro.com.co\/index.php\/tienda\/"},{"@type":"ListItem","position":3,"name":"Combo Logitech Wireless Teclado-Mouse Mk270 &#8211; Negro"}]},{"@type":"WebSite","@id":"https:\/\/www.integralpro.com.co\/#website","url":"https:\/\/www.integralpro.com.co\/","name":"IntegralPro","description":"Tienda de Tecnolog\u00eda en L\u00ednea","publisher":{"@id":"https:\/\/www.integralpro.com.co\/#organization"},"potentialAction":[{"@type":"SearchAction","target":{"@type":"EntryPoint","urlTemplate":"https:\/\/www.integralpro.com.co\/?s={search_term_string}"},"query-input":{"@type":"PropertyValueSpecification","valueRequired":true,"valueName":"search_term_string"}}],"inLanguage":"es"},{"@type":"Organization","@id":"https:\/\/www.integralpro.com.co\/#organization","name":"IntegralPro SAS","url":"https:\/\/www.integralpro.com.co\/","logo":{"@type":"ImageObject","inLanguage":"es","@id":"https:\/\/www.integralpro.com.co\/#\/schema\/logo\/image\/","url":"https:\/\/www.integralpro.com.co\/wp-content\/uploads\/2021\/02\/logo-def.jpg","contentUrl":"https:\/\/www.integralpro.com.co\/wp-content\/uploads\/2021\/02\/logo-def.jpg","width":238,"height":234,"caption":"IntegralPro SAS"},"image":{"@id":"https:\/\/www.integralpro.com.co\/#\/schema\/logo\/image\/"}}]}},"_links":{"self":[{"href":"https:\/\/www.integralpro.com.co\/index.php\/wp-json\/wp\/v2\/product\/1306","targetHints":{"allow":["GET"]}}],"collection":[{"href":"https:\/\/www.integralpro.com.co\/index.php\/wp-json\/wp\/v2\/product"}],"about":[{"href":"https:\/\/www.integralpro.com.co\/index.php\/wp-json\/wp\/v2\/types\/product"}],"version-history":[{"count":2,"href":"https:\/\/www.integralpro.com.co\/index.php\/wp-json\/wp\/v2\/product\/1306\/revisions"}],"predecessor-version":[{"id":3644,"href":"https:\/\/www.integralpro.com.co\/index.php\/wp-json\/wp\/v2\/product\/1306\/revisions\/3644"}],"wp:featuredmedia":[{"embeddable":true,"href":"https:\/\/www.integralpro.com.co\/index.php\/wp-json\/wp\/v2\/media\/3643"}],"wp:attachment":[{"href":"https:\/\/www.integralpro.com.co\/index.php\/wp-json\/wp\/v2\/media?parent=1306"}],"wp:term":[{"taxonomy":"product_brand","embeddable":true,"href":"https:\/\/www.integralpro.com.co\/index.php\/wp-json\/wp\/v2\/product_brand?post=1306"},{"taxonomy":"product_cat","embeddable":true,"href":"https:\/\/www.integralpro.com.co\/index.php\/wp-json\/wp\/v2\/product_cat?post=1306"},{"taxonomy":"product_tag","embeddable":true,"href":"https:\/\/www.integralpro.com.co\/index.php\/wp-json\/wp\/v2\/product_tag?post=1306"}],"curies":[{"name":"wp","href":"https:\/\/api.w.org\/{rel}","templated":true}]}}