{"id":1249,"date":"2021-02-19T14:46:44","date_gmt":"2021-02-19T19:46:44","guid":{"rendered":"https:\/\/www.integralpro.com.co\/index.php\/producto\/import-placeholder-for-872\/"},"modified":"2021-02-23T14:27:50","modified_gmt":"2021-02-23T19:27:50","slug":"camara-webcam-logitech-c930e-zoom-hd-digital","status":"publish","type":"product","link":"https:\/\/www.integralpro.com.co\/index.php\/producto\/camara-webcam-logitech-c930e-zoom-hd-digital\/","title":{"rendered":"Camara Webcam Logitech C930E Zoom Hd Digital"},"content":{"rendered":"<p style=\"text-align: justify;\">Disfruta de videoconferencias que son lo m\u00e1s parecido a la comunicaci\u00f3n en persona. La sofisticada tecnolog\u00eda de Logitech C930e Webcam ofrece video y sonido n\u00edtidos pr\u00e1cticamente en cualquier entorno, incluso en condiciones de luz escasa. Con video de resoluci\u00f3n 1080p, compresi\u00f3n de video H.264 y un amplio campo visual de 90 grados, la c\u00e1mara C930e ofrece prestaciones avanzadas de c\u00e1mara Web para videoconferencias de calidad superior.<\/p>\n<p style=\"text-align: justify;\"><strong>Video estupendo en cualquier entorno<\/strong><\/p>\n<p style=\"text-align: justify;\">Muestra tu lado bueno en todas las videoconferencias, dondequiera que est\u00e9s. La c\u00e1mara Web C930e ofrece un campo visual de 90 grados, panor\u00e1mica, inclinaci\u00f3n y zoom digital 4x, lo que permite ajustar el encuadre para adaptarlo al entorno. La tecnolog\u00eda RightLight\u2122 2 y una lente de precisi\u00f3n proporcionan video n\u00edtido incluso en condiciones de luz escasa.<\/p>\n<p style=\"text-align: justify;\"><strong>Certificaci\u00f3n para negocios<\/strong><\/p>\n<p>La c\u00e1mara C930e cuenta con certificaci\u00f3n de compatibilidad con Skype for Business y Cisco Jabber\u2122, y ofrece integraci\u00f3n mejorada con BlueJeans, Broadsoft, LifeSize Cloud, Vidyo y Zoom.<br \/>\n<strong>Calidad alta, ancho de banda bajo<\/strong><\/p>\n<p>Eleva la productividad de las reuniones con video realmente n\u00edtido en todas las ocasiones, incluso cuando existen limitaciones de ancho de banda. Optimizada para Skype for Business, la c\u00e1mara Web C930e Webcam es compatible con H.264 con codificaci\u00f3n de video escalable y codificaci\u00f3n UVC 1.5 para minimizar tu dependencia de los recursos de computadora y de red. Campo visual ancho, Con un generoso campo visual de 90 grados, la c\u00e1mara C930e da cabida a equipos y pizarras holgadamente.<\/p>\n<p><strong>Especificaciones T\u00e9cnicas<\/strong><\/p>\n<p>Dimensiones: 9.4 x 2.9 x 2.4 cm<br \/>\nPeso: 0.16 Kg<br \/>\nCompatibilidad: Todas las aplicaciones UVC H.264 para Skype for Business<br \/>\nCertificaciones: Certificaci\u00f3n para Skype for Business, Optimizaci\u00f3n para Microsoft Lync, Certificaci\u00f3n para Skype, Compatibilidad con Cisco WebEx<br \/>\nVideoconferencias: Full HD 1080p (hasta 1920 x 1080 p\u00edxeles)<br \/>\nVideoconferencias HD: 720p (hasta 1280 x 720 p\u00edxeles) con los clientes admitidos<br \/>\nCompresi\u00f3n de video: H.264<br \/>\nCampo visual: 90\u00b0<br \/>\nZoom: 4x en 1080p<br \/>\nTecnolog\u00eda Rightlight\u0099 2 para nitidez en distintas condiciones de iluminaci\u00f3n, incluso con luz escasa<br \/>\nAplicaci\u00f3n Camera Settings opcional para controlar funciones de panor\u00e1mica, inclinaci\u00f3n y zoom<br \/>\nEnfoque autom\u00e1tico<br \/>\nTapa de obturador externa<br \/>\nDos micr\u00f3fonos omnidireccionales<br \/>\nCertificaci\u00f3n USB 2.0 de alta velocidad (compatible con USB 3.0)<br \/>\nClip universal compatible con tr\u00edpodes para monitores LCD, CRT o laptops<\/p>\n<p><strong>Contenido Del Paquete<\/strong><\/p>\n<p>C\u00e1mara Web &#8211; Clip extra\u00edble &#8211; Tapa de privacidad &#8211;\u00a0Documentaci\u00f3n<\/p>\n","protected":false},"excerpt":{"rendered":"<p># DE PARTE: 960-000971<\/p>\n","protected":false},"featured_media":3633,"template":"","meta":{"site-sidebar-layout":"default","site-content-layout":"default","ast-site-content-layout":"default","site-content-style":"default","site-sidebar-style":"default","ast-global-header-display":"","ast-banner-title-visibility":"","ast-main-header-display":"","ast-hfb-above-header-display":"","ast-hfb-below-header-display":"","ast-hfb-mobile-header-display":"","site-post-title":"","ast-breadcrumbs-content":"","ast-featured-img":"","footer-sml-layout":"","ast-disable-related-posts":"","theme-transparent-header-meta":"default","adv-header-id-meta":"","stick-header-meta":"","header-above-stick-meta":"","header-main-stick-meta":"","header-below-stick-meta":"","astra-migrate-meta-layouts":"default","ast-page-background-enabled":"default","ast-page-background-meta":{"desktop":{"background-color":"var(--ast-global-color-4)","background-image":"","background-repeat":"repeat","background-position":"center center","background-size":"auto","background-attachment":"scroll","background-type":"","background-media":"","overlay-type":"","overlay-color":"","overlay-opacity":"","overlay-gradient":""},"tablet":{"background-color":"","background-image":"","background-repeat":"repeat","background-position":"center center","background-size":"auto","background-attachment":"scroll","background-type":"","background-media":"","overlay-type":"","overlay-color":"","overlay-opacity":"","overlay-gradient":""},"mobile":{"background-color":"","background-image":"","background-repeat":"repeat","background-position":"center center","background-size":"auto","background-attachment":"scroll","background-type":"","background-media":"","overlay-type":"","overlay-color":"","overlay-opacity":"","overlay-gradient":""}},"ast-content-background-meta":{"desktop":{"background-color":"var(--ast-global-color-5)","background-image":"","background-repeat":"repeat","background-position":"center center","background-size":"auto","background-attachment":"scroll","background-type":"","background-media":"","overlay-type":"","overlay-color":"","overlay-opacity":"","overlay-gradient":""},"tablet":{"background-color":"var(--ast-global-color-5)","background-image":"","background-repeat":"repeat","background-position":"center center","background-size":"auto","background-attachment":"scroll","background-type":"","background-media":"","overlay-type":"","overlay-color":"","overlay-opacity":"","overlay-gradient":""},"mobile":{"background-color":"var(--ast-global-color-5)","background-image":"","background-repeat":"repeat","background-position":"center center","background-size":"auto","background-attachment":"scroll","background-type":"","background-media":"","overlay-type":"","overlay-color":"","overlay-opacity":"","overlay-gradient":""}}},"product_brand":[],"product_cat":[52,107],"product_tag":[46],"class_list":{"0":"post-1249","1":"product","2":"type-product","3":"status-publish","4":"has-post-thumbnail","6":"product_cat-camaras","7":"product_cat-camaras-web","8":"product_tag-logitech","9":"desktop-align-left","10":"tablet-align-left","11":"mobile-align-left","13":"first","14":"instock","15":"taxable","16":"shipping-taxable","17":"product-type-simple"},"yoast_head":"<!-- This site is optimized with the Yoast SEO plugin v27.3 - https:\/\/yoast.com\/product\/yoast-seo-wordpress\/ -->\n<title>Camara Webcam Logitech C930E Zoom Hd Digital - IntegralPro<\/title>\n<meta name=\"robots\" content=\"index, follow, max-snippet:-1, max-image-preview:large, max-video-preview:-1\" \/>\n<link rel=\"canonical\" href=\"https:\/\/www.integralpro.com.co\/index.php\/producto\/camara-webcam-logitech-c930e-zoom-hd-digital\/\" \/>\n<meta property=\"og:locale\" content=\"es_ES\" \/>\n<meta property=\"og:type\" content=\"article\" \/>\n<meta property=\"og:title\" content=\"Camara Webcam Logitech C930E Zoom Hd Digital - IntegralPro\" \/>\n<meta property=\"og:description\" content=\"# DE PARTE: 960-000971\" \/>\n<meta property=\"og:url\" content=\"https:\/\/www.integralpro.com.co\/index.php\/producto\/camara-webcam-logitech-c930e-zoom-hd-digital\/\" \/>\n<meta property=\"og:site_name\" content=\"IntegralPro\" \/>\n<meta property=\"article:modified_time\" content=\"2021-02-23T19:27:50+00:00\" \/>\n<meta property=\"og:image\" content=\"https:\/\/www.integralpro.com.co\/wp-content\/uploads\/2021\/02\/Camara-Webcam-Logitech-C930E-Zoom-Hd-Digital.jpg\" \/>\n\t<meta property=\"og:image:width\" content=\"1000\" \/>\n\t<meta property=\"og:image:height\" content=\"1000\" \/>\n\t<meta property=\"og:image:type\" content=\"image\/jpeg\" \/>\n<meta name=\"twitter:card\" content=\"summary_large_image\" \/>\n<meta name=\"twitter:label1\" content=\"Tiempo de lectura\" \/>\n\t<meta name=\"twitter:data1\" content=\"2 minutos\" \/>\n<script type=\"application\/ld+json\" class=\"yoast-schema-graph\">{\"@context\":\"https:\\\/\\\/schema.org\",\"@graph\":[{\"@type\":\"WebPage\",\"@id\":\"https:\\\/\\\/www.integralpro.com.co\\\/index.php\\\/producto\\\/camara-webcam-logitech-c930e-zoom-hd-digital\\\/\",\"url\":\"https:\\\/\\\/www.integralpro.com.co\\\/index.php\\\/producto\\\/camara-webcam-logitech-c930e-zoom-hd-digital\\\/\",\"name\":\"Camara Webcam Logitech C930E Zoom Hd Digital - IntegralPro\",\"isPartOf\":{\"@id\":\"https:\\\/\\\/www.integralpro.com.co\\\/#website\"},\"primaryImageOfPage\":{\"@id\":\"https:\\\/\\\/www.integralpro.com.co\\\/index.php\\\/producto\\\/camara-webcam-logitech-c930e-zoom-hd-digital\\\/#primaryimage\"},\"image\":{\"@id\":\"https:\\\/\\\/www.integralpro.com.co\\\/index.php\\\/producto\\\/camara-webcam-logitech-c930e-zoom-hd-digital\\\/#primaryimage\"},\"thumbnailUrl\":\"https:\\\/\\\/www.integralpro.com.co\\\/wp-content\\\/uploads\\\/2021\\\/02\\\/Camara-Webcam-Logitech-C930E-Zoom-Hd-Digital.jpg\",\"datePublished\":\"2021-02-19T19:46:44+00:00\",\"dateModified\":\"2021-02-23T19:27:50+00:00\",\"breadcrumb\":{\"@id\":\"https:\\\/\\\/www.integralpro.com.co\\\/index.php\\\/producto\\\/camara-webcam-logitech-c930e-zoom-hd-digital\\\/#breadcrumb\"},\"inLanguage\":\"es\",\"potentialAction\":[{\"@type\":\"ReadAction\",\"target\":[\"https:\\\/\\\/www.integralpro.com.co\\\/index.php\\\/producto\\\/camara-webcam-logitech-c930e-zoom-hd-digital\\\/\"]}]},{\"@type\":\"ImageObject\",\"inLanguage\":\"es\",\"@id\":\"https:\\\/\\\/www.integralpro.com.co\\\/index.php\\\/producto\\\/camara-webcam-logitech-c930e-zoom-hd-digital\\\/#primaryimage\",\"url\":\"https:\\\/\\\/www.integralpro.com.co\\\/wp-content\\\/uploads\\\/2021\\\/02\\\/Camara-Webcam-Logitech-C930E-Zoom-Hd-Digital.jpg\",\"contentUrl\":\"https:\\\/\\\/www.integralpro.com.co\\\/wp-content\\\/uploads\\\/2021\\\/02\\\/Camara-Webcam-Logitech-C930E-Zoom-Hd-Digital.jpg\",\"width\":1000,\"height\":1000},{\"@type\":\"BreadcrumbList\",\"@id\":\"https:\\\/\\\/www.integralpro.com.co\\\/index.php\\\/producto\\\/camara-webcam-logitech-c930e-zoom-hd-digital\\\/#breadcrumb\",\"itemListElement\":[{\"@type\":\"ListItem\",\"position\":1,\"name\":\"Portada\",\"item\":\"https:\\\/\\\/www.integralpro.com.co\\\/\"},{\"@type\":\"ListItem\",\"position\":2,\"name\":\"Tienda\",\"item\":\"https:\\\/\\\/www.integralpro.com.co\\\/index.php\\\/tienda\\\/\"},{\"@type\":\"ListItem\",\"position\":3,\"name\":\"Camara Webcam Logitech C930E Zoom Hd Digital\"}]},{\"@type\":\"WebSite\",\"@id\":\"https:\\\/\\\/www.integralpro.com.co\\\/#website\",\"url\":\"https:\\\/\\\/www.integralpro.com.co\\\/\",\"name\":\"IntegralPro\",\"description\":\"Tienda de Tecnolog\u00eda en L\u00ednea\",\"publisher\":{\"@id\":\"https:\\\/\\\/www.integralpro.com.co\\\/#organization\"},\"potentialAction\":[{\"@type\":\"SearchAction\",\"target\":{\"@type\":\"EntryPoint\",\"urlTemplate\":\"https:\\\/\\\/www.integralpro.com.co\\\/?s={search_term_string}\"},\"query-input\":{\"@type\":\"PropertyValueSpecification\",\"valueRequired\":true,\"valueName\":\"search_term_string\"}}],\"inLanguage\":\"es\"},{\"@type\":\"Organization\",\"@id\":\"https:\\\/\\\/www.integralpro.com.co\\\/#organization\",\"name\":\"IntegralPro SAS\",\"url\":\"https:\\\/\\\/www.integralpro.com.co\\\/\",\"logo\":{\"@type\":\"ImageObject\",\"inLanguage\":\"es\",\"@id\":\"https:\\\/\\\/www.integralpro.com.co\\\/#\\\/schema\\\/logo\\\/image\\\/\",\"url\":\"https:\\\/\\\/www.integralpro.com.co\\\/wp-content\\\/uploads\\\/2021\\\/02\\\/logo-def.jpg\",\"contentUrl\":\"https:\\\/\\\/www.integralpro.com.co\\\/wp-content\\\/uploads\\\/2021\\\/02\\\/logo-def.jpg\",\"width\":238,\"height\":234,\"caption\":\"IntegralPro SAS\"},\"image\":{\"@id\":\"https:\\\/\\\/www.integralpro.com.co\\\/#\\\/schema\\\/logo\\\/image\\\/\"}}]}<\/script>\n<!-- \/ Yoast SEO plugin. -->","yoast_head_json":{"title":"Camara Webcam Logitech C930E Zoom Hd Digital - IntegralPro","robots":{"index":"index","follow":"follow","max-snippet":"max-snippet:-1","max-image-preview":"max-image-preview:large","max-video-preview":"max-video-preview:-1"},"canonical":"https:\/\/www.integralpro.com.co\/index.php\/producto\/camara-webcam-logitech-c930e-zoom-hd-digital\/","og_locale":"es_ES","og_type":"article","og_title":"Camara Webcam Logitech C930E Zoom Hd Digital - IntegralPro","og_description":"# DE PARTE: 960-000971","og_url":"https:\/\/www.integralpro.com.co\/index.php\/producto\/camara-webcam-logitech-c930e-zoom-hd-digital\/","og_site_name":"IntegralPro","article_modified_time":"2021-02-23T19:27:50+00:00","og_image":[{"width":1000,"height":1000,"url":"https:\/\/www.integralpro.com.co\/wp-content\/uploads\/2021\/02\/Camara-Webcam-Logitech-C930E-Zoom-Hd-Digital.jpg","type":"image\/jpeg"}],"twitter_card":"summary_large_image","twitter_misc":{"Tiempo de lectura":"2 minutos"},"schema":{"@context":"https:\/\/schema.org","@graph":[{"@type":"WebPage","@id":"https:\/\/www.integralpro.com.co\/index.php\/producto\/camara-webcam-logitech-c930e-zoom-hd-digital\/","url":"https:\/\/www.integralpro.com.co\/index.php\/producto\/camara-webcam-logitech-c930e-zoom-hd-digital\/","name":"Camara Webcam Logitech C930E Zoom Hd Digital - IntegralPro","isPartOf":{"@id":"https:\/\/www.integralpro.com.co\/#website"},"primaryImageOfPage":{"@id":"https:\/\/www.integralpro.com.co\/index.php\/producto\/camara-webcam-logitech-c930e-zoom-hd-digital\/#primaryimage"},"image":{"@id":"https:\/\/www.integralpro.com.co\/index.php\/producto\/camara-webcam-logitech-c930e-zoom-hd-digital\/#primaryimage"},"thumbnailUrl":"https:\/\/www.integralpro.com.co\/wp-content\/uploads\/2021\/02\/Camara-Webcam-Logitech-C930E-Zoom-Hd-Digital.jpg","datePublished":"2021-02-19T19:46:44+00:00","dateModified":"2021-02-23T19:27:50+00:00","breadcrumb":{"@id":"https:\/\/www.integralpro.com.co\/index.php\/producto\/camara-webcam-logitech-c930e-zoom-hd-digital\/#breadcrumb"},"inLanguage":"es","potentialAction":[{"@type":"ReadAction","target":["https:\/\/www.integralpro.com.co\/index.php\/producto\/camara-webcam-logitech-c930e-zoom-hd-digital\/"]}]},{"@type":"ImageObject","inLanguage":"es","@id":"https:\/\/www.integralpro.com.co\/index.php\/producto\/camara-webcam-logitech-c930e-zoom-hd-digital\/#primaryimage","url":"https:\/\/www.integralpro.com.co\/wp-content\/uploads\/2021\/02\/Camara-Webcam-Logitech-C930E-Zoom-Hd-Digital.jpg","contentUrl":"https:\/\/www.integralpro.com.co\/wp-content\/uploads\/2021\/02\/Camara-Webcam-Logitech-C930E-Zoom-Hd-Digital.jpg","width":1000,"height":1000},{"@type":"BreadcrumbList","@id":"https:\/\/www.integralpro.com.co\/index.php\/producto\/camara-webcam-logitech-c930e-zoom-hd-digital\/#breadcrumb","itemListElement":[{"@type":"ListItem","position":1,"name":"Portada","item":"https:\/\/www.integralpro.com.co\/"},{"@type":"ListItem","position":2,"name":"Tienda","item":"https:\/\/www.integralpro.com.co\/index.php\/tienda\/"},{"@type":"ListItem","position":3,"name":"Camara Webcam Logitech C930E Zoom Hd Digital"}]},{"@type":"WebSite","@id":"https:\/\/www.integralpro.com.co\/#website","url":"https:\/\/www.integralpro.com.co\/","name":"IntegralPro","description":"Tienda de Tecnolog\u00eda en L\u00ednea","publisher":{"@id":"https:\/\/www.integralpro.com.co\/#organization"},"potentialAction":[{"@type":"SearchAction","target":{"@type":"EntryPoint","urlTemplate":"https:\/\/www.integralpro.com.co\/?s={search_term_string}"},"query-input":{"@type":"PropertyValueSpecification","valueRequired":true,"valueName":"search_term_string"}}],"inLanguage":"es"},{"@type":"Organization","@id":"https:\/\/www.integralpro.com.co\/#organization","name":"IntegralPro SAS","url":"https:\/\/www.integralpro.com.co\/","logo":{"@type":"ImageObject","inLanguage":"es","@id":"https:\/\/www.integralpro.com.co\/#\/schema\/logo\/image\/","url":"https:\/\/www.integralpro.com.co\/wp-content\/uploads\/2021\/02\/logo-def.jpg","contentUrl":"https:\/\/www.integralpro.com.co\/wp-content\/uploads\/2021\/02\/logo-def.jpg","width":238,"height":234,"caption":"IntegralPro SAS"},"image":{"@id":"https:\/\/www.integralpro.com.co\/#\/schema\/logo\/image\/"}}]}},"_links":{"self":[{"href":"https:\/\/www.integralpro.com.co\/index.php\/wp-json\/wp\/v2\/product\/1249","targetHints":{"allow":["GET"]}}],"collection":[{"href":"https:\/\/www.integralpro.com.co\/index.php\/wp-json\/wp\/v2\/product"}],"about":[{"href":"https:\/\/www.integralpro.com.co\/index.php\/wp-json\/wp\/v2\/types\/product"}],"version-history":[{"count":2,"href":"https:\/\/www.integralpro.com.co\/index.php\/wp-json\/wp\/v2\/product\/1249\/revisions"}],"predecessor-version":[{"id":3634,"href":"https:\/\/www.integralpro.com.co\/index.php\/wp-json\/wp\/v2\/product\/1249\/revisions\/3634"}],"wp:featuredmedia":[{"embeddable":true,"href":"https:\/\/www.integralpro.com.co\/index.php\/wp-json\/wp\/v2\/media\/3633"}],"wp:attachment":[{"href":"https:\/\/www.integralpro.com.co\/index.php\/wp-json\/wp\/v2\/media?parent=1249"}],"wp:term":[{"taxonomy":"product_brand","embeddable":true,"href":"https:\/\/www.integralpro.com.co\/index.php\/wp-json\/wp\/v2\/product_brand?post=1249"},{"taxonomy":"product_cat","embeddable":true,"href":"https:\/\/www.integralpro.com.co\/index.php\/wp-json\/wp\/v2\/product_cat?post=1249"},{"taxonomy":"product_tag","embeddable":true,"href":"https:\/\/www.integralpro.com.co\/index.php\/wp-json\/wp\/v2\/product_tag?post=1249"}],"curies":[{"name":"wp","href":"https:\/\/api.w.org\/{rel}","templated":true}]}}