{"id":1248,"date":"2021-02-19T14:46:44","date_gmt":"2021-02-19T19:46:44","guid":{"rendered":"https:\/\/www.integralpro.com.co\/index.php\/producto\/import-placeholder-for-871\/"},"modified":"2021-02-23T14:25:57","modified_gmt":"2021-02-23T19:25:57","slug":"camara-videoconferencia-logitech-meetup-960-001201","status":"publish","type":"product","link":"https:\/\/www.integralpro.com.co\/index.php\/producto\/camara-videoconferencia-logitech-meetup-960-001201\/","title":{"rendered":"Camara Videoconferencia Logitech Meetup 960-001201"},"content":{"rendered":"<p>Logitech MeetUp: una ConferenceCam premier dise\u00f1ada para peque\u00f1as salas de conferencias y salas de reuniones.<br \/>\nLogitech\u00ae MeetUp es una ConferenceCam premier dise\u00f1ada para peque\u00f1as salas de conferencia y salas de reuniones. Con una captura de la sala, campo de visi\u00f3n de 120 \u00b0 superwide, MeetUp hace que cada asiento en la mesa sea claramente visible. La inclinaci\u00f3n \/ inclinaci\u00f3n motorizada ampl\u00eda a\u00fan m\u00e1s el campo de visi\u00f3n: hasta 175 \u00b0. Una lente de baja distorsi\u00f3n dise\u00f1ada por Logitech, la \u00f3ptica Ultra HD 4K y tres preajustes de c\u00e1mara ofrecen una calidad de video notable y mejoran a\u00fan m\u00e1s la colaboraci\u00f3n cara a cara<\/p>\n<p>&nbsp;<\/p>\n<p><strong>Sonido<\/strong><\/p>\n<p>&nbsp;<\/p>\n<p>El audio integrado de MeetUp est\u00e1 optimizado para la ac\u00fastica de la sala de reuniones y ofrece una experiencia de sonido excepcional. Tres micr\u00f3fonos de formaci\u00f3n de haz orientados horizontalmente y un altavoz personalizado ayudan a asegurar que sus reuniones suenen tan bien como se ven. Los humanos han evolucionado para asociar las voces humanas con sus im\u00e1genes visibles. El audio de front-of-room de MeetUp brinda una experiencia auditiva intuitiva y coherente.<\/p>\n<p>&nbsp;<\/p>\n<p><strong>Dise\u00f1o<\/strong><\/p>\n<p>&nbsp;<\/p>\n<p>Con un dise\u00f1o compacto y todo en uno que minimiza el desorden de cables, MeetUp es un plugin y juego USB y simplemente funciona desde el primer momento con cualquier aplicaci\u00f3n de software de videoconferencia y servicio en la nube, incluidos los que ya usa.<\/p>\n<p>&nbsp;<\/p>\n<p><strong>Grandes caracter\u00edsticas<\/strong><\/p>\n<p>&nbsp;<\/p>\n<p>Super amplio campo de visi\u00f3n de 120 \u00b0<br \/>\nEl campo de visi\u00f3n m\u00e1s amplio de cualquier soluci\u00f3n de videoconferencia de Logitech permite ver a todos en la sala, incluso a los que se encuentran cerca de la c\u00e1mara o sentados en los bordes de la sala.<br \/>\nSensor de imagen Ultra HD 4K<br \/>\nAdmite m\u00faltiples resoluciones, incluyendo 4K (Ultra HD) 1 1080p (Full HD) y 720p (HD) para mejor compatibilidad con la calidad ofrecida por su aplicaci\u00f3n y monitor.<br \/>\n3 micr\u00f3fonos y altavoz personalizado<br \/>\nTres micr\u00f3fonos omnidireccionales con formaci\u00f3n de haces laterales con cancelaci\u00f3n de ruido y eco, m\u00e1s un altavoz personalizado, est\u00e1n espec\u00edficamente optimizados para salas de conferencias peque\u00f1as. Los micr\u00f3fonos est\u00e1n certificados por Microsoft\u00ae Cortana\u00ae para precisi\u00f3n con comandos de voz con cualquier sistema Windows\u00ae 10.<\/p>\n<p>&nbsp;<\/p>\n<p><strong>\u00d3ptica afilada<\/strong><\/p>\n<p>&nbsp;<\/p>\n<p>Mejore la colaboraci\u00f3n cara a cara con la mejor alternativa para estar f\u00edsicamente all\u00ed. La avanzada tecnolog\u00eda de lentes Logitech brinda una calidad de video notable con una excelente resoluci\u00f3n, velocidad, fluidez, equilibrio de color y detalles.<\/p>\n<p>&nbsp;<\/p>\n<p><strong>Especificaciones T\u00e9cnicas<\/strong><\/p>\n<p>&nbsp;<\/p>\n<p>Dimensiones c\u00e1mara: 400 x 104 x 85 mm<\/p>\n<p>Peso c\u00e1mara: 1.04Kg<\/p>\n<p>Dimensiones control remoto: 83 x 10 x 83 mm<\/p>\n<p>Peso control remoto: 72g<\/p>\n<p>Compatibilidad: Compatible con UVC \/ plug-and-play<br \/>\nRequerimientos del sistema: Windows 7, Windows 8.1, or Windows 10<br \/>\nMac OS X\u00ae 10.10 or higher<br \/>\nGoogle Chromebook Version 29.0.1547.70,<br \/>\nPlatform 4319.79.0 with:<br \/>\n2.4 GHz Intel Core 2 Duo processor<br \/>\n2 GB RAM or more<br \/>\nUSB 2.0 port (USB 3.0 required for 4K video)<\/p>\n<p>Certificaciones: Certificado para Skype para empresas, Cisco Jabber<br \/>\ncompatible3<br \/>\n, Windows, Mac, Microsoft Cortana<br \/>\ncertificado<\/p>\n<p>Color: Negro<\/p>\n<p>&nbsp;<\/p>\n<p><strong>Contenido Del Paquete<\/strong><\/p>\n<p>&nbsp;<\/p>\n<p>Unidad de c\u00e1mara y altoparlante MeetUp &#8211; Control remoto &#8211; Cable USB de 5 m<br \/>\n&#8211; Adaptador de corriente &#8211; Soporte y hardware de montaje en la pared &#8211; Documentaci\u00f3n<\/p>\n","protected":false},"excerpt":{"rendered":"<p># DE PARTE: 960-001201<\/p>\n","protected":false},"featured_media":3631,"template":"","meta":{"site-sidebar-layout":"default","site-content-layout":"default","ast-site-content-layout":"default","site-content-style":"default","site-sidebar-style":"default","ast-global-header-display":"","ast-banner-title-visibility":"","ast-main-header-display":"","ast-hfb-above-header-display":"","ast-hfb-below-header-display":"","ast-hfb-mobile-header-display":"","site-post-title":"","ast-breadcrumbs-content":"","ast-featured-img":"","footer-sml-layout":"","ast-disable-related-posts":"","theme-transparent-header-meta":"default","adv-header-id-meta":"","stick-header-meta":"","header-above-stick-meta":"","header-main-stick-meta":"","header-below-stick-meta":"","astra-migrate-meta-layouts":"default","ast-page-background-enabled":"default","ast-page-background-meta":{"desktop":{"background-color":"var(--ast-global-color-4)","background-image":"","background-repeat":"repeat","background-position":"center center","background-size":"auto","background-attachment":"scroll","background-type":"","background-media":"","overlay-type":"","overlay-color":"","overlay-opacity":"","overlay-gradient":""},"tablet":{"background-color":"","background-image":"","background-repeat":"repeat","background-position":"center center","background-size":"auto","background-attachment":"scroll","background-type":"","background-media":"","overlay-type":"","overlay-color":"","overlay-opacity":"","overlay-gradient":""},"mobile":{"background-color":"","background-image":"","background-repeat":"repeat","background-position":"center center","background-size":"auto","background-attachment":"scroll","background-type":"","background-media":"","overlay-type":"","overlay-color":"","overlay-opacity":"","overlay-gradient":""}},"ast-content-background-meta":{"desktop":{"background-color":"var(--ast-global-color-5)","background-image":"","background-repeat":"repeat","background-position":"center center","background-size":"auto","background-attachment":"scroll","background-type":"","background-media":"","overlay-type":"","overlay-color":"","overlay-opacity":"","overlay-gradient":""},"tablet":{"background-color":"var(--ast-global-color-5)","background-image":"","background-repeat":"repeat","background-position":"center center","background-size":"auto","background-attachment":"scroll","background-type":"","background-media":"","overlay-type":"","overlay-color":"","overlay-opacity":"","overlay-gradient":""},"mobile":{"background-color":"var(--ast-global-color-5)","background-image":"","background-repeat":"repeat","background-position":"center center","background-size":"auto","background-attachment":"scroll","background-type":"","background-media":"","overlay-type":"","overlay-color":"","overlay-opacity":"","overlay-gradient":""}}},"product_brand":[],"product_cat":[52,108],"product_tag":[46],"class_list":{"0":"post-1248","1":"product","2":"type-product","3":"status-publish","4":"has-post-thumbnail","6":"product_cat-camaras","7":"product_cat-camaras-videoconferencia","8":"product_tag-logitech","9":"desktop-align-left","10":"tablet-align-left","11":"mobile-align-left","13":"first","14":"instock","15":"taxable","16":"shipping-taxable","17":"product-type-simple"},"yoast_head":"<!-- This site is optimized with the Yoast SEO plugin v27.3 - https:\/\/yoast.com\/product\/yoast-seo-wordpress\/ -->\n<title>Camara Videoconferencia Logitech Meetup 960-001201 - IntegralPro<\/title>\n<meta name=\"robots\" content=\"index, follow, max-snippet:-1, max-image-preview:large, max-video-preview:-1\" \/>\n<link rel=\"canonical\" href=\"https:\/\/www.integralpro.com.co\/index.php\/producto\/camara-videoconferencia-logitech-meetup-960-001201\/\" \/>\n<meta property=\"og:locale\" content=\"es_ES\" \/>\n<meta property=\"og:type\" content=\"article\" \/>\n<meta property=\"og:title\" content=\"Camara Videoconferencia Logitech Meetup 960-001201 - IntegralPro\" \/>\n<meta property=\"og:description\" content=\"# DE PARTE: 960-001201\" \/>\n<meta property=\"og:url\" content=\"https:\/\/www.integralpro.com.co\/index.php\/producto\/camara-videoconferencia-logitech-meetup-960-001201\/\" \/>\n<meta property=\"og:site_name\" content=\"IntegralPro\" \/>\n<meta property=\"article:modified_time\" content=\"2021-02-23T19:25:57+00:00\" \/>\n<meta property=\"og:image\" content=\"https:\/\/www.integralpro.com.co\/wp-content\/uploads\/2021\/02\/Camara-Videoconferencia-Logitech-Meetup-960-001201.jpg\" \/>\n\t<meta property=\"og:image:width\" content=\"1300\" \/>\n\t<meta property=\"og:image:height\" content=\"1300\" \/>\n\t<meta property=\"og:image:type\" content=\"image\/jpeg\" \/>\n<meta name=\"twitter:card\" content=\"summary_large_image\" \/>\n<meta name=\"twitter:label1\" content=\"Tiempo de lectura\" \/>\n\t<meta name=\"twitter:data1\" content=\"3 minutos\" \/>\n<script type=\"application\/ld+json\" class=\"yoast-schema-graph\">{\"@context\":\"https:\\\/\\\/schema.org\",\"@graph\":[{\"@type\":\"WebPage\",\"@id\":\"https:\\\/\\\/www.integralpro.com.co\\\/index.php\\\/producto\\\/camara-videoconferencia-logitech-meetup-960-001201\\\/\",\"url\":\"https:\\\/\\\/www.integralpro.com.co\\\/index.php\\\/producto\\\/camara-videoconferencia-logitech-meetup-960-001201\\\/\",\"name\":\"Camara Videoconferencia Logitech Meetup 960-001201 - IntegralPro\",\"isPartOf\":{\"@id\":\"https:\\\/\\\/www.integralpro.com.co\\\/#website\"},\"primaryImageOfPage\":{\"@id\":\"https:\\\/\\\/www.integralpro.com.co\\\/index.php\\\/producto\\\/camara-videoconferencia-logitech-meetup-960-001201\\\/#primaryimage\"},\"image\":{\"@id\":\"https:\\\/\\\/www.integralpro.com.co\\\/index.php\\\/producto\\\/camara-videoconferencia-logitech-meetup-960-001201\\\/#primaryimage\"},\"thumbnailUrl\":\"https:\\\/\\\/www.integralpro.com.co\\\/wp-content\\\/uploads\\\/2021\\\/02\\\/Camara-Videoconferencia-Logitech-Meetup-960-001201.jpg\",\"datePublished\":\"2021-02-19T19:46:44+00:00\",\"dateModified\":\"2021-02-23T19:25:57+00:00\",\"breadcrumb\":{\"@id\":\"https:\\\/\\\/www.integralpro.com.co\\\/index.php\\\/producto\\\/camara-videoconferencia-logitech-meetup-960-001201\\\/#breadcrumb\"},\"inLanguage\":\"es\",\"potentialAction\":[{\"@type\":\"ReadAction\",\"target\":[\"https:\\\/\\\/www.integralpro.com.co\\\/index.php\\\/producto\\\/camara-videoconferencia-logitech-meetup-960-001201\\\/\"]}]},{\"@type\":\"ImageObject\",\"inLanguage\":\"es\",\"@id\":\"https:\\\/\\\/www.integralpro.com.co\\\/index.php\\\/producto\\\/camara-videoconferencia-logitech-meetup-960-001201\\\/#primaryimage\",\"url\":\"https:\\\/\\\/www.integralpro.com.co\\\/wp-content\\\/uploads\\\/2021\\\/02\\\/Camara-Videoconferencia-Logitech-Meetup-960-001201.jpg\",\"contentUrl\":\"https:\\\/\\\/www.integralpro.com.co\\\/wp-content\\\/uploads\\\/2021\\\/02\\\/Camara-Videoconferencia-Logitech-Meetup-960-001201.jpg\",\"width\":1300,\"height\":1300},{\"@type\":\"BreadcrumbList\",\"@id\":\"https:\\\/\\\/www.integralpro.com.co\\\/index.php\\\/producto\\\/camara-videoconferencia-logitech-meetup-960-001201\\\/#breadcrumb\",\"itemListElement\":[{\"@type\":\"ListItem\",\"position\":1,\"name\":\"Portada\",\"item\":\"https:\\\/\\\/www.integralpro.com.co\\\/\"},{\"@type\":\"ListItem\",\"position\":2,\"name\":\"Tienda\",\"item\":\"https:\\\/\\\/www.integralpro.com.co\\\/index.php\\\/tienda\\\/\"},{\"@type\":\"ListItem\",\"position\":3,\"name\":\"Camara Videoconferencia Logitech Meetup 960-001201\"}]},{\"@type\":\"WebSite\",\"@id\":\"https:\\\/\\\/www.integralpro.com.co\\\/#website\",\"url\":\"https:\\\/\\\/www.integralpro.com.co\\\/\",\"name\":\"IntegralPro\",\"description\":\"Tienda de Tecnolog\u00eda en L\u00ednea\",\"publisher\":{\"@id\":\"https:\\\/\\\/www.integralpro.com.co\\\/#organization\"},\"potentialAction\":[{\"@type\":\"SearchAction\",\"target\":{\"@type\":\"EntryPoint\",\"urlTemplate\":\"https:\\\/\\\/www.integralpro.com.co\\\/?s={search_term_string}\"},\"query-input\":{\"@type\":\"PropertyValueSpecification\",\"valueRequired\":true,\"valueName\":\"search_term_string\"}}],\"inLanguage\":\"es\"},{\"@type\":\"Organization\",\"@id\":\"https:\\\/\\\/www.integralpro.com.co\\\/#organization\",\"name\":\"IntegralPro SAS\",\"url\":\"https:\\\/\\\/www.integralpro.com.co\\\/\",\"logo\":{\"@type\":\"ImageObject\",\"inLanguage\":\"es\",\"@id\":\"https:\\\/\\\/www.integralpro.com.co\\\/#\\\/schema\\\/logo\\\/image\\\/\",\"url\":\"https:\\\/\\\/www.integralpro.com.co\\\/wp-content\\\/uploads\\\/2021\\\/02\\\/logo-def.jpg\",\"contentUrl\":\"https:\\\/\\\/www.integralpro.com.co\\\/wp-content\\\/uploads\\\/2021\\\/02\\\/logo-def.jpg\",\"width\":238,\"height\":234,\"caption\":\"IntegralPro SAS\"},\"image\":{\"@id\":\"https:\\\/\\\/www.integralpro.com.co\\\/#\\\/schema\\\/logo\\\/image\\\/\"}}]}<\/script>\n<!-- \/ Yoast SEO plugin. -->","yoast_head_json":{"title":"Camara Videoconferencia Logitech Meetup 960-001201 - IntegralPro","robots":{"index":"index","follow":"follow","max-snippet":"max-snippet:-1","max-image-preview":"max-image-preview:large","max-video-preview":"max-video-preview:-1"},"canonical":"https:\/\/www.integralpro.com.co\/index.php\/producto\/camara-videoconferencia-logitech-meetup-960-001201\/","og_locale":"es_ES","og_type":"article","og_title":"Camara Videoconferencia Logitech Meetup 960-001201 - IntegralPro","og_description":"# DE PARTE: 960-001201","og_url":"https:\/\/www.integralpro.com.co\/index.php\/producto\/camara-videoconferencia-logitech-meetup-960-001201\/","og_site_name":"IntegralPro","article_modified_time":"2021-02-23T19:25:57+00:00","og_image":[{"width":1300,"height":1300,"url":"https:\/\/www.integralpro.com.co\/wp-content\/uploads\/2021\/02\/Camara-Videoconferencia-Logitech-Meetup-960-001201.jpg","type":"image\/jpeg"}],"twitter_card":"summary_large_image","twitter_misc":{"Tiempo de lectura":"3 minutos"},"schema":{"@context":"https:\/\/schema.org","@graph":[{"@type":"WebPage","@id":"https:\/\/www.integralpro.com.co\/index.php\/producto\/camara-videoconferencia-logitech-meetup-960-001201\/","url":"https:\/\/www.integralpro.com.co\/index.php\/producto\/camara-videoconferencia-logitech-meetup-960-001201\/","name":"Camara Videoconferencia Logitech Meetup 960-001201 - IntegralPro","isPartOf":{"@id":"https:\/\/www.integralpro.com.co\/#website"},"primaryImageOfPage":{"@id":"https:\/\/www.integralpro.com.co\/index.php\/producto\/camara-videoconferencia-logitech-meetup-960-001201\/#primaryimage"},"image":{"@id":"https:\/\/www.integralpro.com.co\/index.php\/producto\/camara-videoconferencia-logitech-meetup-960-001201\/#primaryimage"},"thumbnailUrl":"https:\/\/www.integralpro.com.co\/wp-content\/uploads\/2021\/02\/Camara-Videoconferencia-Logitech-Meetup-960-001201.jpg","datePublished":"2021-02-19T19:46:44+00:00","dateModified":"2021-02-23T19:25:57+00:00","breadcrumb":{"@id":"https:\/\/www.integralpro.com.co\/index.php\/producto\/camara-videoconferencia-logitech-meetup-960-001201\/#breadcrumb"},"inLanguage":"es","potentialAction":[{"@type":"ReadAction","target":["https:\/\/www.integralpro.com.co\/index.php\/producto\/camara-videoconferencia-logitech-meetup-960-001201\/"]}]},{"@type":"ImageObject","inLanguage":"es","@id":"https:\/\/www.integralpro.com.co\/index.php\/producto\/camara-videoconferencia-logitech-meetup-960-001201\/#primaryimage","url":"https:\/\/www.integralpro.com.co\/wp-content\/uploads\/2021\/02\/Camara-Videoconferencia-Logitech-Meetup-960-001201.jpg","contentUrl":"https:\/\/www.integralpro.com.co\/wp-content\/uploads\/2021\/02\/Camara-Videoconferencia-Logitech-Meetup-960-001201.jpg","width":1300,"height":1300},{"@type":"BreadcrumbList","@id":"https:\/\/www.integralpro.com.co\/index.php\/producto\/camara-videoconferencia-logitech-meetup-960-001201\/#breadcrumb","itemListElement":[{"@type":"ListItem","position":1,"name":"Portada","item":"https:\/\/www.integralpro.com.co\/"},{"@type":"ListItem","position":2,"name":"Tienda","item":"https:\/\/www.integralpro.com.co\/index.php\/tienda\/"},{"@type":"ListItem","position":3,"name":"Camara Videoconferencia Logitech Meetup 960-001201"}]},{"@type":"WebSite","@id":"https:\/\/www.integralpro.com.co\/#website","url":"https:\/\/www.integralpro.com.co\/","name":"IntegralPro","description":"Tienda de Tecnolog\u00eda en L\u00ednea","publisher":{"@id":"https:\/\/www.integralpro.com.co\/#organization"},"potentialAction":[{"@type":"SearchAction","target":{"@type":"EntryPoint","urlTemplate":"https:\/\/www.integralpro.com.co\/?s={search_term_string}"},"query-input":{"@type":"PropertyValueSpecification","valueRequired":true,"valueName":"search_term_string"}}],"inLanguage":"es"},{"@type":"Organization","@id":"https:\/\/www.integralpro.com.co\/#organization","name":"IntegralPro SAS","url":"https:\/\/www.integralpro.com.co\/","logo":{"@type":"ImageObject","inLanguage":"es","@id":"https:\/\/www.integralpro.com.co\/#\/schema\/logo\/image\/","url":"https:\/\/www.integralpro.com.co\/wp-content\/uploads\/2021\/02\/logo-def.jpg","contentUrl":"https:\/\/www.integralpro.com.co\/wp-content\/uploads\/2021\/02\/logo-def.jpg","width":238,"height":234,"caption":"IntegralPro SAS"},"image":{"@id":"https:\/\/www.integralpro.com.co\/#\/schema\/logo\/image\/"}}]}},"_links":{"self":[{"href":"https:\/\/www.integralpro.com.co\/index.php\/wp-json\/wp\/v2\/product\/1248","targetHints":{"allow":["GET"]}}],"collection":[{"href":"https:\/\/www.integralpro.com.co\/index.php\/wp-json\/wp\/v2\/product"}],"about":[{"href":"https:\/\/www.integralpro.com.co\/index.php\/wp-json\/wp\/v2\/types\/product"}],"version-history":[{"count":2,"href":"https:\/\/www.integralpro.com.co\/index.php\/wp-json\/wp\/v2\/product\/1248\/revisions"}],"predecessor-version":[{"id":3632,"href":"https:\/\/www.integralpro.com.co\/index.php\/wp-json\/wp\/v2\/product\/1248\/revisions\/3632"}],"wp:featuredmedia":[{"embeddable":true,"href":"https:\/\/www.integralpro.com.co\/index.php\/wp-json\/wp\/v2\/media\/3631"}],"wp:attachment":[{"href":"https:\/\/www.integralpro.com.co\/index.php\/wp-json\/wp\/v2\/media?parent=1248"}],"wp:term":[{"taxonomy":"product_brand","embeddable":true,"href":"https:\/\/www.integralpro.com.co\/index.php\/wp-json\/wp\/v2\/product_brand?post=1248"},{"taxonomy":"product_cat","embeddable":true,"href":"https:\/\/www.integralpro.com.co\/index.php\/wp-json\/wp\/v2\/product_cat?post=1248"},{"taxonomy":"product_tag","embeddable":true,"href":"https:\/\/www.integralpro.com.co\/index.php\/wp-json\/wp\/v2\/product_tag?post=1248"}],"curies":[{"name":"wp","href":"https:\/\/api.w.org\/{rel}","templated":true}]}}