{"id":1245,"date":"2021-02-19T14:46:44","date_gmt":"2021-02-19T19:46:44","guid":{"rendered":"https:\/\/www.integralpro.com.co\/index.php\/producto\/import-placeholder-for-868\/"},"modified":"2021-02-19T14:47:04","modified_gmt":"2021-02-19T19:47:04","slug":"camara-conferencia-webcam-logitech-bcc950-negro","status":"publish","type":"product","link":"https:\/\/www.integralpro.com.co\/index.php\/producto\/camara-conferencia-webcam-logitech-bcc950-negro\/","title":{"rendered":"C\u00e1mara Conferencia Webcam Logitech Bcc950 &#8211; Negro"},"content":{"rendered":"<table border=\"0\" cellpadding=\"1\" cellspacing=\"1\" style=\"max-width: 100%; color: rgb(102, 102, 102); font-size: 14px; line-height: 21.84px; widows: 1; width: 700px; text-align: left;\">\n<tbody>\n<tr>\n<td>\n<p style=\"text-align: justify;\">Ahora es posible que grupos peque\u00f1os pueden dirigir sus propias conferencias de v\u00eddeo en cualquier momento y en cualquier lugar. BCC950 cuenta con un sistema de videoconferencia de alta definici\u00f3n, c\u00e1mara web plug-and-play y altavoz, es ideal para habitaciones peque\u00f1as o grupos peque\u00f1os. Permite configurarlo de forma r\u00e1pida y sencilla en un escritorio de oficina o en una mesa de conferencias.<\/p>\n<p style=\"text-align: center;\"><img fetchpriority=\"high\" decoding=\"async\" src=\"https:\/\/assets.logitech.com\/assets\/64530\/5\/conferencecam-bcc950.png\" width=\"400\" height=\"343\" alt=\"image\" \/><\/p>\n<p><strong>Todo en uno<\/strong><\/p>\n<p style=\"text-align: justify;\">S\u00f3lo tiene que enchufar. BCC950 incluye audio de banda ancha desde un altavoz d\u00faplex completo y v\u00eddeo de alta definici\u00f3n con la lente Zeiss certificado. En otras palabras, es todo lo que necesita para poner en marcha r\u00e1pidamente una peque\u00f1o video conferencia con hasta 4 personas en una habitaci\u00f3n.<\/p>\n<p style=\"text-align: center;\"><img decoding=\"async\" src=\"https:\/\/assets.logitech.com\/assets\/64530\/7\/conferencecam-bcc950.png\" width=\"400\" height=\"343\" alt=\"image\" \/><\/p>\n<p><strong>F\u00c1CIL DE CONFIGURAR Y UTILIZAR<\/strong><\/p>\n<p style=\"text-align: justify;\">Compatible con PC y Mac y dise\u00f1ado para trabajar con muchas aplicaciones de software de videoconferencia, BCC950 hace que sea f\u00e1cil de poner en marcha una peque\u00f1a colaboraci\u00f3n de video de grupo en cualquier momento. No se requiere entrenamiento.<\/p>\n<p style=\"text-align: center;\"><img decoding=\"async\" src=\"https:\/\/assets.logitech.com\/assets\/64530\/8\/conferencecam-bcc950.png\" width=\"400\" height=\"343\" alt=\"image\" \/><\/p>\n<p><strong>PERFECTO PARA EQUIPOS PRODUCTIVOS<\/strong><\/p>\n<p style=\"text-align: justify;\">BCC950 est\u00e1 dise\u00f1ado para grupos peque\u00f1os. Cuenta con altavoz omnidireccional y un micr\u00f3fono con anulaci\u00f3n de ruido los cuales permiten a todos los miembros de la reuni\u00f3n para escuchar y ser escuchados claramente hasta 8 pies de distancia. BCC950 est\u00e1 dise\u00f1ado para ser usado en oficinas privadas, oficinas en casa, o pr\u00e1cticamente cualquier espacio semi-privado.<\/p>\n<p style=\"text-align: center;\"><img loading=\"lazy\" decoding=\"async\" src=\"http:\/\/cc.cnetcontent.com\/vcs\/logitech\/inline-content\/68\/0FB4DD6129D311F298369A8D50EDC28D1FAEAD56_CONFERENCECAMBCC950_feature.jpg\" width=\"400\" height=\"258\" alt=\"image\" \/><\/p>\n<p><strong>VIDEO<\/strong><\/p>\n<p style=\"text-align: center;\"><iframe width=\"560\" height=\"315\" src=\"https:\/\/www.youtube.com\/embed\/NMJjyupoysY\" frameborder=\"0\"><\/iframe><\/p>\n<p><strong>ESPECIFICACIONES T\u00c9CNICAS<\/strong><\/p>\n<ul>\n<li>Dimensiones C\u00e1mara : 154 x 150 x 104 mm<\/li>\n<li>Largo con extensi\u00f3n : 345 mm<\/li>\n<li>Peso : 568g<\/li>\n<li>Clase de video : USB (UVC) apoyo aplicaciones<\/li>\n<li>Video : Full HD 1080p 30fps video llamada<\/li>\n<li>Enfoque autom\u00e1tico : S\u00ed<\/li>\n<li>Certificado de lente : ZEISS<\/li>\n<li>Grados de visi\u00f3n : 78<\/li>\n<li>Inclinaci\u00f3n : 55 grados<\/li>\n<li>Alcance del control remoto : 10m<\/li>\n<li>Compatible con USB : 2.0<\/li>\n<li>Ancho de banda Altavoz : 220 Hz &#8211; 20 kHz<\/li>\n<li>Ancho de banda Micr\u00f3fono : 200 Hz &#8211; 8 kHz<\/li>\n<li>Color : Negro<\/li>\n<li>Contenido del paquete : Base y cable adaptador de la c\u00e1mara de videoconferencia &#8211; Cabeza de c\u00e1mara web &#8211; Cable de poder &#8211; Control remoto &#8211; Documentaci\u00f3n<\/li>\n<li>T\u00e9rmino de garant\u00eda : 12 meses por defectos de fabricaci\u00f3n<\/li>\n<\/ul>\n<\/td>\n<\/tr>\n<\/tbody>\n<\/table>\n","protected":false},"excerpt":{"rendered":"<p># DE PARTE: 960-000866<\/p>\n","protected":false},"featured_media":1300,"template":"","meta":{"site-sidebar-layout":"default","site-content-layout":"","ast-site-content-layout":"default","site-content-style":"default","site-sidebar-style":"default","ast-global-header-display":"","ast-banner-title-visibility":"","ast-main-header-display":"","ast-hfb-above-header-display":"","ast-hfb-below-header-display":"","ast-hfb-mobile-header-display":"","site-post-title":"","ast-breadcrumbs-content":"","ast-featured-img":"","footer-sml-layout":"","ast-disable-related-posts":"","theme-transparent-header-meta":"","adv-header-id-meta":"","stick-header-meta":"","header-above-stick-meta":"","header-main-stick-meta":"","header-below-stick-meta":"","astra-migrate-meta-layouts":"default","ast-page-background-enabled":"default","ast-page-background-meta":{"desktop":{"background-color":"var(--ast-global-color-4)","background-image":"","background-repeat":"repeat","background-position":"center center","background-size":"auto","background-attachment":"scroll","background-type":"","background-media":"","overlay-type":"","overlay-color":"","overlay-opacity":"","overlay-gradient":""},"tablet":{"background-color":"","background-image":"","background-repeat":"repeat","background-position":"center center","background-size":"auto","background-attachment":"scroll","background-type":"","background-media":"","overlay-type":"","overlay-color":"","overlay-opacity":"","overlay-gradient":""},"mobile":{"background-color":"","background-image":"","background-repeat":"repeat","background-position":"center center","background-size":"auto","background-attachment":"scroll","background-type":"","background-media":"","overlay-type":"","overlay-color":"","overlay-opacity":"","overlay-gradient":""}},"ast-content-background-meta":{"desktop":{"background-color":"var(--ast-global-color-5)","background-image":"","background-repeat":"repeat","background-position":"center center","background-size":"auto","background-attachment":"scroll","background-type":"","background-media":"","overlay-type":"","overlay-color":"","overlay-opacity":"","overlay-gradient":""},"tablet":{"background-color":"var(--ast-global-color-5)","background-image":"","background-repeat":"repeat","background-position":"center center","background-size":"auto","background-attachment":"scroll","background-type":"","background-media":"","overlay-type":"","overlay-color":"","overlay-opacity":"","overlay-gradient":""},"mobile":{"background-color":"var(--ast-global-color-5)","background-image":"","background-repeat":"repeat","background-position":"center center","background-size":"auto","background-attachment":"scroll","background-type":"","background-media":"","overlay-type":"","overlay-color":"","overlay-opacity":"","overlay-gradient":""}}},"product_brand":[],"product_cat":[52,107],"product_tag":[46],"class_list":{"0":"post-1245","1":"product","2":"type-product","3":"status-publish","4":"has-post-thumbnail","6":"product_cat-camaras","7":"product_cat-camaras-web","8":"product_tag-logitech","9":"desktop-align-left","10":"tablet-align-left","11":"mobile-align-left","13":"first","14":"instock","15":"taxable","16":"shipping-taxable","17":"product-type-simple"},"yoast_head":"<!-- This site is optimized with the Yoast SEO plugin v27.4 - https:\/\/yoast.com\/product\/yoast-seo-wordpress\/ -->\n<title>C\u00e1mara Conferencia Webcam Logitech Bcc950 - Negro - IntegralPro<\/title>\n<meta name=\"robots\" content=\"index, follow, max-snippet:-1, max-image-preview:large, max-video-preview:-1\" \/>\n<link rel=\"canonical\" href=\"https:\/\/www.integralpro.com.co\/index.php\/producto\/camara-conferencia-webcam-logitech-bcc950-negro\/\" \/>\n<meta property=\"og:locale\" content=\"es_ES\" \/>\n<meta property=\"og:type\" content=\"article\" \/>\n<meta property=\"og:title\" content=\"C\u00e1mara Conferencia Webcam Logitech Bcc950 - Negro - IntegralPro\" \/>\n<meta property=\"og:description\" content=\"# DE PARTE: 960-000866\" \/>\n<meta property=\"og:url\" content=\"https:\/\/www.integralpro.com.co\/index.php\/producto\/camara-conferencia-webcam-logitech-bcc950-negro\/\" \/>\n<meta property=\"og:site_name\" content=\"IntegralPro\" \/>\n<meta property=\"article:modified_time\" content=\"2021-02-19T19:47:04+00:00\" \/>\n<meta property=\"og:image\" content=\"https:\/\/www.integralpro.com.co\/wp-content\/uploads\/2021\/02\/73lvekg.jpg\" \/>\n\t<meta property=\"og:image:width\" content=\"850\" \/>\n\t<meta property=\"og:image:height\" content=\"850\" \/>\n\t<meta property=\"og:image:type\" content=\"image\/jpeg\" \/>\n<meta name=\"twitter:card\" content=\"summary_large_image\" \/>\n<meta name=\"twitter:label1\" content=\"Tiempo de lectura\" \/>\n\t<meta name=\"twitter:data1\" content=\"2 minutos\" \/>\n<script type=\"application\/ld+json\" class=\"yoast-schema-graph\">{\"@context\":\"https:\\\/\\\/schema.org\",\"@graph\":[{\"@type\":\"WebPage\",\"@id\":\"https:\\\/\\\/www.integralpro.com.co\\\/index.php\\\/producto\\\/camara-conferencia-webcam-logitech-bcc950-negro\\\/\",\"url\":\"https:\\\/\\\/www.integralpro.com.co\\\/index.php\\\/producto\\\/camara-conferencia-webcam-logitech-bcc950-negro\\\/\",\"name\":\"C\u00e1mara Conferencia Webcam Logitech Bcc950 - Negro - IntegralPro\",\"isPartOf\":{\"@id\":\"https:\\\/\\\/www.integralpro.com.co\\\/#website\"},\"primaryImageOfPage\":{\"@id\":\"https:\\\/\\\/www.integralpro.com.co\\\/index.php\\\/producto\\\/camara-conferencia-webcam-logitech-bcc950-negro\\\/#primaryimage\"},\"image\":{\"@id\":\"https:\\\/\\\/www.integralpro.com.co\\\/index.php\\\/producto\\\/camara-conferencia-webcam-logitech-bcc950-negro\\\/#primaryimage\"},\"thumbnailUrl\":\"https:\\\/\\\/www.integralpro.com.co\\\/wp-content\\\/uploads\\\/2021\\\/02\\\/73lvekg.jpg\",\"datePublished\":\"2021-02-19T19:46:44+00:00\",\"dateModified\":\"2021-02-19T19:47:04+00:00\",\"breadcrumb\":{\"@id\":\"https:\\\/\\\/www.integralpro.com.co\\\/index.php\\\/producto\\\/camara-conferencia-webcam-logitech-bcc950-negro\\\/#breadcrumb\"},\"inLanguage\":\"es\",\"potentialAction\":[{\"@type\":\"ReadAction\",\"target\":[\"https:\\\/\\\/www.integralpro.com.co\\\/index.php\\\/producto\\\/camara-conferencia-webcam-logitech-bcc950-negro\\\/\"]}]},{\"@type\":\"ImageObject\",\"inLanguage\":\"es\",\"@id\":\"https:\\\/\\\/www.integralpro.com.co\\\/index.php\\\/producto\\\/camara-conferencia-webcam-logitech-bcc950-negro\\\/#primaryimage\",\"url\":\"https:\\\/\\\/www.integralpro.com.co\\\/wp-content\\\/uploads\\\/2021\\\/02\\\/73lvekg.jpg\",\"contentUrl\":\"https:\\\/\\\/www.integralpro.com.co\\\/wp-content\\\/uploads\\\/2021\\\/02\\\/73lvekg.jpg\",\"width\":850,\"height\":850},{\"@type\":\"BreadcrumbList\",\"@id\":\"https:\\\/\\\/www.integralpro.com.co\\\/index.php\\\/producto\\\/camara-conferencia-webcam-logitech-bcc950-negro\\\/#breadcrumb\",\"itemListElement\":[{\"@type\":\"ListItem\",\"position\":1,\"name\":\"Portada\",\"item\":\"https:\\\/\\\/www.integralpro.com.co\\\/\"},{\"@type\":\"ListItem\",\"position\":2,\"name\":\"Tienda\",\"item\":\"https:\\\/\\\/www.integralpro.com.co\\\/index.php\\\/tienda\\\/\"},{\"@type\":\"ListItem\",\"position\":3,\"name\":\"C\u00e1mara Conferencia Webcam Logitech Bcc950 &#8211; Negro\"}]},{\"@type\":\"WebSite\",\"@id\":\"https:\\\/\\\/www.integralpro.com.co\\\/#website\",\"url\":\"https:\\\/\\\/www.integralpro.com.co\\\/\",\"name\":\"IntegralPro\",\"description\":\"Tienda de Tecnolog\u00eda en L\u00ednea\",\"publisher\":{\"@id\":\"https:\\\/\\\/www.integralpro.com.co\\\/#organization\"},\"potentialAction\":[{\"@type\":\"SearchAction\",\"target\":{\"@type\":\"EntryPoint\",\"urlTemplate\":\"https:\\\/\\\/www.integralpro.com.co\\\/?s={search_term_string}\"},\"query-input\":{\"@type\":\"PropertyValueSpecification\",\"valueRequired\":true,\"valueName\":\"search_term_string\"}}],\"inLanguage\":\"es\"},{\"@type\":\"Organization\",\"@id\":\"https:\\\/\\\/www.integralpro.com.co\\\/#organization\",\"name\":\"IntegralPro SAS\",\"url\":\"https:\\\/\\\/www.integralpro.com.co\\\/\",\"logo\":{\"@type\":\"ImageObject\",\"inLanguage\":\"es\",\"@id\":\"https:\\\/\\\/www.integralpro.com.co\\\/#\\\/schema\\\/logo\\\/image\\\/\",\"url\":\"https:\\\/\\\/www.integralpro.com.co\\\/wp-content\\\/uploads\\\/2021\\\/02\\\/logo-def.jpg\",\"contentUrl\":\"https:\\\/\\\/www.integralpro.com.co\\\/wp-content\\\/uploads\\\/2021\\\/02\\\/logo-def.jpg\",\"width\":238,\"height\":234,\"caption\":\"IntegralPro SAS\"},\"image\":{\"@id\":\"https:\\\/\\\/www.integralpro.com.co\\\/#\\\/schema\\\/logo\\\/image\\\/\"}}]}<\/script>\n<!-- \/ Yoast SEO plugin. -->","yoast_head_json":{"title":"C\u00e1mara Conferencia Webcam Logitech Bcc950 - Negro - IntegralPro","robots":{"index":"index","follow":"follow","max-snippet":"max-snippet:-1","max-image-preview":"max-image-preview:large","max-video-preview":"max-video-preview:-1"},"canonical":"https:\/\/www.integralpro.com.co\/index.php\/producto\/camara-conferencia-webcam-logitech-bcc950-negro\/","og_locale":"es_ES","og_type":"article","og_title":"C\u00e1mara Conferencia Webcam Logitech Bcc950 - Negro - IntegralPro","og_description":"# DE PARTE: 960-000866","og_url":"https:\/\/www.integralpro.com.co\/index.php\/producto\/camara-conferencia-webcam-logitech-bcc950-negro\/","og_site_name":"IntegralPro","article_modified_time":"2021-02-19T19:47:04+00:00","og_image":[{"width":850,"height":850,"url":"https:\/\/www.integralpro.com.co\/wp-content\/uploads\/2021\/02\/73lvekg.jpg","type":"image\/jpeg"}],"twitter_card":"summary_large_image","twitter_misc":{"Tiempo de lectura":"2 minutos"},"schema":{"@context":"https:\/\/schema.org","@graph":[{"@type":"WebPage","@id":"https:\/\/www.integralpro.com.co\/index.php\/producto\/camara-conferencia-webcam-logitech-bcc950-negro\/","url":"https:\/\/www.integralpro.com.co\/index.php\/producto\/camara-conferencia-webcam-logitech-bcc950-negro\/","name":"C\u00e1mara Conferencia Webcam Logitech Bcc950 - Negro - IntegralPro","isPartOf":{"@id":"https:\/\/www.integralpro.com.co\/#website"},"primaryImageOfPage":{"@id":"https:\/\/www.integralpro.com.co\/index.php\/producto\/camara-conferencia-webcam-logitech-bcc950-negro\/#primaryimage"},"image":{"@id":"https:\/\/www.integralpro.com.co\/index.php\/producto\/camara-conferencia-webcam-logitech-bcc950-negro\/#primaryimage"},"thumbnailUrl":"https:\/\/www.integralpro.com.co\/wp-content\/uploads\/2021\/02\/73lvekg.jpg","datePublished":"2021-02-19T19:46:44+00:00","dateModified":"2021-02-19T19:47:04+00:00","breadcrumb":{"@id":"https:\/\/www.integralpro.com.co\/index.php\/producto\/camara-conferencia-webcam-logitech-bcc950-negro\/#breadcrumb"},"inLanguage":"es","potentialAction":[{"@type":"ReadAction","target":["https:\/\/www.integralpro.com.co\/index.php\/producto\/camara-conferencia-webcam-logitech-bcc950-negro\/"]}]},{"@type":"ImageObject","inLanguage":"es","@id":"https:\/\/www.integralpro.com.co\/index.php\/producto\/camara-conferencia-webcam-logitech-bcc950-negro\/#primaryimage","url":"https:\/\/www.integralpro.com.co\/wp-content\/uploads\/2021\/02\/73lvekg.jpg","contentUrl":"https:\/\/www.integralpro.com.co\/wp-content\/uploads\/2021\/02\/73lvekg.jpg","width":850,"height":850},{"@type":"BreadcrumbList","@id":"https:\/\/www.integralpro.com.co\/index.php\/producto\/camara-conferencia-webcam-logitech-bcc950-negro\/#breadcrumb","itemListElement":[{"@type":"ListItem","position":1,"name":"Portada","item":"https:\/\/www.integralpro.com.co\/"},{"@type":"ListItem","position":2,"name":"Tienda","item":"https:\/\/www.integralpro.com.co\/index.php\/tienda\/"},{"@type":"ListItem","position":3,"name":"C\u00e1mara Conferencia Webcam Logitech Bcc950 &#8211; Negro"}]},{"@type":"WebSite","@id":"https:\/\/www.integralpro.com.co\/#website","url":"https:\/\/www.integralpro.com.co\/","name":"IntegralPro","description":"Tienda de Tecnolog\u00eda en L\u00ednea","publisher":{"@id":"https:\/\/www.integralpro.com.co\/#organization"},"potentialAction":[{"@type":"SearchAction","target":{"@type":"EntryPoint","urlTemplate":"https:\/\/www.integralpro.com.co\/?s={search_term_string}"},"query-input":{"@type":"PropertyValueSpecification","valueRequired":true,"valueName":"search_term_string"}}],"inLanguage":"es"},{"@type":"Organization","@id":"https:\/\/www.integralpro.com.co\/#organization","name":"IntegralPro SAS","url":"https:\/\/www.integralpro.com.co\/","logo":{"@type":"ImageObject","inLanguage":"es","@id":"https:\/\/www.integralpro.com.co\/#\/schema\/logo\/image\/","url":"https:\/\/www.integralpro.com.co\/wp-content\/uploads\/2021\/02\/logo-def.jpg","contentUrl":"https:\/\/www.integralpro.com.co\/wp-content\/uploads\/2021\/02\/logo-def.jpg","width":238,"height":234,"caption":"IntegralPro SAS"},"image":{"@id":"https:\/\/www.integralpro.com.co\/#\/schema\/logo\/image\/"}}]}},"_links":{"self":[{"href":"https:\/\/www.integralpro.com.co\/index.php\/wp-json\/wp\/v2\/product\/1245","targetHints":{"allow":["GET"]}}],"collection":[{"href":"https:\/\/www.integralpro.com.co\/index.php\/wp-json\/wp\/v2\/product"}],"about":[{"href":"https:\/\/www.integralpro.com.co\/index.php\/wp-json\/wp\/v2\/types\/product"}],"version-history":[{"count":1,"href":"https:\/\/www.integralpro.com.co\/index.php\/wp-json\/wp\/v2\/product\/1245\/revisions"}],"predecessor-version":[{"id":1301,"href":"https:\/\/www.integralpro.com.co\/index.php\/wp-json\/wp\/v2\/product\/1245\/revisions\/1301"}],"wp:featuredmedia":[{"embeddable":true,"href":"https:\/\/www.integralpro.com.co\/index.php\/wp-json\/wp\/v2\/media\/1300"}],"wp:attachment":[{"href":"https:\/\/www.integralpro.com.co\/index.php\/wp-json\/wp\/v2\/media?parent=1245"}],"wp:term":[{"taxonomy":"product_brand","embeddable":true,"href":"https:\/\/www.integralpro.com.co\/index.php\/wp-json\/wp\/v2\/product_brand?post=1245"},{"taxonomy":"product_cat","embeddable":true,"href":"https:\/\/www.integralpro.com.co\/index.php\/wp-json\/wp\/v2\/product_cat?post=1245"},{"taxonomy":"product_tag","embeddable":true,"href":"https:\/\/www.integralpro.com.co\/index.php\/wp-json\/wp\/v2\/product_tag?post=1245"}],"curies":[{"name":"wp","href":"https:\/\/api.w.org\/{rel}","templated":true}]}}