{"id":1243,"date":"2021-02-19T14:46:44","date_gmt":"2021-02-19T19:46:44","guid":{"rendered":"https:\/\/www.integralpro.com.co\/index.php\/producto\/import-placeholder-for-866\/"},"modified":"2021-02-19T14:47:02","modified_gmt":"2021-02-19T19:47:02","slug":"audifonos-manos-libres-bose-wireless-soundsport-bluetooth-negro","status":"publish","type":"product","link":"https:\/\/www.integralpro.com.co\/index.php\/producto\/audifonos-manos-libres-bose-wireless-soundsport-bluetooth-negro\/","title":{"rendered":"Audifonos Manos Libres Bose Wireless Soundsport Bluetooth &#8211; Negro"},"content":{"rendered":"<p style=\"text-align: justify;\">Dise\u00f1ados para impulsarte, no para detenerte El ejercicio es una actividad exigente. Por eso exiges aud\u00edfonos de bot\u00f3n inal\u00e1mbricos que est\u00e9n a la altura del desaf\u00edo. Los aud\u00edfonos inal\u00e1mbricos SoundSport dejan que te muevas libremente con un sonido potente y puntas que permanecen seguras y c\u00f3modas.<\/p>\n<p><img fetchpriority=\"high\" decoding=\"async\" height=\"300\" src=\"https:\/\/assets.bose.com\/content\/dam\/Bose_DAM\/Web\/consumer_electronics\/global\/products\/headphones\/ssw_product_page\/ssw_product_page_main_silo_1x1.psd\/_jcr_content\/renditions\/cq5dam.web.320.320.png\" width=\"300\" alt=\"image\" \/><\/p>\n<table border=\"0\" cellpadding=\"1\" cellspacing=\"1\" style=\"color:rgb(102, 102, 102); font-size:14px; line-height:21.84px; max-width:100%; text-align:left; widows:1; width:700px\">\n<tbody>\n<tr>\n<td>&nbsp;<\/td>\n<td><strong>Una combinaci\u00f3n inigualable de comodidad y estabilidad <\/strong><\/p>\n<p style=\"text-align: justify;\">Cuando est\u00e1s entrenando, quieres que tus aud\u00edfonos se mantengan en su lugar. Eso es exactamente lo que estos hacen, con un nivel de comodidad que te mantiene concentrado solo en tu entrenamiento. La forma \u00fanica de las puntas crea un sello suave en el o\u00eddo, lo que ayuda a mejorar el rendimiento de audio. La extensa ala flexible entrega apoyo y estabilidad mejorada.<\/p>\n<p><img decoding=\"async\" height=\"300\" src=\"https:\/\/assets.bose.com\/content\/dam\/Bose_DAM\/Web\/consumer_electronics\/global\/products\/headphones\/ssw_product_page\/ssw_product_page_unmatched_silo_1x1.psd\/_jcr_content\/renditions\/cq5dam.web.320.320.png\" width=\"300\" alt=\"image\" \/><\/p>\n<p><strong> El emparejamiento Bluetooth\u00ae y NFC te mantiene libre de enredos <\/strong><\/p>\n<p style=\"text-align: justify;\">Quieres una conexi\u00f3n r\u00e1pida e inal\u00e1mbrica para que puedas moverte libremente. Los aud\u00edfonos inal\u00e1mbricos SoundSport proporcionan emparejamiento a tu dispositivo Bluetooth con facilidad.<\/p>\n<p><img decoding=\"async\" alt=\"Resultado de imagen para Aud\u00edfonos inal\u00e1mbricos SoundSport\" height=\"168\" src=\"https:\/\/cdn3.cnet.com\/img\/RKrua4LXp701hAXK6vNTASELkHU=\/770x433\/2016\/06\/03\/c718a060-f2a3-44fa-9771-a73981b466ba\/bose-soundsport-wirelesspress-shot.jpg\" width=\"300\" \/><\/p>\n<p><strong> Una aplicaci\u00f3n puede hacer la diferencia <\/strong><\/p>\n<p style=\"text-align: justify;\">Queremos que aproveches al m\u00e1ximo tus aud\u00edfonos. Por esto, dise\u00f1amos esta aplicaci\u00f3n gratuita que hace que la conexi\u00f3n y el cambio entre dispositivos sean m\u00e1s f\u00e1ciles que nunca. Bose Connect tambi\u00e9n proporciona sugerencias de productos y te permite personalizar su configuraci\u00f3n para que se ajusten a tu gusto. Ve c\u00f3mo una aplicaci\u00f3n simple e intuitiva puede marcar la diferencia.<\/p>\n<p><img loading=\"lazy\" decoding=\"async\" height=\"285\" src=\"https:\/\/assets.bose.com\/content\/dam\/Bose_DAM\/Web\/consumer_electronics\/global\/products\/headphones\/ssw_product_page\/ssw_product_page_app_1x1.psd\/_jcr_content\/renditions\/cq5dam.web.320.320.png\" width=\"300\" alt=\"image\" \/><\/p>\n<p><strong>VIDEO<\/strong><\/p>\n<p style=\"text-align: center;\"><iframe frameborder=\"0\" height=\"315\" src=\"https:\/\/www.youtube.com\/embed\/hsWicz84_do\" width=\"560\"><\/iframe><\/p>\n<p><strong>ESPECIFICACIONES T\u00c9CNICAS<\/strong><\/p>\n<ul>\n<li>Dimensiones:30 x 2.5 x 30 cms<\/li>\n<li>Peso: 0.22 kg<\/li>\n<li>Bluetooth: S\u00ed<\/li>\n<li>NFC: S\u00ed<\/li>\n<li>Permite recibir llamadas: S\u00ed<\/li>\n<li>Cancelaci\u00f3n de ruido: No<\/li>\n<li>Bose Connect: S\u00ed<\/li>\n<li>Tecnolog\u00eda Multipunto: S\u00ed<\/li>\n<li>Alcance: rango de 9 m (30 pies) desde el dispositivo fuente al aire libre<\/li>\n<li>Bot\u00f3n central: Multifunci\u00f3n; Inicia o pausa la reproducci\u00f3n &#8211; responde y finaliza llamadas &#8211; inicia comandos de voz<\/li>\n<li>Botones de extremos: permiten ajustar el volumen<\/li>\n<li>Puntas StayHear + Sport son compatibles con otros aud\u00edfonos internos de Bose: No<\/li>\n<li>Duraci\u00f3n de la bater\u00eda: 6 horas por carga completa<\/li>\n<li>Tiempo de carga: 2 horas<\/li>\n<li>Bater\u00eda: recargable de iones de litio<\/li>\n<li>Color: Negro<\/li>\n<li>Contenido del paquete: Aud\u00edfonos inal\u00e1mbricos SoundSport &#8211; 3 tama\u00f1os de puntas StayHear+ Sport &#8211; Cable de carga USB &#8211; funda &#8211; Documentaci\u00f3n<\/li>\n<li>T\u00e9rmino de garant\u00eda: 12 meses directamente con centro de servicio BOSE<\/li>\n<\/ul>\n<\/td>\n<\/tr>\n<\/tbody>\n<\/table>\n<style>.style1 { text-align: center;}<\/style>\n","protected":false},"excerpt":{"rendered":"<p># DE PARTE: 761529-0010<\/p>\n","protected":false},"featured_media":1296,"template":"","meta":{"site-sidebar-layout":"default","site-content-layout":"","ast-site-content-layout":"default","site-content-style":"default","site-sidebar-style":"default","ast-global-header-display":"","ast-banner-title-visibility":"","ast-main-header-display":"","ast-hfb-above-header-display":"","ast-hfb-below-header-display":"","ast-hfb-mobile-header-display":"","site-post-title":"","ast-breadcrumbs-content":"","ast-featured-img":"","footer-sml-layout":"","ast-disable-related-posts":"","theme-transparent-header-meta":"","adv-header-id-meta":"","stick-header-meta":"","header-above-stick-meta":"","header-main-stick-meta":"","header-below-stick-meta":"","astra-migrate-meta-layouts":"default","ast-page-background-enabled":"default","ast-page-background-meta":{"desktop":{"background-color":"var(--ast-global-color-4)","background-image":"","background-repeat":"repeat","background-position":"center center","background-size":"auto","background-attachment":"scroll","background-type":"","background-media":"","overlay-type":"","overlay-color":"","overlay-opacity":"","overlay-gradient":""},"tablet":{"background-color":"","background-image":"","background-repeat":"repeat","background-position":"center center","background-size":"auto","background-attachment":"scroll","background-type":"","background-media":"","overlay-type":"","overlay-color":"","overlay-opacity":"","overlay-gradient":""},"mobile":{"background-color":"","background-image":"","background-repeat":"repeat","background-position":"center center","background-size":"auto","background-attachment":"scroll","background-type":"","background-media":"","overlay-type":"","overlay-color":"","overlay-opacity":"","overlay-gradient":""}},"ast-content-background-meta":{"desktop":{"background-color":"var(--ast-global-color-5)","background-image":"","background-repeat":"repeat","background-position":"center center","background-size":"auto","background-attachment":"scroll","background-type":"","background-media":"","overlay-type":"","overlay-color":"","overlay-opacity":"","overlay-gradient":""},"tablet":{"background-color":"var(--ast-global-color-5)","background-image":"","background-repeat":"repeat","background-position":"center center","background-size":"auto","background-attachment":"scroll","background-type":"","background-media":"","overlay-type":"","overlay-color":"","overlay-opacity":"","overlay-gradient":""},"mobile":{"background-color":"var(--ast-global-color-5)","background-image":"","background-repeat":"repeat","background-position":"center center","background-size":"auto","background-attachment":"scroll","background-type":"","background-media":"","overlay-type":"","overlay-color":"","overlay-opacity":"","overlay-gradient":""}}},"product_brand":[],"product_cat":[99,51],"product_tag":[66],"class_list":{"0":"post-1243","1":"product","2":"type-product","3":"status-publish","4":"has-post-thumbnail","6":"product_cat-audifonos","7":"product_cat-audio","8":"product_tag-bose","9":"desktop-align-left","10":"tablet-align-left","11":"mobile-align-left","13":"first","14":"instock","15":"taxable","16":"shipping-taxable","17":"product-type-simple"},"yoast_head":"<!-- This site is optimized with the Yoast SEO plugin v27.3 - https:\/\/yoast.com\/product\/yoast-seo-wordpress\/ -->\n<title>Audifonos Manos Libres Bose Wireless Soundsport Bluetooth - Negro - IntegralPro<\/title>\n<meta name=\"robots\" content=\"index, follow, max-snippet:-1, max-image-preview:large, max-video-preview:-1\" \/>\n<link rel=\"canonical\" href=\"https:\/\/www.integralpro.com.co\/index.php\/producto\/audifonos-manos-libres-bose-wireless-soundsport-bluetooth-negro\/\" \/>\n<meta property=\"og:locale\" content=\"es_ES\" \/>\n<meta property=\"og:type\" content=\"article\" \/>\n<meta property=\"og:title\" content=\"Audifonos Manos Libres Bose Wireless Soundsport Bluetooth - Negro - IntegralPro\" \/>\n<meta property=\"og:description\" content=\"# DE PARTE: 761529-0010\" \/>\n<meta property=\"og:url\" content=\"https:\/\/www.integralpro.com.co\/index.php\/producto\/audifonos-manos-libres-bose-wireless-soundsport-bluetooth-negro\/\" \/>\n<meta property=\"og:site_name\" content=\"IntegralPro\" \/>\n<meta property=\"article:modified_time\" content=\"2021-02-19T19:47:02+00:00\" \/>\n<meta property=\"og:image\" content=\"https:\/\/www.integralpro.com.co\/wp-content\/uploads\/2021\/02\/KjxmTF2.jpg\" \/>\n\t<meta property=\"og:image:width\" content=\"850\" \/>\n\t<meta property=\"og:image:height\" content=\"850\" \/>\n\t<meta property=\"og:image:type\" content=\"image\/jpeg\" \/>\n<meta name=\"twitter:card\" content=\"summary_large_image\" \/>\n<meta name=\"twitter:label1\" content=\"Tiempo de lectura\" \/>\n\t<meta name=\"twitter:data1\" content=\"2 minutos\" \/>\n<script type=\"application\/ld+json\" class=\"yoast-schema-graph\">{\"@context\":\"https:\\\/\\\/schema.org\",\"@graph\":[{\"@type\":\"WebPage\",\"@id\":\"https:\\\/\\\/www.integralpro.com.co\\\/index.php\\\/producto\\\/audifonos-manos-libres-bose-wireless-soundsport-bluetooth-negro\\\/\",\"url\":\"https:\\\/\\\/www.integralpro.com.co\\\/index.php\\\/producto\\\/audifonos-manos-libres-bose-wireless-soundsport-bluetooth-negro\\\/\",\"name\":\"Audifonos Manos Libres Bose Wireless Soundsport Bluetooth - Negro - IntegralPro\",\"isPartOf\":{\"@id\":\"https:\\\/\\\/www.integralpro.com.co\\\/#website\"},\"primaryImageOfPage\":{\"@id\":\"https:\\\/\\\/www.integralpro.com.co\\\/index.php\\\/producto\\\/audifonos-manos-libres-bose-wireless-soundsport-bluetooth-negro\\\/#primaryimage\"},\"image\":{\"@id\":\"https:\\\/\\\/www.integralpro.com.co\\\/index.php\\\/producto\\\/audifonos-manos-libres-bose-wireless-soundsport-bluetooth-negro\\\/#primaryimage\"},\"thumbnailUrl\":\"https:\\\/\\\/www.integralpro.com.co\\\/wp-content\\\/uploads\\\/2021\\\/02\\\/KjxmTF2.jpg\",\"datePublished\":\"2021-02-19T19:46:44+00:00\",\"dateModified\":\"2021-02-19T19:47:02+00:00\",\"breadcrumb\":{\"@id\":\"https:\\\/\\\/www.integralpro.com.co\\\/index.php\\\/producto\\\/audifonos-manos-libres-bose-wireless-soundsport-bluetooth-negro\\\/#breadcrumb\"},\"inLanguage\":\"es\",\"potentialAction\":[{\"@type\":\"ReadAction\",\"target\":[\"https:\\\/\\\/www.integralpro.com.co\\\/index.php\\\/producto\\\/audifonos-manos-libres-bose-wireless-soundsport-bluetooth-negro\\\/\"]}]},{\"@type\":\"ImageObject\",\"inLanguage\":\"es\",\"@id\":\"https:\\\/\\\/www.integralpro.com.co\\\/index.php\\\/producto\\\/audifonos-manos-libres-bose-wireless-soundsport-bluetooth-negro\\\/#primaryimage\",\"url\":\"https:\\\/\\\/www.integralpro.com.co\\\/wp-content\\\/uploads\\\/2021\\\/02\\\/KjxmTF2.jpg\",\"contentUrl\":\"https:\\\/\\\/www.integralpro.com.co\\\/wp-content\\\/uploads\\\/2021\\\/02\\\/KjxmTF2.jpg\",\"width\":850,\"height\":850},{\"@type\":\"BreadcrumbList\",\"@id\":\"https:\\\/\\\/www.integralpro.com.co\\\/index.php\\\/producto\\\/audifonos-manos-libres-bose-wireless-soundsport-bluetooth-negro\\\/#breadcrumb\",\"itemListElement\":[{\"@type\":\"ListItem\",\"position\":1,\"name\":\"Portada\",\"item\":\"https:\\\/\\\/www.integralpro.com.co\\\/\"},{\"@type\":\"ListItem\",\"position\":2,\"name\":\"Tienda\",\"item\":\"https:\\\/\\\/www.integralpro.com.co\\\/index.php\\\/tienda\\\/\"},{\"@type\":\"ListItem\",\"position\":3,\"name\":\"Audifonos Manos Libres Bose Wireless Soundsport Bluetooth &#8211; Negro\"}]},{\"@type\":\"WebSite\",\"@id\":\"https:\\\/\\\/www.integralpro.com.co\\\/#website\",\"url\":\"https:\\\/\\\/www.integralpro.com.co\\\/\",\"name\":\"IntegralPro\",\"description\":\"Tienda de Tecnolog\u00eda en L\u00ednea\",\"publisher\":{\"@id\":\"https:\\\/\\\/www.integralpro.com.co\\\/#organization\"},\"potentialAction\":[{\"@type\":\"SearchAction\",\"target\":{\"@type\":\"EntryPoint\",\"urlTemplate\":\"https:\\\/\\\/www.integralpro.com.co\\\/?s={search_term_string}\"},\"query-input\":{\"@type\":\"PropertyValueSpecification\",\"valueRequired\":true,\"valueName\":\"search_term_string\"}}],\"inLanguage\":\"es\"},{\"@type\":\"Organization\",\"@id\":\"https:\\\/\\\/www.integralpro.com.co\\\/#organization\",\"name\":\"IntegralPro SAS\",\"url\":\"https:\\\/\\\/www.integralpro.com.co\\\/\",\"logo\":{\"@type\":\"ImageObject\",\"inLanguage\":\"es\",\"@id\":\"https:\\\/\\\/www.integralpro.com.co\\\/#\\\/schema\\\/logo\\\/image\\\/\",\"url\":\"https:\\\/\\\/www.integralpro.com.co\\\/wp-content\\\/uploads\\\/2021\\\/02\\\/logo-def.jpg\",\"contentUrl\":\"https:\\\/\\\/www.integralpro.com.co\\\/wp-content\\\/uploads\\\/2021\\\/02\\\/logo-def.jpg\",\"width\":238,\"height\":234,\"caption\":\"IntegralPro SAS\"},\"image\":{\"@id\":\"https:\\\/\\\/www.integralpro.com.co\\\/#\\\/schema\\\/logo\\\/image\\\/\"}}]}<\/script>\n<!-- \/ Yoast SEO plugin. -->","yoast_head_json":{"title":"Audifonos Manos Libres Bose Wireless Soundsport Bluetooth - Negro - IntegralPro","robots":{"index":"index","follow":"follow","max-snippet":"max-snippet:-1","max-image-preview":"max-image-preview:large","max-video-preview":"max-video-preview:-1"},"canonical":"https:\/\/www.integralpro.com.co\/index.php\/producto\/audifonos-manos-libres-bose-wireless-soundsport-bluetooth-negro\/","og_locale":"es_ES","og_type":"article","og_title":"Audifonos Manos Libres Bose Wireless Soundsport Bluetooth - Negro - IntegralPro","og_description":"# DE PARTE: 761529-0010","og_url":"https:\/\/www.integralpro.com.co\/index.php\/producto\/audifonos-manos-libres-bose-wireless-soundsport-bluetooth-negro\/","og_site_name":"IntegralPro","article_modified_time":"2021-02-19T19:47:02+00:00","og_image":[{"width":850,"height":850,"url":"https:\/\/www.integralpro.com.co\/wp-content\/uploads\/2021\/02\/KjxmTF2.jpg","type":"image\/jpeg"}],"twitter_card":"summary_large_image","twitter_misc":{"Tiempo de lectura":"2 minutos"},"schema":{"@context":"https:\/\/schema.org","@graph":[{"@type":"WebPage","@id":"https:\/\/www.integralpro.com.co\/index.php\/producto\/audifonos-manos-libres-bose-wireless-soundsport-bluetooth-negro\/","url":"https:\/\/www.integralpro.com.co\/index.php\/producto\/audifonos-manos-libres-bose-wireless-soundsport-bluetooth-negro\/","name":"Audifonos Manos Libres Bose Wireless Soundsport Bluetooth - Negro - IntegralPro","isPartOf":{"@id":"https:\/\/www.integralpro.com.co\/#website"},"primaryImageOfPage":{"@id":"https:\/\/www.integralpro.com.co\/index.php\/producto\/audifonos-manos-libres-bose-wireless-soundsport-bluetooth-negro\/#primaryimage"},"image":{"@id":"https:\/\/www.integralpro.com.co\/index.php\/producto\/audifonos-manos-libres-bose-wireless-soundsport-bluetooth-negro\/#primaryimage"},"thumbnailUrl":"https:\/\/www.integralpro.com.co\/wp-content\/uploads\/2021\/02\/KjxmTF2.jpg","datePublished":"2021-02-19T19:46:44+00:00","dateModified":"2021-02-19T19:47:02+00:00","breadcrumb":{"@id":"https:\/\/www.integralpro.com.co\/index.php\/producto\/audifonos-manos-libres-bose-wireless-soundsport-bluetooth-negro\/#breadcrumb"},"inLanguage":"es","potentialAction":[{"@type":"ReadAction","target":["https:\/\/www.integralpro.com.co\/index.php\/producto\/audifonos-manos-libres-bose-wireless-soundsport-bluetooth-negro\/"]}]},{"@type":"ImageObject","inLanguage":"es","@id":"https:\/\/www.integralpro.com.co\/index.php\/producto\/audifonos-manos-libres-bose-wireless-soundsport-bluetooth-negro\/#primaryimage","url":"https:\/\/www.integralpro.com.co\/wp-content\/uploads\/2021\/02\/KjxmTF2.jpg","contentUrl":"https:\/\/www.integralpro.com.co\/wp-content\/uploads\/2021\/02\/KjxmTF2.jpg","width":850,"height":850},{"@type":"BreadcrumbList","@id":"https:\/\/www.integralpro.com.co\/index.php\/producto\/audifonos-manos-libres-bose-wireless-soundsport-bluetooth-negro\/#breadcrumb","itemListElement":[{"@type":"ListItem","position":1,"name":"Portada","item":"https:\/\/www.integralpro.com.co\/"},{"@type":"ListItem","position":2,"name":"Tienda","item":"https:\/\/www.integralpro.com.co\/index.php\/tienda\/"},{"@type":"ListItem","position":3,"name":"Audifonos Manos Libres Bose Wireless Soundsport Bluetooth &#8211; Negro"}]},{"@type":"WebSite","@id":"https:\/\/www.integralpro.com.co\/#website","url":"https:\/\/www.integralpro.com.co\/","name":"IntegralPro","description":"Tienda de Tecnolog\u00eda en L\u00ednea","publisher":{"@id":"https:\/\/www.integralpro.com.co\/#organization"},"potentialAction":[{"@type":"SearchAction","target":{"@type":"EntryPoint","urlTemplate":"https:\/\/www.integralpro.com.co\/?s={search_term_string}"},"query-input":{"@type":"PropertyValueSpecification","valueRequired":true,"valueName":"search_term_string"}}],"inLanguage":"es"},{"@type":"Organization","@id":"https:\/\/www.integralpro.com.co\/#organization","name":"IntegralPro SAS","url":"https:\/\/www.integralpro.com.co\/","logo":{"@type":"ImageObject","inLanguage":"es","@id":"https:\/\/www.integralpro.com.co\/#\/schema\/logo\/image\/","url":"https:\/\/www.integralpro.com.co\/wp-content\/uploads\/2021\/02\/logo-def.jpg","contentUrl":"https:\/\/www.integralpro.com.co\/wp-content\/uploads\/2021\/02\/logo-def.jpg","width":238,"height":234,"caption":"IntegralPro SAS"},"image":{"@id":"https:\/\/www.integralpro.com.co\/#\/schema\/logo\/image\/"}}]}},"_links":{"self":[{"href":"https:\/\/www.integralpro.com.co\/index.php\/wp-json\/wp\/v2\/product\/1243","targetHints":{"allow":["GET"]}}],"collection":[{"href":"https:\/\/www.integralpro.com.co\/index.php\/wp-json\/wp\/v2\/product"}],"about":[{"href":"https:\/\/www.integralpro.com.co\/index.php\/wp-json\/wp\/v2\/types\/product"}],"version-history":[{"count":1,"href":"https:\/\/www.integralpro.com.co\/index.php\/wp-json\/wp\/v2\/product\/1243\/revisions"}],"predecessor-version":[{"id":1297,"href":"https:\/\/www.integralpro.com.co\/index.php\/wp-json\/wp\/v2\/product\/1243\/revisions\/1297"}],"wp:featuredmedia":[{"embeddable":true,"href":"https:\/\/www.integralpro.com.co\/index.php\/wp-json\/wp\/v2\/media\/1296"}],"wp:attachment":[{"href":"https:\/\/www.integralpro.com.co\/index.php\/wp-json\/wp\/v2\/media?parent=1243"}],"wp:term":[{"taxonomy":"product_brand","embeddable":true,"href":"https:\/\/www.integralpro.com.co\/index.php\/wp-json\/wp\/v2\/product_brand?post=1243"},{"taxonomy":"product_cat","embeddable":true,"href":"https:\/\/www.integralpro.com.co\/index.php\/wp-json\/wp\/v2\/product_cat?post=1243"},{"taxonomy":"product_tag","embeddable":true,"href":"https:\/\/www.integralpro.com.co\/index.php\/wp-json\/wp\/v2\/product_tag?post=1243"}],"curies":[{"name":"wp","href":"https:\/\/api.w.org\/{rel}","templated":true}]}}