{"id":1230,"date":"2021-02-19T14:46:43","date_gmt":"2021-02-19T19:46:43","guid":{"rendered":"https:\/\/www.integralpro.com.co\/index.php\/producto\/import-placeholder-for-853\/"},"modified":"2021-02-23T14:19:10","modified_gmt":"2021-02-23T19:19:10","slug":"altavoz-bose-soundlink-micro-bluetooth-azul","status":"publish","type":"product","link":"https:\/\/www.integralpro.com.co\/index.php\/producto\/altavoz-bose-soundlink-micro-bluetooth-azul\/","title":{"rendered":"Altavoz Bose Soundlink Micro Bluetooth &#8211; Azul"},"content":{"rendered":"<p style=\"text-align: justify;\">La transmisi\u00f3n de audio inal\u00e1mbrica y la portabilidad se combinan en el Altavoz Bluetooth Bose SoundLink Micro en azul noche con una correa violeta ahumada. Este altavoz se combina con dispositivos a trav\u00e9s de Bluetooth 4.2 con \u00fatiles indicaciones de voz, lo que le permite transmitir sus canciones favoritas a trav\u00e9s de su controlador de 40 mm y radiadores pasivos dobles. Tambi\u00e9n se puede emparejar con una unidad compatible para el modo fiesta, donde todos los altavoces reproducen la misma pista, o modo est\u00e9reo, donde uno toca el canal izquierdo y el otro reproduce el canal correcto.<\/p>\n<p style=\"text-align: justify;\"><strong>Resistente al agua<\/strong><\/p>\n<p style=\"text-align: justify;\">La impermeabilizaci\u00f3n IPX7 le permite usarlo junto a la piscina o bajo la lluvia y la aplicaci\u00f3n Bose Connect permite el control desde lejos a trav\u00e9s de su tel\u00e9fono inteligente. Alternativamente, la pista y el volumen se pueden controlar con botones en el dispositivo. Cuando se recibe una llamada, utiliza SoundLink Micro como altavoz, o \u00fasala para acceder al Asistente de Google o a Siri. Tambi\u00e9n es compatible con Echo y Echo Dot de Amazon. El altavoz est\u00e1 equipado con una bater\u00eda de iones de litio recargable incorporada que proporciona hasta seis horas de tiempo de reproducci\u00f3n. El SoundLink Micro se carga a trav\u00e9s de su interfaz micro-USB.<\/p>\n<p style=\"text-align: justify;\"><strong>Especificaciones T\u00e9cnicas<\/strong><\/p>\n<p style=\"text-align: justify;\">Dimensiones: 9.8 x 9.8 x 3.5 cm<br \/>\nPeso: 0.62 Kg<br \/>\nConectividad inal\u00e1mbrica: Bluetooth 4.2<br \/>\nPerfiles Bluetooth A2DP 1.3.1 AVRCP 1.6<br \/>\nAlcance inal\u00e1mbrico: 33 &#8216;(10 m)<br \/>\nEst\u00e1ndar de Impermeabilidad: IPX7<br \/>\nImpermeabilizaci\u00f3n:\u00a0 a 3.3 &#8216;(1 m) hasta 30 minutos<br \/>\nPuertos y conectores: 1 x micro-USB<br \/>\nTipo de bater\u00eda: de iones de litio<br \/>\nDuraci\u00f3n de la bater\u00eda: hasta 6 horas<br \/>\nTiempo de carga de la bater\u00eda: Aproximadamente 4 horas con un cargador de 1 A<br \/>\nColor: Azul<\/p>\n<p style=\"text-align: justify;\"><strong>Contenido Del Paquete<\/strong><\/p>\n<p style=\"text-align: justify;\">Altavoz Bluetooth Bose SoundLink Micro &#8211; Cable de carga USB &#8211; Documentaci\u00f3n<\/p>\n","protected":false},"excerpt":{"rendered":"<p># DE PARTE: 783342-0500<\/p>\n","protected":false},"featured_media":3627,"template":"","meta":{"site-sidebar-layout":"default","site-content-layout":"default","ast-site-content-layout":"default","site-content-style":"default","site-sidebar-style":"default","ast-global-header-display":"","ast-banner-title-visibility":"","ast-main-header-display":"","ast-hfb-above-header-display":"","ast-hfb-below-header-display":"","ast-hfb-mobile-header-display":"","site-post-title":"","ast-breadcrumbs-content":"","ast-featured-img":"","footer-sml-layout":"","ast-disable-related-posts":"","theme-transparent-header-meta":"default","adv-header-id-meta":"","stick-header-meta":"","header-above-stick-meta":"","header-main-stick-meta":"","header-below-stick-meta":"","astra-migrate-meta-layouts":"default","ast-page-background-enabled":"default","ast-page-background-meta":{"desktop":{"background-color":"var(--ast-global-color-4)","background-image":"","background-repeat":"repeat","background-position":"center center","background-size":"auto","background-attachment":"scroll","background-type":"","background-media":"","overlay-type":"","overlay-color":"","overlay-opacity":"","overlay-gradient":""},"tablet":{"background-color":"","background-image":"","background-repeat":"repeat","background-position":"center center","background-size":"auto","background-attachment":"scroll","background-type":"","background-media":"","overlay-type":"","overlay-color":"","overlay-opacity":"","overlay-gradient":""},"mobile":{"background-color":"","background-image":"","background-repeat":"repeat","background-position":"center center","background-size":"auto","background-attachment":"scroll","background-type":"","background-media":"","overlay-type":"","overlay-color":"","overlay-opacity":"","overlay-gradient":""}},"ast-content-background-meta":{"desktop":{"background-color":"var(--ast-global-color-5)","background-image":"","background-repeat":"repeat","background-position":"center center","background-size":"auto","background-attachment":"scroll","background-type":"","background-media":"","overlay-type":"","overlay-color":"","overlay-opacity":"","overlay-gradient":""},"tablet":{"background-color":"var(--ast-global-color-5)","background-image":"","background-repeat":"repeat","background-position":"center center","background-size":"auto","background-attachment":"scroll","background-type":"","background-media":"","overlay-type":"","overlay-color":"","overlay-opacity":"","overlay-gradient":""},"mobile":{"background-color":"var(--ast-global-color-5)","background-image":"","background-repeat":"repeat","background-position":"center center","background-size":"auto","background-attachment":"scroll","background-type":"","background-media":"","overlay-type":"","overlay-color":"","overlay-opacity":"","overlay-gradient":""}}},"product_brand":[],"product_cat":[51,100,104,102],"product_tag":[66],"class_list":{"0":"post-1230","1":"product","2":"type-product","3":"status-publish","4":"has-post-thumbnail","6":"product_cat-audio","7":"product_cat-audio-portatil","8":"product_cat-bose","9":"product_cat-parlantes","10":"product_tag-bose","11":"desktop-align-left","12":"tablet-align-left","13":"mobile-align-left","15":"first","16":"instock","17":"taxable","18":"shipping-taxable","19":"product-type-simple"},"yoast_head":"<!-- This site is optimized with the Yoast SEO plugin v27.3 - https:\/\/yoast.com\/product\/yoast-seo-wordpress\/ -->\n<title>Altavoz Bose Soundlink Micro Bluetooth - Azul - IntegralPro<\/title>\n<meta name=\"robots\" content=\"index, follow, max-snippet:-1, max-image-preview:large, max-video-preview:-1\" \/>\n<link rel=\"canonical\" href=\"https:\/\/www.integralpro.com.co\/index.php\/producto\/altavoz-bose-soundlink-micro-bluetooth-azul\/\" \/>\n<meta property=\"og:locale\" content=\"es_ES\" \/>\n<meta property=\"og:type\" content=\"article\" \/>\n<meta property=\"og:title\" content=\"Altavoz Bose Soundlink Micro Bluetooth - Azul - IntegralPro\" \/>\n<meta property=\"og:description\" content=\"# DE PARTE: 783342-0500\" \/>\n<meta property=\"og:url\" content=\"https:\/\/www.integralpro.com.co\/index.php\/producto\/altavoz-bose-soundlink-micro-bluetooth-azul\/\" \/>\n<meta property=\"og:site_name\" content=\"IntegralPro\" \/>\n<meta property=\"article:modified_time\" content=\"2021-02-23T19:19:10+00:00\" \/>\n<meta property=\"og:image\" content=\"https:\/\/www.integralpro.com.co\/wp-content\/uploads\/2021\/02\/Altavoz-Bose-Soundlink-Micro-Bluetooth-Azul.jpg\" \/>\n\t<meta property=\"og:image:width\" content=\"1200\" \/>\n\t<meta property=\"og:image:height\" content=\"1022\" \/>\n\t<meta property=\"og:image:type\" content=\"image\/jpeg\" \/>\n<meta name=\"twitter:card\" content=\"summary_large_image\" \/>\n<meta name=\"twitter:label1\" content=\"Tiempo de lectura\" \/>\n\t<meta name=\"twitter:data1\" content=\"2 minutos\" \/>\n<script type=\"application\/ld+json\" class=\"yoast-schema-graph\">{\"@context\":\"https:\\\/\\\/schema.org\",\"@graph\":[{\"@type\":\"WebPage\",\"@id\":\"https:\\\/\\\/www.integralpro.com.co\\\/index.php\\\/producto\\\/altavoz-bose-soundlink-micro-bluetooth-azul\\\/\",\"url\":\"https:\\\/\\\/www.integralpro.com.co\\\/index.php\\\/producto\\\/altavoz-bose-soundlink-micro-bluetooth-azul\\\/\",\"name\":\"Altavoz Bose Soundlink Micro Bluetooth - Azul - IntegralPro\",\"isPartOf\":{\"@id\":\"https:\\\/\\\/www.integralpro.com.co\\\/#website\"},\"primaryImageOfPage\":{\"@id\":\"https:\\\/\\\/www.integralpro.com.co\\\/index.php\\\/producto\\\/altavoz-bose-soundlink-micro-bluetooth-azul\\\/#primaryimage\"},\"image\":{\"@id\":\"https:\\\/\\\/www.integralpro.com.co\\\/index.php\\\/producto\\\/altavoz-bose-soundlink-micro-bluetooth-azul\\\/#primaryimage\"},\"thumbnailUrl\":\"https:\\\/\\\/www.integralpro.com.co\\\/wp-content\\\/uploads\\\/2021\\\/02\\\/Altavoz-Bose-Soundlink-Micro-Bluetooth-Azul.jpg\",\"datePublished\":\"2021-02-19T19:46:43+00:00\",\"dateModified\":\"2021-02-23T19:19:10+00:00\",\"breadcrumb\":{\"@id\":\"https:\\\/\\\/www.integralpro.com.co\\\/index.php\\\/producto\\\/altavoz-bose-soundlink-micro-bluetooth-azul\\\/#breadcrumb\"},\"inLanguage\":\"es\",\"potentialAction\":[{\"@type\":\"ReadAction\",\"target\":[\"https:\\\/\\\/www.integralpro.com.co\\\/index.php\\\/producto\\\/altavoz-bose-soundlink-micro-bluetooth-azul\\\/\"]}]},{\"@type\":\"ImageObject\",\"inLanguage\":\"es\",\"@id\":\"https:\\\/\\\/www.integralpro.com.co\\\/index.php\\\/producto\\\/altavoz-bose-soundlink-micro-bluetooth-azul\\\/#primaryimage\",\"url\":\"https:\\\/\\\/www.integralpro.com.co\\\/wp-content\\\/uploads\\\/2021\\\/02\\\/Altavoz-Bose-Soundlink-Micro-Bluetooth-Azul.jpg\",\"contentUrl\":\"https:\\\/\\\/www.integralpro.com.co\\\/wp-content\\\/uploads\\\/2021\\\/02\\\/Altavoz-Bose-Soundlink-Micro-Bluetooth-Azul.jpg\",\"width\":1200,\"height\":1022},{\"@type\":\"BreadcrumbList\",\"@id\":\"https:\\\/\\\/www.integralpro.com.co\\\/index.php\\\/producto\\\/altavoz-bose-soundlink-micro-bluetooth-azul\\\/#breadcrumb\",\"itemListElement\":[{\"@type\":\"ListItem\",\"position\":1,\"name\":\"Portada\",\"item\":\"https:\\\/\\\/www.integralpro.com.co\\\/\"},{\"@type\":\"ListItem\",\"position\":2,\"name\":\"Tienda\",\"item\":\"https:\\\/\\\/www.integralpro.com.co\\\/index.php\\\/tienda\\\/\"},{\"@type\":\"ListItem\",\"position\":3,\"name\":\"Altavoz Bose Soundlink Micro Bluetooth &#8211; Azul\"}]},{\"@type\":\"WebSite\",\"@id\":\"https:\\\/\\\/www.integralpro.com.co\\\/#website\",\"url\":\"https:\\\/\\\/www.integralpro.com.co\\\/\",\"name\":\"IntegralPro\",\"description\":\"Tienda de Tecnolog\u00eda en L\u00ednea\",\"publisher\":{\"@id\":\"https:\\\/\\\/www.integralpro.com.co\\\/#organization\"},\"potentialAction\":[{\"@type\":\"SearchAction\",\"target\":{\"@type\":\"EntryPoint\",\"urlTemplate\":\"https:\\\/\\\/www.integralpro.com.co\\\/?s={search_term_string}\"},\"query-input\":{\"@type\":\"PropertyValueSpecification\",\"valueRequired\":true,\"valueName\":\"search_term_string\"}}],\"inLanguage\":\"es\"},{\"@type\":\"Organization\",\"@id\":\"https:\\\/\\\/www.integralpro.com.co\\\/#organization\",\"name\":\"IntegralPro SAS\",\"url\":\"https:\\\/\\\/www.integralpro.com.co\\\/\",\"logo\":{\"@type\":\"ImageObject\",\"inLanguage\":\"es\",\"@id\":\"https:\\\/\\\/www.integralpro.com.co\\\/#\\\/schema\\\/logo\\\/image\\\/\",\"url\":\"https:\\\/\\\/www.integralpro.com.co\\\/wp-content\\\/uploads\\\/2021\\\/02\\\/logo-def.jpg\",\"contentUrl\":\"https:\\\/\\\/www.integralpro.com.co\\\/wp-content\\\/uploads\\\/2021\\\/02\\\/logo-def.jpg\",\"width\":238,\"height\":234,\"caption\":\"IntegralPro SAS\"},\"image\":{\"@id\":\"https:\\\/\\\/www.integralpro.com.co\\\/#\\\/schema\\\/logo\\\/image\\\/\"}}]}<\/script>\n<!-- \/ Yoast SEO plugin. -->","yoast_head_json":{"title":"Altavoz Bose Soundlink Micro Bluetooth - Azul - IntegralPro","robots":{"index":"index","follow":"follow","max-snippet":"max-snippet:-1","max-image-preview":"max-image-preview:large","max-video-preview":"max-video-preview:-1"},"canonical":"https:\/\/www.integralpro.com.co\/index.php\/producto\/altavoz-bose-soundlink-micro-bluetooth-azul\/","og_locale":"es_ES","og_type":"article","og_title":"Altavoz Bose Soundlink Micro Bluetooth - Azul - IntegralPro","og_description":"# DE PARTE: 783342-0500","og_url":"https:\/\/www.integralpro.com.co\/index.php\/producto\/altavoz-bose-soundlink-micro-bluetooth-azul\/","og_site_name":"IntegralPro","article_modified_time":"2021-02-23T19:19:10+00:00","og_image":[{"width":1200,"height":1022,"url":"https:\/\/www.integralpro.com.co\/wp-content\/uploads\/2021\/02\/Altavoz-Bose-Soundlink-Micro-Bluetooth-Azul.jpg","type":"image\/jpeg"}],"twitter_card":"summary_large_image","twitter_misc":{"Tiempo de lectura":"2 minutos"},"schema":{"@context":"https:\/\/schema.org","@graph":[{"@type":"WebPage","@id":"https:\/\/www.integralpro.com.co\/index.php\/producto\/altavoz-bose-soundlink-micro-bluetooth-azul\/","url":"https:\/\/www.integralpro.com.co\/index.php\/producto\/altavoz-bose-soundlink-micro-bluetooth-azul\/","name":"Altavoz Bose Soundlink Micro Bluetooth - Azul - IntegralPro","isPartOf":{"@id":"https:\/\/www.integralpro.com.co\/#website"},"primaryImageOfPage":{"@id":"https:\/\/www.integralpro.com.co\/index.php\/producto\/altavoz-bose-soundlink-micro-bluetooth-azul\/#primaryimage"},"image":{"@id":"https:\/\/www.integralpro.com.co\/index.php\/producto\/altavoz-bose-soundlink-micro-bluetooth-azul\/#primaryimage"},"thumbnailUrl":"https:\/\/www.integralpro.com.co\/wp-content\/uploads\/2021\/02\/Altavoz-Bose-Soundlink-Micro-Bluetooth-Azul.jpg","datePublished":"2021-02-19T19:46:43+00:00","dateModified":"2021-02-23T19:19:10+00:00","breadcrumb":{"@id":"https:\/\/www.integralpro.com.co\/index.php\/producto\/altavoz-bose-soundlink-micro-bluetooth-azul\/#breadcrumb"},"inLanguage":"es","potentialAction":[{"@type":"ReadAction","target":["https:\/\/www.integralpro.com.co\/index.php\/producto\/altavoz-bose-soundlink-micro-bluetooth-azul\/"]}]},{"@type":"ImageObject","inLanguage":"es","@id":"https:\/\/www.integralpro.com.co\/index.php\/producto\/altavoz-bose-soundlink-micro-bluetooth-azul\/#primaryimage","url":"https:\/\/www.integralpro.com.co\/wp-content\/uploads\/2021\/02\/Altavoz-Bose-Soundlink-Micro-Bluetooth-Azul.jpg","contentUrl":"https:\/\/www.integralpro.com.co\/wp-content\/uploads\/2021\/02\/Altavoz-Bose-Soundlink-Micro-Bluetooth-Azul.jpg","width":1200,"height":1022},{"@type":"BreadcrumbList","@id":"https:\/\/www.integralpro.com.co\/index.php\/producto\/altavoz-bose-soundlink-micro-bluetooth-azul\/#breadcrumb","itemListElement":[{"@type":"ListItem","position":1,"name":"Portada","item":"https:\/\/www.integralpro.com.co\/"},{"@type":"ListItem","position":2,"name":"Tienda","item":"https:\/\/www.integralpro.com.co\/index.php\/tienda\/"},{"@type":"ListItem","position":3,"name":"Altavoz Bose Soundlink Micro Bluetooth &#8211; Azul"}]},{"@type":"WebSite","@id":"https:\/\/www.integralpro.com.co\/#website","url":"https:\/\/www.integralpro.com.co\/","name":"IntegralPro","description":"Tienda de Tecnolog\u00eda en L\u00ednea","publisher":{"@id":"https:\/\/www.integralpro.com.co\/#organization"},"potentialAction":[{"@type":"SearchAction","target":{"@type":"EntryPoint","urlTemplate":"https:\/\/www.integralpro.com.co\/?s={search_term_string}"},"query-input":{"@type":"PropertyValueSpecification","valueRequired":true,"valueName":"search_term_string"}}],"inLanguage":"es"},{"@type":"Organization","@id":"https:\/\/www.integralpro.com.co\/#organization","name":"IntegralPro SAS","url":"https:\/\/www.integralpro.com.co\/","logo":{"@type":"ImageObject","inLanguage":"es","@id":"https:\/\/www.integralpro.com.co\/#\/schema\/logo\/image\/","url":"https:\/\/www.integralpro.com.co\/wp-content\/uploads\/2021\/02\/logo-def.jpg","contentUrl":"https:\/\/www.integralpro.com.co\/wp-content\/uploads\/2021\/02\/logo-def.jpg","width":238,"height":234,"caption":"IntegralPro SAS"},"image":{"@id":"https:\/\/www.integralpro.com.co\/#\/schema\/logo\/image\/"}}]}},"_links":{"self":[{"href":"https:\/\/www.integralpro.com.co\/index.php\/wp-json\/wp\/v2\/product\/1230","targetHints":{"allow":["GET"]}}],"collection":[{"href":"https:\/\/www.integralpro.com.co\/index.php\/wp-json\/wp\/v2\/product"}],"about":[{"href":"https:\/\/www.integralpro.com.co\/index.php\/wp-json\/wp\/v2\/types\/product"}],"version-history":[{"count":2,"href":"https:\/\/www.integralpro.com.co\/index.php\/wp-json\/wp\/v2\/product\/1230\/revisions"}],"predecessor-version":[{"id":3628,"href":"https:\/\/www.integralpro.com.co\/index.php\/wp-json\/wp\/v2\/product\/1230\/revisions\/3628"}],"wp:featuredmedia":[{"embeddable":true,"href":"https:\/\/www.integralpro.com.co\/index.php\/wp-json\/wp\/v2\/media\/3627"}],"wp:attachment":[{"href":"https:\/\/www.integralpro.com.co\/index.php\/wp-json\/wp\/v2\/media?parent=1230"}],"wp:term":[{"taxonomy":"product_brand","embeddable":true,"href":"https:\/\/www.integralpro.com.co\/index.php\/wp-json\/wp\/v2\/product_brand?post=1230"},{"taxonomy":"product_cat","embeddable":true,"href":"https:\/\/www.integralpro.com.co\/index.php\/wp-json\/wp\/v2\/product_cat?post=1230"},{"taxonomy":"product_tag","embeddable":true,"href":"https:\/\/www.integralpro.com.co\/index.php\/wp-json\/wp\/v2\/product_tag?post=1230"}],"curies":[{"name":"wp","href":"https:\/\/api.w.org\/{rel}","templated":true}]}}