{"id":1226,"date":"2021-02-19T14:46:43","date_gmt":"2021-02-19T19:46:43","guid":{"rendered":"https:\/\/www.integralpro.com.co\/index.php\/producto\/import-placeholder-for-849\/"},"modified":"2021-02-23T12:00:47","modified_gmt":"2021-02-23T17:00:47","slug":"aire-acondicionado-lg-minisplit-dualcool-18-000-btu-h-r-410a","status":"publish","type":"product","link":"https:\/\/www.integralpro.com.co\/index.php\/producto\/aire-acondicionado-lg-minisplit-dualcool-18-000-btu-h-r-410a\/","title":{"rendered":"Aire Acondicionado Lg Minisplit Dualcool 18.000 Btu\/H R-410A"},"content":{"rendered":"<p>Los aires acondicionados de LG funcionan a bajos niveles de ruido, gracias al exclusivo ventilador de inclinaci\u00f3n de LG y al compresor Dual Inverter, que eliminan ruidos innecesarios y permiten un funcionamiento silencioso.<\/p>\n<p>&nbsp;<\/p>\n<p><strong>Filtro Multiprotecci\u00f3n<\/strong><\/p>\n<p>La tecnolog\u00eda avanzada de 3M y LG eliminan las micro part\u00edculas nocivas incluyendo virus, bacterias y alerg\u00e9nos para proporcionar un ambiente m\u00e1s seguro y saludable.<\/p>\n<p>&nbsp;<\/p>\n<p><strong>Seguro Alto Voltaje<\/strong><\/p>\n<p>LG PCB (Placa de circuito de energ\u00eda) ha sido actualizado para aumentar su capacidad de soportar variaciones de voltaje, garantizando as\u00ed la seguridad contra sobretensiones, al tiempo que fortalece la durabilidad del aire acondicionado.<\/p>\n<p>&nbsp;<\/p>\n<p><strong>F\u00e1cil y r\u00e1pida instalaci\u00f3n<\/strong><\/p>\n<p>Los aires acondicionados LG est\u00e1n dise\u00f1ados para una instalaci\u00f3n m\u00e1s f\u00e1cil y eficiente, sin importar el entorno y el n\u00famero de<br \/>\npersonas involucradas en el proceso de instalaci\u00f3n. Al reducir la mano de obra y el tiempo necesario para la instalaci\u00f3n, ahora es posible instalar m\u00e1s aires en m\u00e1s casas en un per\u00edodo m\u00e1s corto de tiempo.<\/p>\n<p>&nbsp;<\/p>\n<p><strong>Especificaciones T\u00e9cnicas<\/strong><\/p>\n<p>Dimensiones Manejadora: 99.8 x 33 x 21 cm<br \/>\nDimensiones Condensadora: 77 x 54.5 x 28.8 cm<br \/>\nPeso Manejadora: 12.1 kg<br \/>\nPeso Condensadora: 35.2 Kg<br \/>\nCapacidad de enfr\u00edamiento (Btu\/h): 3,685~18,000~18,300<br \/>\nCapacidad de enfriamiento (Kw): 1.08 ~ 5.28 ~ 5.36<br \/>\nConsumo (W): 1620<br \/>\nEER (Btu\/h.w): 3.26<br \/>\nEER (W\/W): 11.11<br \/>\nFase\/voltaje\/frecuencia (\u00f8\/V\/Hz): 1\/220\/60<br \/>\nIntercambiador de calor Material Tuberia\/aleta: Cu\/Al<br \/>\nColor: Blanco<\/p>\n<p>&nbsp;<\/p>\n<p><strong>Contenido Del Paquete<\/strong><\/p>\n<p>DUALCOOL &#8211; Control &#8211; Documentaci\u00f3n<\/p>\n","protected":false},"excerpt":{"rendered":"<p># DE PARTE: VM182C7<\/p>\n","protected":false},"featured_media":3620,"template":"","meta":{"site-sidebar-layout":"default","site-content-layout":"default","ast-site-content-layout":"default","site-content-style":"default","site-sidebar-style":"default","ast-global-header-display":"","ast-banner-title-visibility":"","ast-main-header-display":"","ast-hfb-above-header-display":"","ast-hfb-below-header-display":"","ast-hfb-mobile-header-display":"","site-post-title":"","ast-breadcrumbs-content":"","ast-featured-img":"","footer-sml-layout":"","ast-disable-related-posts":"","theme-transparent-header-meta":"default","adv-header-id-meta":"","stick-header-meta":"","header-above-stick-meta":"","header-main-stick-meta":"","header-below-stick-meta":"","astra-migrate-meta-layouts":"default","ast-page-background-enabled":"default","ast-page-background-meta":{"desktop":{"background-color":"var(--ast-global-color-4)","background-image":"","background-repeat":"repeat","background-position":"center center","background-size":"auto","background-attachment":"scroll","background-type":"","background-media":"","overlay-type":"","overlay-color":"","overlay-opacity":"","overlay-gradient":""},"tablet":{"background-color":"","background-image":"","background-repeat":"repeat","background-position":"center center","background-size":"auto","background-attachment":"scroll","background-type":"","background-media":"","overlay-type":"","overlay-color":"","overlay-opacity":"","overlay-gradient":""},"mobile":{"background-color":"","background-image":"","background-repeat":"repeat","background-position":"center center","background-size":"auto","background-attachment":"scroll","background-type":"","background-media":"","overlay-type":"","overlay-color":"","overlay-opacity":"","overlay-gradient":""}},"ast-content-background-meta":{"desktop":{"background-color":"var(--ast-global-color-5)","background-image":"","background-repeat":"repeat","background-position":"center center","background-size":"auto","background-attachment":"scroll","background-type":"","background-media":"","overlay-type":"","overlay-color":"","overlay-opacity":"","overlay-gradient":""},"tablet":{"background-color":"var(--ast-global-color-5)","background-image":"","background-repeat":"repeat","background-position":"center center","background-size":"auto","background-attachment":"scroll","background-type":"","background-media":"","overlay-type":"","overlay-color":"","overlay-opacity":"","overlay-gradient":""},"mobile":{"background-color":"var(--ast-global-color-5)","background-image":"","background-repeat":"repeat","background-position":"center center","background-size":"auto","background-attachment":"scroll","background-type":"","background-media":"","overlay-type":"","overlay-color":"","overlay-opacity":"","overlay-gradient":""}}},"product_brand":[],"product_cat":[50,92],"product_tag":[439],"class_list":{"0":"post-1226","1":"product","2":"type-product","3":"status-publish","4":"has-post-thumbnail","6":"product_cat-aires-acondicionados","7":"product_cat-minisplits-inverter","8":"product_tag-lg","9":"desktop-align-left","10":"tablet-align-left","11":"mobile-align-left","13":"first","14":"instock","15":"taxable","16":"shipping-taxable","17":"product-type-simple"},"yoast_head":"<!-- This site is optimized with the Yoast SEO plugin v27.5 - https:\/\/yoast.com\/product\/yoast-seo-wordpress\/ -->\n<title>Aire Acondicionado Lg Minisplit Dualcool 18.000 Btu\/H R-410A - IntegralPro<\/title>\n<meta name=\"robots\" content=\"index, follow, max-snippet:-1, max-image-preview:large, max-video-preview:-1\" \/>\n<link rel=\"canonical\" href=\"https:\/\/www.integralpro.com.co\/index.php\/producto\/aire-acondicionado-lg-minisplit-dualcool-18-000-btu-h-r-410a\/\" \/>\n<meta property=\"og:locale\" content=\"es_ES\" \/>\n<meta property=\"og:type\" content=\"article\" \/>\n<meta property=\"og:title\" content=\"Aire Acondicionado Lg Minisplit Dualcool 18.000 Btu\/H R-410A - IntegralPro\" \/>\n<meta property=\"og:description\" content=\"# DE PARTE: VM182C7\" \/>\n<meta property=\"og:url\" content=\"https:\/\/www.integralpro.com.co\/index.php\/producto\/aire-acondicionado-lg-minisplit-dualcool-18-000-btu-h-r-410a\/\" \/>\n<meta property=\"og:site_name\" content=\"IntegralPro\" \/>\n<meta property=\"article:modified_time\" content=\"2021-02-23T17:00:47+00:00\" \/>\n<meta property=\"og:image\" content=\"https:\/\/www.integralpro.com.co\/wp-content\/uploads\/2021\/02\/Aire-Acondicionado-Lg-Minisplit-Dualcool-VM182C7.jpg\" \/>\n\t<meta property=\"og:image:width\" content=\"1500\" \/>\n\t<meta property=\"og:image:height\" content=\"1500\" \/>\n\t<meta property=\"og:image:type\" content=\"image\/jpeg\" \/>\n<meta name=\"twitter:card\" content=\"summary_large_image\" \/>\n<meta name=\"twitter:label1\" content=\"Tiempo de lectura\" \/>\n\t<meta name=\"twitter:data1\" content=\"1 minuto\" \/>\n<script type=\"application\/ld+json\" class=\"yoast-schema-graph\">{\"@context\":\"https:\\\/\\\/schema.org\",\"@graph\":[{\"@type\":\"WebPage\",\"@id\":\"https:\\\/\\\/www.integralpro.com.co\\\/index.php\\\/producto\\\/aire-acondicionado-lg-minisplit-dualcool-18-000-btu-h-r-410a\\\/\",\"url\":\"https:\\\/\\\/www.integralpro.com.co\\\/index.php\\\/producto\\\/aire-acondicionado-lg-minisplit-dualcool-18-000-btu-h-r-410a\\\/\",\"name\":\"Aire Acondicionado Lg Minisplit Dualcool 18.000 Btu\\\/H R-410A - IntegralPro\",\"isPartOf\":{\"@id\":\"https:\\\/\\\/www.integralpro.com.co\\\/#website\"},\"primaryImageOfPage\":{\"@id\":\"https:\\\/\\\/www.integralpro.com.co\\\/index.php\\\/producto\\\/aire-acondicionado-lg-minisplit-dualcool-18-000-btu-h-r-410a\\\/#primaryimage\"},\"image\":{\"@id\":\"https:\\\/\\\/www.integralpro.com.co\\\/index.php\\\/producto\\\/aire-acondicionado-lg-minisplit-dualcool-18-000-btu-h-r-410a\\\/#primaryimage\"},\"thumbnailUrl\":\"https:\\\/\\\/www.integralpro.com.co\\\/wp-content\\\/uploads\\\/2021\\\/02\\\/Aire-Acondicionado-Lg-Minisplit-Dualcool-VM182C7.jpg\",\"datePublished\":\"2021-02-19T19:46:43+00:00\",\"dateModified\":\"2021-02-23T17:00:47+00:00\",\"breadcrumb\":{\"@id\":\"https:\\\/\\\/www.integralpro.com.co\\\/index.php\\\/producto\\\/aire-acondicionado-lg-minisplit-dualcool-18-000-btu-h-r-410a\\\/#breadcrumb\"},\"inLanguage\":\"es\",\"potentialAction\":[{\"@type\":\"ReadAction\",\"target\":[\"https:\\\/\\\/www.integralpro.com.co\\\/index.php\\\/producto\\\/aire-acondicionado-lg-minisplit-dualcool-18-000-btu-h-r-410a\\\/\"]}]},{\"@type\":\"ImageObject\",\"inLanguage\":\"es\",\"@id\":\"https:\\\/\\\/www.integralpro.com.co\\\/index.php\\\/producto\\\/aire-acondicionado-lg-minisplit-dualcool-18-000-btu-h-r-410a\\\/#primaryimage\",\"url\":\"https:\\\/\\\/www.integralpro.com.co\\\/wp-content\\\/uploads\\\/2021\\\/02\\\/Aire-Acondicionado-Lg-Minisplit-Dualcool-VM182C7.jpg\",\"contentUrl\":\"https:\\\/\\\/www.integralpro.com.co\\\/wp-content\\\/uploads\\\/2021\\\/02\\\/Aire-Acondicionado-Lg-Minisplit-Dualcool-VM182C7.jpg\",\"width\":1500,\"height\":1500},{\"@type\":\"BreadcrumbList\",\"@id\":\"https:\\\/\\\/www.integralpro.com.co\\\/index.php\\\/producto\\\/aire-acondicionado-lg-minisplit-dualcool-18-000-btu-h-r-410a\\\/#breadcrumb\",\"itemListElement\":[{\"@type\":\"ListItem\",\"position\":1,\"name\":\"Portada\",\"item\":\"https:\\\/\\\/www.integralpro.com.co\\\/\"},{\"@type\":\"ListItem\",\"position\":2,\"name\":\"Tienda\",\"item\":\"https:\\\/\\\/www.integralpro.com.co\\\/index.php\\\/tienda\\\/\"},{\"@type\":\"ListItem\",\"position\":3,\"name\":\"Aire Acondicionado Lg Minisplit Dualcool 18.000 Btu\\\/H R-410A\"}]},{\"@type\":\"WebSite\",\"@id\":\"https:\\\/\\\/www.integralpro.com.co\\\/#website\",\"url\":\"https:\\\/\\\/www.integralpro.com.co\\\/\",\"name\":\"IntegralPro\",\"description\":\"Tienda de Tecnolog\u00eda en L\u00ednea\",\"publisher\":{\"@id\":\"https:\\\/\\\/www.integralpro.com.co\\\/#organization\"},\"potentialAction\":[{\"@type\":\"SearchAction\",\"target\":{\"@type\":\"EntryPoint\",\"urlTemplate\":\"https:\\\/\\\/www.integralpro.com.co\\\/?s={search_term_string}\"},\"query-input\":{\"@type\":\"PropertyValueSpecification\",\"valueRequired\":true,\"valueName\":\"search_term_string\"}}],\"inLanguage\":\"es\"},{\"@type\":\"Organization\",\"@id\":\"https:\\\/\\\/www.integralpro.com.co\\\/#organization\",\"name\":\"IntegralPro SAS\",\"url\":\"https:\\\/\\\/www.integralpro.com.co\\\/\",\"logo\":{\"@type\":\"ImageObject\",\"inLanguage\":\"es\",\"@id\":\"https:\\\/\\\/www.integralpro.com.co\\\/#\\\/schema\\\/logo\\\/image\\\/\",\"url\":\"https:\\\/\\\/www.integralpro.com.co\\\/wp-content\\\/uploads\\\/2021\\\/02\\\/logo-def.jpg\",\"contentUrl\":\"https:\\\/\\\/www.integralpro.com.co\\\/wp-content\\\/uploads\\\/2021\\\/02\\\/logo-def.jpg\",\"width\":238,\"height\":234,\"caption\":\"IntegralPro SAS\"},\"image\":{\"@id\":\"https:\\\/\\\/www.integralpro.com.co\\\/#\\\/schema\\\/logo\\\/image\\\/\"}}]}<\/script>\n<!-- \/ Yoast SEO plugin. -->","yoast_head_json":{"title":"Aire Acondicionado Lg Minisplit Dualcool 18.000 Btu\/H R-410A - IntegralPro","robots":{"index":"index","follow":"follow","max-snippet":"max-snippet:-1","max-image-preview":"max-image-preview:large","max-video-preview":"max-video-preview:-1"},"canonical":"https:\/\/www.integralpro.com.co\/index.php\/producto\/aire-acondicionado-lg-minisplit-dualcool-18-000-btu-h-r-410a\/","og_locale":"es_ES","og_type":"article","og_title":"Aire Acondicionado Lg Minisplit Dualcool 18.000 Btu\/H R-410A - IntegralPro","og_description":"# DE PARTE: VM182C7","og_url":"https:\/\/www.integralpro.com.co\/index.php\/producto\/aire-acondicionado-lg-minisplit-dualcool-18-000-btu-h-r-410a\/","og_site_name":"IntegralPro","article_modified_time":"2021-02-23T17:00:47+00:00","og_image":[{"width":1500,"height":1500,"url":"https:\/\/www.integralpro.com.co\/wp-content\/uploads\/2021\/02\/Aire-Acondicionado-Lg-Minisplit-Dualcool-VM182C7.jpg","type":"image\/jpeg"}],"twitter_card":"summary_large_image","twitter_misc":{"Tiempo de lectura":"1 minuto"},"schema":{"@context":"https:\/\/schema.org","@graph":[{"@type":"WebPage","@id":"https:\/\/www.integralpro.com.co\/index.php\/producto\/aire-acondicionado-lg-minisplit-dualcool-18-000-btu-h-r-410a\/","url":"https:\/\/www.integralpro.com.co\/index.php\/producto\/aire-acondicionado-lg-minisplit-dualcool-18-000-btu-h-r-410a\/","name":"Aire Acondicionado Lg Minisplit Dualcool 18.000 Btu\/H R-410A - IntegralPro","isPartOf":{"@id":"https:\/\/www.integralpro.com.co\/#website"},"primaryImageOfPage":{"@id":"https:\/\/www.integralpro.com.co\/index.php\/producto\/aire-acondicionado-lg-minisplit-dualcool-18-000-btu-h-r-410a\/#primaryimage"},"image":{"@id":"https:\/\/www.integralpro.com.co\/index.php\/producto\/aire-acondicionado-lg-minisplit-dualcool-18-000-btu-h-r-410a\/#primaryimage"},"thumbnailUrl":"https:\/\/www.integralpro.com.co\/wp-content\/uploads\/2021\/02\/Aire-Acondicionado-Lg-Minisplit-Dualcool-VM182C7.jpg","datePublished":"2021-02-19T19:46:43+00:00","dateModified":"2021-02-23T17:00:47+00:00","breadcrumb":{"@id":"https:\/\/www.integralpro.com.co\/index.php\/producto\/aire-acondicionado-lg-minisplit-dualcool-18-000-btu-h-r-410a\/#breadcrumb"},"inLanguage":"es","potentialAction":[{"@type":"ReadAction","target":["https:\/\/www.integralpro.com.co\/index.php\/producto\/aire-acondicionado-lg-minisplit-dualcool-18-000-btu-h-r-410a\/"]}]},{"@type":"ImageObject","inLanguage":"es","@id":"https:\/\/www.integralpro.com.co\/index.php\/producto\/aire-acondicionado-lg-minisplit-dualcool-18-000-btu-h-r-410a\/#primaryimage","url":"https:\/\/www.integralpro.com.co\/wp-content\/uploads\/2021\/02\/Aire-Acondicionado-Lg-Minisplit-Dualcool-VM182C7.jpg","contentUrl":"https:\/\/www.integralpro.com.co\/wp-content\/uploads\/2021\/02\/Aire-Acondicionado-Lg-Minisplit-Dualcool-VM182C7.jpg","width":1500,"height":1500},{"@type":"BreadcrumbList","@id":"https:\/\/www.integralpro.com.co\/index.php\/producto\/aire-acondicionado-lg-minisplit-dualcool-18-000-btu-h-r-410a\/#breadcrumb","itemListElement":[{"@type":"ListItem","position":1,"name":"Portada","item":"https:\/\/www.integralpro.com.co\/"},{"@type":"ListItem","position":2,"name":"Tienda","item":"https:\/\/www.integralpro.com.co\/index.php\/tienda\/"},{"@type":"ListItem","position":3,"name":"Aire Acondicionado Lg Minisplit Dualcool 18.000 Btu\/H R-410A"}]},{"@type":"WebSite","@id":"https:\/\/www.integralpro.com.co\/#website","url":"https:\/\/www.integralpro.com.co\/","name":"IntegralPro","description":"Tienda de Tecnolog\u00eda en L\u00ednea","publisher":{"@id":"https:\/\/www.integralpro.com.co\/#organization"},"potentialAction":[{"@type":"SearchAction","target":{"@type":"EntryPoint","urlTemplate":"https:\/\/www.integralpro.com.co\/?s={search_term_string}"},"query-input":{"@type":"PropertyValueSpecification","valueRequired":true,"valueName":"search_term_string"}}],"inLanguage":"es"},{"@type":"Organization","@id":"https:\/\/www.integralpro.com.co\/#organization","name":"IntegralPro SAS","url":"https:\/\/www.integralpro.com.co\/","logo":{"@type":"ImageObject","inLanguage":"es","@id":"https:\/\/www.integralpro.com.co\/#\/schema\/logo\/image\/","url":"https:\/\/www.integralpro.com.co\/wp-content\/uploads\/2021\/02\/logo-def.jpg","contentUrl":"https:\/\/www.integralpro.com.co\/wp-content\/uploads\/2021\/02\/logo-def.jpg","width":238,"height":234,"caption":"IntegralPro SAS"},"image":{"@id":"https:\/\/www.integralpro.com.co\/#\/schema\/logo\/image\/"}}]}},"_links":{"self":[{"href":"https:\/\/www.integralpro.com.co\/index.php\/wp-json\/wp\/v2\/product\/1226","targetHints":{"allow":["GET"]}}],"collection":[{"href":"https:\/\/www.integralpro.com.co\/index.php\/wp-json\/wp\/v2\/product"}],"about":[{"href":"https:\/\/www.integralpro.com.co\/index.php\/wp-json\/wp\/v2\/types\/product"}],"version-history":[{"count":2,"href":"https:\/\/www.integralpro.com.co\/index.php\/wp-json\/wp\/v2\/product\/1226\/revisions"}],"predecessor-version":[{"id":3621,"href":"https:\/\/www.integralpro.com.co\/index.php\/wp-json\/wp\/v2\/product\/1226\/revisions\/3621"}],"wp:featuredmedia":[{"embeddable":true,"href":"https:\/\/www.integralpro.com.co\/index.php\/wp-json\/wp\/v2\/media\/3620"}],"wp:attachment":[{"href":"https:\/\/www.integralpro.com.co\/index.php\/wp-json\/wp\/v2\/media?parent=1226"}],"wp:term":[{"taxonomy":"product_brand","embeddable":true,"href":"https:\/\/www.integralpro.com.co\/index.php\/wp-json\/wp\/v2\/product_brand?post=1226"},{"taxonomy":"product_cat","embeddable":true,"href":"https:\/\/www.integralpro.com.co\/index.php\/wp-json\/wp\/v2\/product_cat?post=1226"},{"taxonomy":"product_tag","embeddable":true,"href":"https:\/\/www.integralpro.com.co\/index.php\/wp-json\/wp\/v2\/product_tag?post=1226"}],"curies":[{"name":"wp","href":"https:\/\/api.w.org\/{rel}","templated":true}]}}