{"id":1223,"date":"2021-02-19T14:46:42","date_gmt":"2021-02-19T19:46:42","guid":{"rendered":"https:\/\/www.integralpro.com.co\/index.php\/producto\/import-placeholder-for-846\/"},"modified":"2021-02-23T11:52:24","modified_gmt":"2021-02-23T16:52:24","slug":"adaptador-tplink-usb-tl-wn725n-nano-inalambrico-n-150mbps","status":"publish","type":"product","link":"https:\/\/www.integralpro.com.co\/index.php\/producto\/adaptador-tplink-usb-tl-wn725n-nano-inalambrico-n-150mbps\/","title":{"rendered":"Adaptador Tplink Usb Tl-Wn725N Nano Inal\u00e1mbrico N 150Mbps"},"content":{"rendered":"<p style=\"text-align: justify;\">El Adaptador USB Nano Inal\u00e1mbrico N de 150Mbps de TP-LINK, el TL-WN725N permite que los usuarios conecten una computadora de escritorio o port\u00e1til a una red inal\u00e1mbrica a 150Mbps. Este adaptador en miniatura est\u00e1 dise\u00f1ado para que sea lo m\u00e1s convenientemente posible y una vez conectado a un puerto USB de la computadora, puede dejarse ah\u00ed, ya sea que est\u00e9 de viaje o en casa. Tambi\u00e9n posee la caracter\u00edstica de encriptaci\u00f3n inal\u00e1mbrica avanzada y f\u00e1cil instalaci\u00f3n.<\/p>\n<p>&nbsp;<\/p>\n<p><strong>Dise\u00f1o<\/strong><\/p>\n<p style=\"text-align: justify;\">Con su tama\u00f1o en miniatura y su dise\u00f1o liso y brillante, los usuarios pueden conectar el adaptador nano a cualquier puerto USB y dejarlo ah\u00ed. No tiene que preocuparse por bloquear las interfaces USB adyacentes o porque el adaptador pueda caerse cuando mueve una laptop conectada del lugar A al B, con el diminuto dispositivo colocado en el puerto USB.<\/p>\n<p>&nbsp;<\/p>\n<p><strong>Modo \u00abSemi Access Point\u00bb<\/strong><\/p>\n<p>Convierte una conexi\u00f3n a internet al\u00e1mbrica a un Hotspot para un port\u00e1til o un PC.<\/p>\n<p>&nbsp;<\/p>\n<p><strong>Alto Rendimiento<\/strong><\/p>\n<p>Permite conexiones r\u00e1pidas para videos y juegos en l\u00ednea.<br \/>\nTambi\u00e9n soporta seguridad 64\/128 WEP, WPA\/WPA2, WPA-PSK\/WPA2-PSK<\/p>\n<p>&nbsp;<\/p>\n<p><strong>Especificaciones T\u00e9cnicas<\/strong><\/p>\n<p>Dimensiones: 1.86 x 1.5 x 0.71 cm<br \/>\nPeso: 0.002 Kg<br \/>\nInterfaz: USB 2.0<br \/>\nAntenas: Antena Interna<br \/>\nLED: Estado<br \/>\nWireless Standards: 2.400 &#8211; 2.4835 GHz<br \/>\nTasa de se\u00f1al: 11b: Hasta 11Mbps(din\u00e1mica); 11g: Hasta 54Mbps(din\u00e1mica); 11n: Hasta 150Mbps(din\u00e1mica)<br \/>\nTransmision de poder: &lt;20dBm<br \/>\nModos inalambricos: modo Ad-Hoc \/ Infraestructura<br \/>\nSeguridad inalambrica: 64\/128 WEP, WPA\/WPA2, WPA-PSK\/WPA2-PSK (TKIP\/AES), supports IEEE 802.1X<br \/>\nTecnolog\u00eda de modulaci\u00f3n: DBPSK, DQPSK, CCK, OFDM, 16-QAM, 64-QAM<br \/>\nCertificaci\u00f3n: CE, FCC, IC, RoHS<br \/>\nRequerimientos del sistema: Windows 8(32\/64bits), Windows 7(32\/64bits), Windows Vista(32\/64bits), Windows XP(32\/64bits)<br \/>\nColor: Negro<\/p>\n<p>&nbsp;<\/p>\n<p><strong>Contenido Del Paquete<\/strong><\/p>\n<p>Adaptador USB Nano TL-WN725N; CD de Instalaci\u00f3n; Documentaci\u00f3n<\/p>\n","protected":false},"excerpt":{"rendered":"<p># DE PARTE: TL-WN725N<\/p>\n","protected":false},"featured_media":3613,"template":"","meta":{"site-sidebar-layout":"default","site-content-layout":"default","ast-site-content-layout":"default","site-content-style":"default","site-sidebar-style":"default","ast-global-header-display":"","ast-banner-title-visibility":"","ast-main-header-display":"","ast-hfb-above-header-display":"","ast-hfb-below-header-display":"","ast-hfb-mobile-header-display":"","site-post-title":"","ast-breadcrumbs-content":"","ast-featured-img":"","footer-sml-layout":"","ast-disable-related-posts":"","theme-transparent-header-meta":"default","adv-header-id-meta":"","stick-header-meta":"","header-above-stick-meta":"","header-main-stick-meta":"","header-below-stick-meta":"","astra-migrate-meta-layouts":"default","ast-page-background-enabled":"default","ast-page-background-meta":{"desktop":{"background-color":"var(--ast-global-color-4)","background-image":"","background-repeat":"repeat","background-position":"center center","background-size":"auto","background-attachment":"scroll","background-type":"","background-media":"","overlay-type":"","overlay-color":"","overlay-opacity":"","overlay-gradient":""},"tablet":{"background-color":"","background-image":"","background-repeat":"repeat","background-position":"center center","background-size":"auto","background-attachment":"scroll","background-type":"","background-media":"","overlay-type":"","overlay-color":"","overlay-opacity":"","overlay-gradient":""},"mobile":{"background-color":"","background-image":"","background-repeat":"repeat","background-position":"center center","background-size":"auto","background-attachment":"scroll","background-type":"","background-media":"","overlay-type":"","overlay-color":"","overlay-opacity":"","overlay-gradient":""}},"ast-content-background-meta":{"desktop":{"background-color":"var(--ast-global-color-5)","background-image":"","background-repeat":"repeat","background-position":"center center","background-size":"auto","background-attachment":"scroll","background-type":"","background-media":"","overlay-type":"","overlay-color":"","overlay-opacity":"","overlay-gradient":""},"tablet":{"background-color":"var(--ast-global-color-5)","background-image":"","background-repeat":"repeat","background-position":"center center","background-size":"auto","background-attachment":"scroll","background-type":"","background-media":"","overlay-type":"","overlay-color":"","overlay-opacity":"","overlay-gradient":""},"mobile":{"background-color":"var(--ast-global-color-5)","background-image":"","background-repeat":"repeat","background-position":"center center","background-size":"auto","background-attachment":"scroll","background-type":"","background-media":"","overlay-type":"","overlay-color":"","overlay-opacity":"","overlay-gradient":""}}},"product_brand":[],"product_cat":[154,62],"product_tag":[45],"class_list":{"0":"post-1223","1":"product","2":"type-product","3":"status-publish","4":"has-post-thumbnail","6":"product_cat-adaptadores-wireless","7":"product_cat-redes","8":"product_tag-tp-link","9":"desktop-align-left","10":"tablet-align-left","11":"mobile-align-left","13":"first","14":"instock","15":"taxable","16":"shipping-taxable","17":"product-type-simple"},"yoast_head":"<!-- This site is optimized with the Yoast SEO plugin v27.3 - https:\/\/yoast.com\/product\/yoast-seo-wordpress\/ -->\n<title>Adaptador Tplink Usb Tl-Wn725N Nano Inal\u00e1mbrico N 150Mbps - IntegralPro<\/title>\n<meta name=\"robots\" content=\"index, follow, max-snippet:-1, max-image-preview:large, max-video-preview:-1\" \/>\n<link rel=\"canonical\" href=\"https:\/\/www.integralpro.com.co\/index.php\/producto\/adaptador-tplink-usb-tl-wn725n-nano-inalambrico-n-150mbps\/\" \/>\n<meta property=\"og:locale\" content=\"es_ES\" \/>\n<meta property=\"og:type\" content=\"article\" \/>\n<meta property=\"og:title\" content=\"Adaptador Tplink Usb Tl-Wn725N Nano Inal\u00e1mbrico N 150Mbps - IntegralPro\" \/>\n<meta property=\"og:description\" content=\"# DE PARTE: TL-WN725N\" \/>\n<meta property=\"og:url\" content=\"https:\/\/www.integralpro.com.co\/index.php\/producto\/adaptador-tplink-usb-tl-wn725n-nano-inalambrico-n-150mbps\/\" \/>\n<meta property=\"og:site_name\" content=\"IntegralPro\" \/>\n<meta property=\"article:modified_time\" content=\"2021-02-23T16:52:24+00:00\" \/>\n<meta property=\"og:image\" content=\"https:\/\/www.integralpro.com.co\/wp-content\/uploads\/2021\/02\/Adaptador-Tplink-Usb-Tl-Wn725N-Nano-Inalambrico-N-150Mbps.jpg\" \/>\n\t<meta property=\"og:image:width\" content=\"1000\" \/>\n\t<meta property=\"og:image:height\" content=\"1000\" \/>\n\t<meta property=\"og:image:type\" content=\"image\/jpeg\" \/>\n<meta name=\"twitter:card\" content=\"summary_large_image\" \/>\n<meta name=\"twitter:label1\" content=\"Tiempo de lectura\" \/>\n\t<meta name=\"twitter:data1\" content=\"2 minutos\" \/>\n<script type=\"application\/ld+json\" class=\"yoast-schema-graph\">{\"@context\":\"https:\\\/\\\/schema.org\",\"@graph\":[{\"@type\":\"WebPage\",\"@id\":\"https:\\\/\\\/www.integralpro.com.co\\\/index.php\\\/producto\\\/adaptador-tplink-usb-tl-wn725n-nano-inalambrico-n-150mbps\\\/\",\"url\":\"https:\\\/\\\/www.integralpro.com.co\\\/index.php\\\/producto\\\/adaptador-tplink-usb-tl-wn725n-nano-inalambrico-n-150mbps\\\/\",\"name\":\"Adaptador Tplink Usb Tl-Wn725N Nano Inal\u00e1mbrico N 150Mbps - IntegralPro\",\"isPartOf\":{\"@id\":\"https:\\\/\\\/www.integralpro.com.co\\\/#website\"},\"primaryImageOfPage\":{\"@id\":\"https:\\\/\\\/www.integralpro.com.co\\\/index.php\\\/producto\\\/adaptador-tplink-usb-tl-wn725n-nano-inalambrico-n-150mbps\\\/#primaryimage\"},\"image\":{\"@id\":\"https:\\\/\\\/www.integralpro.com.co\\\/index.php\\\/producto\\\/adaptador-tplink-usb-tl-wn725n-nano-inalambrico-n-150mbps\\\/#primaryimage\"},\"thumbnailUrl\":\"https:\\\/\\\/www.integralpro.com.co\\\/wp-content\\\/uploads\\\/2021\\\/02\\\/Adaptador-Tplink-Usb-Tl-Wn725N-Nano-Inalambrico-N-150Mbps.jpg\",\"datePublished\":\"2021-02-19T19:46:42+00:00\",\"dateModified\":\"2021-02-23T16:52:24+00:00\",\"breadcrumb\":{\"@id\":\"https:\\\/\\\/www.integralpro.com.co\\\/index.php\\\/producto\\\/adaptador-tplink-usb-tl-wn725n-nano-inalambrico-n-150mbps\\\/#breadcrumb\"},\"inLanguage\":\"es\",\"potentialAction\":[{\"@type\":\"ReadAction\",\"target\":[\"https:\\\/\\\/www.integralpro.com.co\\\/index.php\\\/producto\\\/adaptador-tplink-usb-tl-wn725n-nano-inalambrico-n-150mbps\\\/\"]}]},{\"@type\":\"ImageObject\",\"inLanguage\":\"es\",\"@id\":\"https:\\\/\\\/www.integralpro.com.co\\\/index.php\\\/producto\\\/adaptador-tplink-usb-tl-wn725n-nano-inalambrico-n-150mbps\\\/#primaryimage\",\"url\":\"https:\\\/\\\/www.integralpro.com.co\\\/wp-content\\\/uploads\\\/2021\\\/02\\\/Adaptador-Tplink-Usb-Tl-Wn725N-Nano-Inalambrico-N-150Mbps.jpg\",\"contentUrl\":\"https:\\\/\\\/www.integralpro.com.co\\\/wp-content\\\/uploads\\\/2021\\\/02\\\/Adaptador-Tplink-Usb-Tl-Wn725N-Nano-Inalambrico-N-150Mbps.jpg\",\"width\":1000,\"height\":1000},{\"@type\":\"BreadcrumbList\",\"@id\":\"https:\\\/\\\/www.integralpro.com.co\\\/index.php\\\/producto\\\/adaptador-tplink-usb-tl-wn725n-nano-inalambrico-n-150mbps\\\/#breadcrumb\",\"itemListElement\":[{\"@type\":\"ListItem\",\"position\":1,\"name\":\"Portada\",\"item\":\"https:\\\/\\\/www.integralpro.com.co\\\/\"},{\"@type\":\"ListItem\",\"position\":2,\"name\":\"Tienda\",\"item\":\"https:\\\/\\\/www.integralpro.com.co\\\/index.php\\\/tienda\\\/\"},{\"@type\":\"ListItem\",\"position\":3,\"name\":\"Adaptador Tplink Usb Tl-Wn725N Nano Inal\u00e1mbrico N 150Mbps\"}]},{\"@type\":\"WebSite\",\"@id\":\"https:\\\/\\\/www.integralpro.com.co\\\/#website\",\"url\":\"https:\\\/\\\/www.integralpro.com.co\\\/\",\"name\":\"IntegralPro\",\"description\":\"Tienda de Tecnolog\u00eda en L\u00ednea\",\"publisher\":{\"@id\":\"https:\\\/\\\/www.integralpro.com.co\\\/#organization\"},\"potentialAction\":[{\"@type\":\"SearchAction\",\"target\":{\"@type\":\"EntryPoint\",\"urlTemplate\":\"https:\\\/\\\/www.integralpro.com.co\\\/?s={search_term_string}\"},\"query-input\":{\"@type\":\"PropertyValueSpecification\",\"valueRequired\":true,\"valueName\":\"search_term_string\"}}],\"inLanguage\":\"es\"},{\"@type\":\"Organization\",\"@id\":\"https:\\\/\\\/www.integralpro.com.co\\\/#organization\",\"name\":\"IntegralPro SAS\",\"url\":\"https:\\\/\\\/www.integralpro.com.co\\\/\",\"logo\":{\"@type\":\"ImageObject\",\"inLanguage\":\"es\",\"@id\":\"https:\\\/\\\/www.integralpro.com.co\\\/#\\\/schema\\\/logo\\\/image\\\/\",\"url\":\"https:\\\/\\\/www.integralpro.com.co\\\/wp-content\\\/uploads\\\/2021\\\/02\\\/logo-def.jpg\",\"contentUrl\":\"https:\\\/\\\/www.integralpro.com.co\\\/wp-content\\\/uploads\\\/2021\\\/02\\\/logo-def.jpg\",\"width\":238,\"height\":234,\"caption\":\"IntegralPro SAS\"},\"image\":{\"@id\":\"https:\\\/\\\/www.integralpro.com.co\\\/#\\\/schema\\\/logo\\\/image\\\/\"}}]}<\/script>\n<!-- \/ Yoast SEO plugin. -->","yoast_head_json":{"title":"Adaptador Tplink Usb Tl-Wn725N Nano Inal\u00e1mbrico N 150Mbps - IntegralPro","robots":{"index":"index","follow":"follow","max-snippet":"max-snippet:-1","max-image-preview":"max-image-preview:large","max-video-preview":"max-video-preview:-1"},"canonical":"https:\/\/www.integralpro.com.co\/index.php\/producto\/adaptador-tplink-usb-tl-wn725n-nano-inalambrico-n-150mbps\/","og_locale":"es_ES","og_type":"article","og_title":"Adaptador Tplink Usb Tl-Wn725N Nano Inal\u00e1mbrico N 150Mbps - IntegralPro","og_description":"# DE PARTE: TL-WN725N","og_url":"https:\/\/www.integralpro.com.co\/index.php\/producto\/adaptador-tplink-usb-tl-wn725n-nano-inalambrico-n-150mbps\/","og_site_name":"IntegralPro","article_modified_time":"2021-02-23T16:52:24+00:00","og_image":[{"width":1000,"height":1000,"url":"https:\/\/www.integralpro.com.co\/wp-content\/uploads\/2021\/02\/Adaptador-Tplink-Usb-Tl-Wn725N-Nano-Inalambrico-N-150Mbps.jpg","type":"image\/jpeg"}],"twitter_card":"summary_large_image","twitter_misc":{"Tiempo de lectura":"2 minutos"},"schema":{"@context":"https:\/\/schema.org","@graph":[{"@type":"WebPage","@id":"https:\/\/www.integralpro.com.co\/index.php\/producto\/adaptador-tplink-usb-tl-wn725n-nano-inalambrico-n-150mbps\/","url":"https:\/\/www.integralpro.com.co\/index.php\/producto\/adaptador-tplink-usb-tl-wn725n-nano-inalambrico-n-150mbps\/","name":"Adaptador Tplink Usb Tl-Wn725N Nano Inal\u00e1mbrico N 150Mbps - IntegralPro","isPartOf":{"@id":"https:\/\/www.integralpro.com.co\/#website"},"primaryImageOfPage":{"@id":"https:\/\/www.integralpro.com.co\/index.php\/producto\/adaptador-tplink-usb-tl-wn725n-nano-inalambrico-n-150mbps\/#primaryimage"},"image":{"@id":"https:\/\/www.integralpro.com.co\/index.php\/producto\/adaptador-tplink-usb-tl-wn725n-nano-inalambrico-n-150mbps\/#primaryimage"},"thumbnailUrl":"https:\/\/www.integralpro.com.co\/wp-content\/uploads\/2021\/02\/Adaptador-Tplink-Usb-Tl-Wn725N-Nano-Inalambrico-N-150Mbps.jpg","datePublished":"2021-02-19T19:46:42+00:00","dateModified":"2021-02-23T16:52:24+00:00","breadcrumb":{"@id":"https:\/\/www.integralpro.com.co\/index.php\/producto\/adaptador-tplink-usb-tl-wn725n-nano-inalambrico-n-150mbps\/#breadcrumb"},"inLanguage":"es","potentialAction":[{"@type":"ReadAction","target":["https:\/\/www.integralpro.com.co\/index.php\/producto\/adaptador-tplink-usb-tl-wn725n-nano-inalambrico-n-150mbps\/"]}]},{"@type":"ImageObject","inLanguage":"es","@id":"https:\/\/www.integralpro.com.co\/index.php\/producto\/adaptador-tplink-usb-tl-wn725n-nano-inalambrico-n-150mbps\/#primaryimage","url":"https:\/\/www.integralpro.com.co\/wp-content\/uploads\/2021\/02\/Adaptador-Tplink-Usb-Tl-Wn725N-Nano-Inalambrico-N-150Mbps.jpg","contentUrl":"https:\/\/www.integralpro.com.co\/wp-content\/uploads\/2021\/02\/Adaptador-Tplink-Usb-Tl-Wn725N-Nano-Inalambrico-N-150Mbps.jpg","width":1000,"height":1000},{"@type":"BreadcrumbList","@id":"https:\/\/www.integralpro.com.co\/index.php\/producto\/adaptador-tplink-usb-tl-wn725n-nano-inalambrico-n-150mbps\/#breadcrumb","itemListElement":[{"@type":"ListItem","position":1,"name":"Portada","item":"https:\/\/www.integralpro.com.co\/"},{"@type":"ListItem","position":2,"name":"Tienda","item":"https:\/\/www.integralpro.com.co\/index.php\/tienda\/"},{"@type":"ListItem","position":3,"name":"Adaptador Tplink Usb Tl-Wn725N Nano Inal\u00e1mbrico N 150Mbps"}]},{"@type":"WebSite","@id":"https:\/\/www.integralpro.com.co\/#website","url":"https:\/\/www.integralpro.com.co\/","name":"IntegralPro","description":"Tienda de Tecnolog\u00eda en L\u00ednea","publisher":{"@id":"https:\/\/www.integralpro.com.co\/#organization"},"potentialAction":[{"@type":"SearchAction","target":{"@type":"EntryPoint","urlTemplate":"https:\/\/www.integralpro.com.co\/?s={search_term_string}"},"query-input":{"@type":"PropertyValueSpecification","valueRequired":true,"valueName":"search_term_string"}}],"inLanguage":"es"},{"@type":"Organization","@id":"https:\/\/www.integralpro.com.co\/#organization","name":"IntegralPro SAS","url":"https:\/\/www.integralpro.com.co\/","logo":{"@type":"ImageObject","inLanguage":"es","@id":"https:\/\/www.integralpro.com.co\/#\/schema\/logo\/image\/","url":"https:\/\/www.integralpro.com.co\/wp-content\/uploads\/2021\/02\/logo-def.jpg","contentUrl":"https:\/\/www.integralpro.com.co\/wp-content\/uploads\/2021\/02\/logo-def.jpg","width":238,"height":234,"caption":"IntegralPro SAS"},"image":{"@id":"https:\/\/www.integralpro.com.co\/#\/schema\/logo\/image\/"}}]}},"_links":{"self":[{"href":"https:\/\/www.integralpro.com.co\/index.php\/wp-json\/wp\/v2\/product\/1223","targetHints":{"allow":["GET"]}}],"collection":[{"href":"https:\/\/www.integralpro.com.co\/index.php\/wp-json\/wp\/v2\/product"}],"about":[{"href":"https:\/\/www.integralpro.com.co\/index.php\/wp-json\/wp\/v2\/types\/product"}],"version-history":[{"count":3,"href":"https:\/\/www.integralpro.com.co\/index.php\/wp-json\/wp\/v2\/product\/1223\/revisions"}],"predecessor-version":[{"id":3615,"href":"https:\/\/www.integralpro.com.co\/index.php\/wp-json\/wp\/v2\/product\/1223\/revisions\/3615"}],"wp:featuredmedia":[{"embeddable":true,"href":"https:\/\/www.integralpro.com.co\/index.php\/wp-json\/wp\/v2\/media\/3613"}],"wp:attachment":[{"href":"https:\/\/www.integralpro.com.co\/index.php\/wp-json\/wp\/v2\/media?parent=1223"}],"wp:term":[{"taxonomy":"product_brand","embeddable":true,"href":"https:\/\/www.integralpro.com.co\/index.php\/wp-json\/wp\/v2\/product_brand?post=1223"},{"taxonomy":"product_cat","embeddable":true,"href":"https:\/\/www.integralpro.com.co\/index.php\/wp-json\/wp\/v2\/product_cat?post=1223"},{"taxonomy":"product_tag","embeddable":true,"href":"https:\/\/www.integralpro.com.co\/index.php\/wp-json\/wp\/v2\/product_tag?post=1223"}],"curies":[{"name":"wp","href":"https:\/\/api.w.org\/{rel}","templated":true}]}}