{"id":1222,"date":"2021-02-19T14:46:42","date_gmt":"2021-02-19T19:46:42","guid":{"rendered":"https:\/\/www.integralpro.com.co\/index.php\/producto\/import-placeholder-for-845\/"},"modified":"2021-02-23T11:49:28","modified_gmt":"2021-02-23T16:49:28","slug":"adaptador-tplink-usb-inalambrico-de-alta-ganancia-150mbps","status":"publish","type":"product","link":"https:\/\/www.integralpro.com.co\/index.php\/producto\/adaptador-tplink-usb-inalambrico-de-alta-ganancia-150mbps\/","title":{"rendered":"Adaptador Tplink Usb Inal\u00e1mbrico De Alta Ganancia 150Mbps"},"content":{"rendered":"<p style=\"text-align: justify;\">El adaptador USB inal\u00e1mbrico N TL-WN722N te permite conectar una computadora de escritorio o port\u00e1til a una red inal\u00e1mbrica y acceso de alta velocidad de conexi\u00f3n a Internet. Compatible con el est\u00e1ndar IEEE 802.11n, que proporciona velocidades inal\u00e1mbricas de hasta 150Mbps, lo cual es beneficioso para los juegos en l\u00ednea o incluso streaming de v\u00eddeo. Adem\u00e1s, el encriptado de seguridad inal\u00e1mbrica puede establecerse simplemente en un empuje de QSS (Seguridad de configuraci\u00f3n r\u00e1pida) el bot\u00f3n, la prevenci\u00f3n de la red de amenazas externas.<\/p>\n<p>&nbsp;<\/p>\n<p><strong>Velocidad y Rango<\/strong><\/p>\n<p style=\"text-align: justify;\">Basado en la tecnolog\u00eda IEEE 802.11n, el TL-WN722N muestra las habilidades m\u00e1s relevantes de la mitigaci\u00f3n de la p\u00e9rdida de datos a largas distancias y los obst\u00e1culos a trav\u00e9s de una oficina peque\u00f1a o un apartamento grande, incluso en un edificio de acero y hormig\u00f3n. En comparaci\u00f3n con el legado de los productos de 54 Mbps, TL-WN722N proporciona mejoras de rendimiento, lo que le permite tener una experiencia m\u00e1s placentera de navegaci\u00f3n, incluyendo compartir archivos, difusi\u00f3n de medios.<\/p>\n<p>&nbsp;<\/p>\n<p><strong>Antenas externas<\/strong><\/p>\n<p>Antenas externas de 3dBi para un f\u00e1cil alineamiento para lograr la mejor se\u00f1al.<\/p>\n<p>&nbsp;<\/p>\n<p><strong>WPS<\/strong><\/p>\n<p>F\u00e1cil encriptaci\u00f3n de seguridad presionando el bot\u00f3n WPS.<\/p>\n<p>&nbsp;<\/p>\n<p><strong>Encriptaciones WPA \/ WPA2<\/strong><\/p>\n<p>Los Est\u00e1ndares de encriptaci\u00f3n WPA\/WPA2 aseguran que la conexi\u00f3n inal\u00e1mbrica est\u00e1 a salvo de intrusos.<\/p>\n<p>&nbsp;<\/p>\n<p><strong>Especificaciones T\u00e9cnicas<\/strong><\/p>\n<p>Dimensiones: 9.35 x 2.6 x 1.1 cm<br \/>\nPeso: 0.4 Kg<br \/>\nInterfaz: USB 2.0<br \/>\nBot\u00f3n: Bot\u00f3n WPS<br \/>\nEst\u00e1ndares inal\u00e1mbricos: IEEE 802.11n, IEEE 802.11g, IEEE 802.11b<br \/>\nTipo de Antena: Desmontable Omnidireccional (RP-SMA)<br \/>\nFrecuencia: 2.400-2.4835GHz<br \/>\nTasa de se\u00f1al: 11n: Hasta 150Mbps(din\u00e1mica); 11g: Hasta 54Mbps(din\u00e1mica); 11b: Hasta 11Mbps(din\u00e1mica)<br \/>\nPoder de trasmision: &lt;20dBm<br \/>\nModo inal\u00e1mbrico: modo Ad-Hoc \/ Infraestructura<br \/>\nTecnolog\u00eda de modulaci\u00f3n: DBPSK; DQPSK; CCK; OFDM; 16-QAM, 64-QAM<br \/>\nFunciones avanzadas: WMM, PSP X-LINK (para Windows XP), itinerancia<br \/>\nSeguridad inal\u00e1mbrica: Soporta 64\/128 bit WEP, WPA-PSK\/WPA2-PSK<br \/>\nCertificaci\u00f3n: CE; FCC; RoHS<br \/>\nRequisitos del sistema: Windows 8.1 32\/64bit, Windows 8 32\/64bit, Windows 7(32\/64bits), Windows Vista(32\/64bits), Windows XP(32\/64bits)<br \/>\nColor: Blanco<\/p>\n<p>&nbsp;<\/p>\n<p><strong>Contenido Del Paquete<\/strong><\/p>\n<p>Adaptador Inal\u00e1mbrico TL-WN722N &#8211; 4dBi antena desmontable Omnidireccional &#8211; CD Instalaci\u00f3n &#8211; Extensi\u00f3n de Cable USB &#8211; Documentaci\u00f3n<\/p>\n<p>&nbsp;<\/p>\n","protected":false},"excerpt":{"rendered":"<p># DE PARTE: TL-WN722N<\/p>\n","protected":false},"featured_media":3611,"template":"","meta":{"site-sidebar-layout":"default","site-content-layout":"default","ast-site-content-layout":"default","site-content-style":"default","site-sidebar-style":"default","ast-global-header-display":"","ast-banner-title-visibility":"","ast-main-header-display":"","ast-hfb-above-header-display":"","ast-hfb-below-header-display":"","ast-hfb-mobile-header-display":"","site-post-title":"","ast-breadcrumbs-content":"","ast-featured-img":"","footer-sml-layout":"","ast-disable-related-posts":"","theme-transparent-header-meta":"default","adv-header-id-meta":"","stick-header-meta":"","header-above-stick-meta":"","header-main-stick-meta":"","header-below-stick-meta":"","astra-migrate-meta-layouts":"default","ast-page-background-enabled":"default","ast-page-background-meta":{"desktop":{"background-color":"var(--ast-global-color-4)","background-image":"","background-repeat":"repeat","background-position":"center center","background-size":"auto","background-attachment":"scroll","background-type":"","background-media":"","overlay-type":"","overlay-color":"","overlay-opacity":"","overlay-gradient":""},"tablet":{"background-color":"","background-image":"","background-repeat":"repeat","background-position":"center center","background-size":"auto","background-attachment":"scroll","background-type":"","background-media":"","overlay-type":"","overlay-color":"","overlay-opacity":"","overlay-gradient":""},"mobile":{"background-color":"","background-image":"","background-repeat":"repeat","background-position":"center center","background-size":"auto","background-attachment":"scroll","background-type":"","background-media":"","overlay-type":"","overlay-color":"","overlay-opacity":"","overlay-gradient":""}},"ast-content-background-meta":{"desktop":{"background-color":"var(--ast-global-color-5)","background-image":"","background-repeat":"repeat","background-position":"center center","background-size":"auto","background-attachment":"scroll","background-type":"","background-media":"","overlay-type":"","overlay-color":"","overlay-opacity":"","overlay-gradient":""},"tablet":{"background-color":"var(--ast-global-color-5)","background-image":"","background-repeat":"repeat","background-position":"center center","background-size":"auto","background-attachment":"scroll","background-type":"","background-media":"","overlay-type":"","overlay-color":"","overlay-opacity":"","overlay-gradient":""},"mobile":{"background-color":"var(--ast-global-color-5)","background-image":"","background-repeat":"repeat","background-position":"center center","background-size":"auto","background-attachment":"scroll","background-type":"","background-media":"","overlay-type":"","overlay-color":"","overlay-opacity":"","overlay-gradient":""}}},"product_brand":[],"product_cat":[154,62],"product_tag":[45],"class_list":{"0":"post-1222","1":"product","2":"type-product","3":"status-publish","4":"has-post-thumbnail","6":"product_cat-adaptadores-wireless","7":"product_cat-redes","8":"product_tag-tp-link","9":"desktop-align-left","10":"tablet-align-left","11":"mobile-align-left","13":"first","14":"instock","15":"taxable","16":"shipping-taxable","17":"product-type-simple"},"yoast_head":"<!-- This site is optimized with the Yoast SEO plugin v27.4 - https:\/\/yoast.com\/product\/yoast-seo-wordpress\/ -->\n<title>Adaptador Tplink Usb Inal\u00e1mbrico De Alta Ganancia 150Mbps - IntegralPro<\/title>\n<meta name=\"robots\" content=\"index, follow, max-snippet:-1, max-image-preview:large, max-video-preview:-1\" \/>\n<link rel=\"canonical\" href=\"https:\/\/www.integralpro.com.co\/index.php\/producto\/adaptador-tplink-usb-inalambrico-de-alta-ganancia-150mbps\/\" \/>\n<meta property=\"og:locale\" content=\"es_ES\" \/>\n<meta property=\"og:type\" content=\"article\" \/>\n<meta property=\"og:title\" content=\"Adaptador Tplink Usb Inal\u00e1mbrico De Alta Ganancia 150Mbps - IntegralPro\" \/>\n<meta property=\"og:description\" content=\"# DE PARTE: TL-WN722N\" \/>\n<meta property=\"og:url\" content=\"https:\/\/www.integralpro.com.co\/index.php\/producto\/adaptador-tplink-usb-inalambrico-de-alta-ganancia-150mbps\/\" \/>\n<meta property=\"og:site_name\" content=\"IntegralPro\" \/>\n<meta property=\"article:modified_time\" content=\"2021-02-23T16:49:28+00:00\" \/>\n<meta property=\"og:image\" content=\"https:\/\/www.integralpro.com.co\/wp-content\/uploads\/2021\/02\/Adaptador-Tplink-Usb-Inalambrico-De-Alta-Ganancia-150Mbps.jpg\" \/>\n\t<meta property=\"og:image:width\" content=\"1000\" \/>\n\t<meta property=\"og:image:height\" content=\"1000\" \/>\n\t<meta property=\"og:image:type\" content=\"image\/jpeg\" \/>\n<meta name=\"twitter:card\" content=\"summary_large_image\" \/>\n<meta name=\"twitter:label1\" content=\"Tiempo de lectura\" \/>\n\t<meta name=\"twitter:data1\" content=\"2 minutos\" \/>\n<script type=\"application\/ld+json\" class=\"yoast-schema-graph\">{\"@context\":\"https:\\\/\\\/schema.org\",\"@graph\":[{\"@type\":\"WebPage\",\"@id\":\"https:\\\/\\\/www.integralpro.com.co\\\/index.php\\\/producto\\\/adaptador-tplink-usb-inalambrico-de-alta-ganancia-150mbps\\\/\",\"url\":\"https:\\\/\\\/www.integralpro.com.co\\\/index.php\\\/producto\\\/adaptador-tplink-usb-inalambrico-de-alta-ganancia-150mbps\\\/\",\"name\":\"Adaptador Tplink Usb Inal\u00e1mbrico De Alta Ganancia 150Mbps - IntegralPro\",\"isPartOf\":{\"@id\":\"https:\\\/\\\/www.integralpro.com.co\\\/#website\"},\"primaryImageOfPage\":{\"@id\":\"https:\\\/\\\/www.integralpro.com.co\\\/index.php\\\/producto\\\/adaptador-tplink-usb-inalambrico-de-alta-ganancia-150mbps\\\/#primaryimage\"},\"image\":{\"@id\":\"https:\\\/\\\/www.integralpro.com.co\\\/index.php\\\/producto\\\/adaptador-tplink-usb-inalambrico-de-alta-ganancia-150mbps\\\/#primaryimage\"},\"thumbnailUrl\":\"https:\\\/\\\/www.integralpro.com.co\\\/wp-content\\\/uploads\\\/2021\\\/02\\\/Adaptador-Tplink-Usb-Inalambrico-De-Alta-Ganancia-150Mbps.jpg\",\"datePublished\":\"2021-02-19T19:46:42+00:00\",\"dateModified\":\"2021-02-23T16:49:28+00:00\",\"breadcrumb\":{\"@id\":\"https:\\\/\\\/www.integralpro.com.co\\\/index.php\\\/producto\\\/adaptador-tplink-usb-inalambrico-de-alta-ganancia-150mbps\\\/#breadcrumb\"},\"inLanguage\":\"es\",\"potentialAction\":[{\"@type\":\"ReadAction\",\"target\":[\"https:\\\/\\\/www.integralpro.com.co\\\/index.php\\\/producto\\\/adaptador-tplink-usb-inalambrico-de-alta-ganancia-150mbps\\\/\"]}]},{\"@type\":\"ImageObject\",\"inLanguage\":\"es\",\"@id\":\"https:\\\/\\\/www.integralpro.com.co\\\/index.php\\\/producto\\\/adaptador-tplink-usb-inalambrico-de-alta-ganancia-150mbps\\\/#primaryimage\",\"url\":\"https:\\\/\\\/www.integralpro.com.co\\\/wp-content\\\/uploads\\\/2021\\\/02\\\/Adaptador-Tplink-Usb-Inalambrico-De-Alta-Ganancia-150Mbps.jpg\",\"contentUrl\":\"https:\\\/\\\/www.integralpro.com.co\\\/wp-content\\\/uploads\\\/2021\\\/02\\\/Adaptador-Tplink-Usb-Inalambrico-De-Alta-Ganancia-150Mbps.jpg\",\"width\":1000,\"height\":1000},{\"@type\":\"BreadcrumbList\",\"@id\":\"https:\\\/\\\/www.integralpro.com.co\\\/index.php\\\/producto\\\/adaptador-tplink-usb-inalambrico-de-alta-ganancia-150mbps\\\/#breadcrumb\",\"itemListElement\":[{\"@type\":\"ListItem\",\"position\":1,\"name\":\"Portada\",\"item\":\"https:\\\/\\\/www.integralpro.com.co\\\/\"},{\"@type\":\"ListItem\",\"position\":2,\"name\":\"Tienda\",\"item\":\"https:\\\/\\\/www.integralpro.com.co\\\/index.php\\\/tienda\\\/\"},{\"@type\":\"ListItem\",\"position\":3,\"name\":\"Adaptador Tplink Usb Inal\u00e1mbrico De Alta Ganancia 150Mbps\"}]},{\"@type\":\"WebSite\",\"@id\":\"https:\\\/\\\/www.integralpro.com.co\\\/#website\",\"url\":\"https:\\\/\\\/www.integralpro.com.co\\\/\",\"name\":\"IntegralPro\",\"description\":\"Tienda de Tecnolog\u00eda en L\u00ednea\",\"publisher\":{\"@id\":\"https:\\\/\\\/www.integralpro.com.co\\\/#organization\"},\"potentialAction\":[{\"@type\":\"SearchAction\",\"target\":{\"@type\":\"EntryPoint\",\"urlTemplate\":\"https:\\\/\\\/www.integralpro.com.co\\\/?s={search_term_string}\"},\"query-input\":{\"@type\":\"PropertyValueSpecification\",\"valueRequired\":true,\"valueName\":\"search_term_string\"}}],\"inLanguage\":\"es\"},{\"@type\":\"Organization\",\"@id\":\"https:\\\/\\\/www.integralpro.com.co\\\/#organization\",\"name\":\"IntegralPro SAS\",\"url\":\"https:\\\/\\\/www.integralpro.com.co\\\/\",\"logo\":{\"@type\":\"ImageObject\",\"inLanguage\":\"es\",\"@id\":\"https:\\\/\\\/www.integralpro.com.co\\\/#\\\/schema\\\/logo\\\/image\\\/\",\"url\":\"https:\\\/\\\/www.integralpro.com.co\\\/wp-content\\\/uploads\\\/2021\\\/02\\\/logo-def.jpg\",\"contentUrl\":\"https:\\\/\\\/www.integralpro.com.co\\\/wp-content\\\/uploads\\\/2021\\\/02\\\/logo-def.jpg\",\"width\":238,\"height\":234,\"caption\":\"IntegralPro SAS\"},\"image\":{\"@id\":\"https:\\\/\\\/www.integralpro.com.co\\\/#\\\/schema\\\/logo\\\/image\\\/\"}}]}<\/script>\n<!-- \/ Yoast SEO plugin. -->","yoast_head_json":{"title":"Adaptador Tplink Usb Inal\u00e1mbrico De Alta Ganancia 150Mbps - IntegralPro","robots":{"index":"index","follow":"follow","max-snippet":"max-snippet:-1","max-image-preview":"max-image-preview:large","max-video-preview":"max-video-preview:-1"},"canonical":"https:\/\/www.integralpro.com.co\/index.php\/producto\/adaptador-tplink-usb-inalambrico-de-alta-ganancia-150mbps\/","og_locale":"es_ES","og_type":"article","og_title":"Adaptador Tplink Usb Inal\u00e1mbrico De Alta Ganancia 150Mbps - IntegralPro","og_description":"# DE PARTE: TL-WN722N","og_url":"https:\/\/www.integralpro.com.co\/index.php\/producto\/adaptador-tplink-usb-inalambrico-de-alta-ganancia-150mbps\/","og_site_name":"IntegralPro","article_modified_time":"2021-02-23T16:49:28+00:00","og_image":[{"width":1000,"height":1000,"url":"https:\/\/www.integralpro.com.co\/wp-content\/uploads\/2021\/02\/Adaptador-Tplink-Usb-Inalambrico-De-Alta-Ganancia-150Mbps.jpg","type":"image\/jpeg"}],"twitter_card":"summary_large_image","twitter_misc":{"Tiempo de lectura":"2 minutos"},"schema":{"@context":"https:\/\/schema.org","@graph":[{"@type":"WebPage","@id":"https:\/\/www.integralpro.com.co\/index.php\/producto\/adaptador-tplink-usb-inalambrico-de-alta-ganancia-150mbps\/","url":"https:\/\/www.integralpro.com.co\/index.php\/producto\/adaptador-tplink-usb-inalambrico-de-alta-ganancia-150mbps\/","name":"Adaptador Tplink Usb Inal\u00e1mbrico De Alta Ganancia 150Mbps - IntegralPro","isPartOf":{"@id":"https:\/\/www.integralpro.com.co\/#website"},"primaryImageOfPage":{"@id":"https:\/\/www.integralpro.com.co\/index.php\/producto\/adaptador-tplink-usb-inalambrico-de-alta-ganancia-150mbps\/#primaryimage"},"image":{"@id":"https:\/\/www.integralpro.com.co\/index.php\/producto\/adaptador-tplink-usb-inalambrico-de-alta-ganancia-150mbps\/#primaryimage"},"thumbnailUrl":"https:\/\/www.integralpro.com.co\/wp-content\/uploads\/2021\/02\/Adaptador-Tplink-Usb-Inalambrico-De-Alta-Ganancia-150Mbps.jpg","datePublished":"2021-02-19T19:46:42+00:00","dateModified":"2021-02-23T16:49:28+00:00","breadcrumb":{"@id":"https:\/\/www.integralpro.com.co\/index.php\/producto\/adaptador-tplink-usb-inalambrico-de-alta-ganancia-150mbps\/#breadcrumb"},"inLanguage":"es","potentialAction":[{"@type":"ReadAction","target":["https:\/\/www.integralpro.com.co\/index.php\/producto\/adaptador-tplink-usb-inalambrico-de-alta-ganancia-150mbps\/"]}]},{"@type":"ImageObject","inLanguage":"es","@id":"https:\/\/www.integralpro.com.co\/index.php\/producto\/adaptador-tplink-usb-inalambrico-de-alta-ganancia-150mbps\/#primaryimage","url":"https:\/\/www.integralpro.com.co\/wp-content\/uploads\/2021\/02\/Adaptador-Tplink-Usb-Inalambrico-De-Alta-Ganancia-150Mbps.jpg","contentUrl":"https:\/\/www.integralpro.com.co\/wp-content\/uploads\/2021\/02\/Adaptador-Tplink-Usb-Inalambrico-De-Alta-Ganancia-150Mbps.jpg","width":1000,"height":1000},{"@type":"BreadcrumbList","@id":"https:\/\/www.integralpro.com.co\/index.php\/producto\/adaptador-tplink-usb-inalambrico-de-alta-ganancia-150mbps\/#breadcrumb","itemListElement":[{"@type":"ListItem","position":1,"name":"Portada","item":"https:\/\/www.integralpro.com.co\/"},{"@type":"ListItem","position":2,"name":"Tienda","item":"https:\/\/www.integralpro.com.co\/index.php\/tienda\/"},{"@type":"ListItem","position":3,"name":"Adaptador Tplink Usb Inal\u00e1mbrico De Alta Ganancia 150Mbps"}]},{"@type":"WebSite","@id":"https:\/\/www.integralpro.com.co\/#website","url":"https:\/\/www.integralpro.com.co\/","name":"IntegralPro","description":"Tienda de Tecnolog\u00eda en L\u00ednea","publisher":{"@id":"https:\/\/www.integralpro.com.co\/#organization"},"potentialAction":[{"@type":"SearchAction","target":{"@type":"EntryPoint","urlTemplate":"https:\/\/www.integralpro.com.co\/?s={search_term_string}"},"query-input":{"@type":"PropertyValueSpecification","valueRequired":true,"valueName":"search_term_string"}}],"inLanguage":"es"},{"@type":"Organization","@id":"https:\/\/www.integralpro.com.co\/#organization","name":"IntegralPro SAS","url":"https:\/\/www.integralpro.com.co\/","logo":{"@type":"ImageObject","inLanguage":"es","@id":"https:\/\/www.integralpro.com.co\/#\/schema\/logo\/image\/","url":"https:\/\/www.integralpro.com.co\/wp-content\/uploads\/2021\/02\/logo-def.jpg","contentUrl":"https:\/\/www.integralpro.com.co\/wp-content\/uploads\/2021\/02\/logo-def.jpg","width":238,"height":234,"caption":"IntegralPro SAS"},"image":{"@id":"https:\/\/www.integralpro.com.co\/#\/schema\/logo\/image\/"}}]}},"_links":{"self":[{"href":"https:\/\/www.integralpro.com.co\/index.php\/wp-json\/wp\/v2\/product\/1222","targetHints":{"allow":["GET"]}}],"collection":[{"href":"https:\/\/www.integralpro.com.co\/index.php\/wp-json\/wp\/v2\/product"}],"about":[{"href":"https:\/\/www.integralpro.com.co\/index.php\/wp-json\/wp\/v2\/types\/product"}],"version-history":[{"count":2,"href":"https:\/\/www.integralpro.com.co\/index.php\/wp-json\/wp\/v2\/product\/1222\/revisions"}],"predecessor-version":[{"id":3612,"href":"https:\/\/www.integralpro.com.co\/index.php\/wp-json\/wp\/v2\/product\/1222\/revisions\/3612"}],"wp:featuredmedia":[{"embeddable":true,"href":"https:\/\/www.integralpro.com.co\/index.php\/wp-json\/wp\/v2\/media\/3611"}],"wp:attachment":[{"href":"https:\/\/www.integralpro.com.co\/index.php\/wp-json\/wp\/v2\/media?parent=1222"}],"wp:term":[{"taxonomy":"product_brand","embeddable":true,"href":"https:\/\/www.integralpro.com.co\/index.php\/wp-json\/wp\/v2\/product_brand?post=1222"},{"taxonomy":"product_cat","embeddable":true,"href":"https:\/\/www.integralpro.com.co\/index.php\/wp-json\/wp\/v2\/product_cat?post=1222"},{"taxonomy":"product_tag","embeddable":true,"href":"https:\/\/www.integralpro.com.co\/index.php\/wp-json\/wp\/v2\/product_tag?post=1222"}],"curies":[{"name":"wp","href":"https:\/\/api.w.org\/{rel}","templated":true}]}}