{"id":1221,"date":"2021-02-19T14:46:42","date_gmt":"2021-02-19T19:46:42","guid":{"rendered":"https:\/\/www.integralpro.com.co\/index.php\/producto\/import-placeholder-for-844\/"},"modified":"2021-02-23T11:43:46","modified_gmt":"2021-02-23T16:43:46","slug":"adaptador-tplink-tl-wn881nd-express-inalambrico-n-tl-wn881nd","status":"publish","type":"product","link":"https:\/\/www.integralpro.com.co\/index.php\/producto\/adaptador-tplink-tl-wn881nd-express-inalambrico-n-tl-wn881nd\/","title":{"rendered":"Adaptador Tplink Tl-Wn881Nd Express Inal\u00e1mbrico N Tl-Wn881Nd"},"content":{"rendered":"<p style=\"text-align: justify;\">El adaptador PCI inal\u00e1mbrico N TL-WN881ND le permite conectar su ordenador de sobremesa a una red inal\u00e1mbrica y acceder a ella a alta velocidad. Conforme con el est\u00e1ndar IEEE 802.11n, ofrece una velocidad inal\u00e1mbrica de hasta 300 Mbps, perfecta para jugar online o el v\u00eddeo en streaming.<\/p>\n<p>&nbsp;<\/p>\n<p><strong>Rango y velocidad inal\u00e1mbrica<\/strong><\/p>\n<p style=\"text-align: justify;\">Incorpora la tecnolog\u00eda MIMO (Multiple Input, Multiple Output, m\u00faltiple entrada, m\u00faltiple salida). Ello le permite minimizar las p\u00e9rdidas de se\u00f1al provocadas por la presencia de obst\u00e1culos en las oficinas o apartamentos de gran tama\u00f1o, incluso si se trata de estructuras de acero y hormig\u00f3n. Como resultado de todo ello, es capaz de captar f\u00e1cilmente una se\u00f1al inal\u00e1mbrica emitida a larga distancia a diferencia de si se utiliza un dispositivo 11g de la anterior generaci\u00f3n.<\/p>\n<p>&nbsp;<\/p>\n<p><strong>Tecnolog\u00eda<\/strong> CCA<\/p>\n<p style=\"text-align: justify;\">Clear Channel Assessment (CCA) evita autom\u00e1ticamente los conflictos de canal usando su caracter\u00edstica de selecci\u00f3n de canal claro y plenamente consciente de las ventajas de la uni\u00f3n de canal, mejora en gran medida el rendimiento inal\u00e1mbrico.<\/p>\n<p>&nbsp;<\/p>\n<p><strong>F\u00e1cil configuraci\u00f3n<\/strong><\/p>\n<p style=\"text-align: justify;\">Mediante el asistente de interfaz de usuario y la configuraci\u00f3n optimizada o el asistente de configuraci\u00f3n de CD le permitir\u00e1 obtener &#8216;online&#8217; de forma r\u00e1pida y sencilla.<\/p>\n<p>&nbsp;<\/p>\n<p><strong>Especificaciones T\u00e9cnicas<\/strong><\/p>\n<p>Dimensiones: 12.08 x 7.85 x 2.15 cm<br \/>\nPeso: 0.14 Kg<br \/>\nInterfaz: PCI Express(x1)<br \/>\nTipo de antena: Desmontable Omnidireccional (RP-SMA)<br \/>\nGanancia de antena: 2dBi<br \/>\nEst\u00e1ndares Inal\u00e1mbricos: IEEE 802.11n, IEEE 802.11g, IEEE 802.11b<br \/>\nFrecuencia: 2.400-2.4835GHz<br \/>\nRango de se\u00f1al: 11n: Hasta 300Mbps(din\u00e1mica); 11g: Hasta 54Mbps(din\u00e1mica); 11b: Hasta 11Mbps(din\u00e1mica)<br \/>\nTransmision de potencia: &lt;20dBm(EIRP)<br \/>\nModos inal\u00e1mbricos: modo Ad-Hoc \/ Infraestructura<br \/>\nSeguridad inal\u00e1mbrica: Soporta 64\/128 bit WEP, WPA-PSK\/WPA2-PSK<br \/>\nTecnolog\u00eda de modulaci\u00f3n: DBPSK, DQPSK, CCK, OFDM, 16-QAM, 64-QAM<br \/>\nCertificaci\u00f3n: CE, FCC, RoHS<br \/>\nRequisitos del sistema: Windows 8(32\/64bits), Windows 7(32\/64bits), Windows Vista(32\/64bits), Windows XP(32\/64bits)<br \/>\nColor: Verde<\/p>\n<p>&nbsp;<\/p>\n<p><strong>Contenido Del Paquete<\/strong><\/p>\n<p>Adaptador Inal\u00e1mbrico TL-WN881ND &#8211; 2 antenas desmontables &#8211; CD de Instalaci\u00f3n &#8211; Documentaci\u00f3n<\/p>\n","protected":false},"excerpt":{"rendered":"<p># DE PARTE: TL-WN881ND<\/p>\n","protected":false},"featured_media":3609,"template":"","meta":{"site-sidebar-layout":"default","site-content-layout":"default","ast-site-content-layout":"default","site-content-style":"default","site-sidebar-style":"default","ast-global-header-display":"","ast-banner-title-visibility":"","ast-main-header-display":"","ast-hfb-above-header-display":"","ast-hfb-below-header-display":"","ast-hfb-mobile-header-display":"","site-post-title":"","ast-breadcrumbs-content":"","ast-featured-img":"","footer-sml-layout":"","ast-disable-related-posts":"","theme-transparent-header-meta":"default","adv-header-id-meta":"","stick-header-meta":"","header-above-stick-meta":"","header-main-stick-meta":"","header-below-stick-meta":"","astra-migrate-meta-layouts":"default","ast-page-background-enabled":"default","ast-page-background-meta":{"desktop":{"background-color":"var(--ast-global-color-4)","background-image":"","background-repeat":"repeat","background-position":"center center","background-size":"auto","background-attachment":"scroll","background-type":"","background-media":"","overlay-type":"","overlay-color":"","overlay-opacity":"","overlay-gradient":""},"tablet":{"background-color":"","background-image":"","background-repeat":"repeat","background-position":"center center","background-size":"auto","background-attachment":"scroll","background-type":"","background-media":"","overlay-type":"","overlay-color":"","overlay-opacity":"","overlay-gradient":""},"mobile":{"background-color":"","background-image":"","background-repeat":"repeat","background-position":"center center","background-size":"auto","background-attachment":"scroll","background-type":"","background-media":"","overlay-type":"","overlay-color":"","overlay-opacity":"","overlay-gradient":""}},"ast-content-background-meta":{"desktop":{"background-color":"var(--ast-global-color-5)","background-image":"","background-repeat":"repeat","background-position":"center center","background-size":"auto","background-attachment":"scroll","background-type":"","background-media":"","overlay-type":"","overlay-color":"","overlay-opacity":"","overlay-gradient":""},"tablet":{"background-color":"var(--ast-global-color-5)","background-image":"","background-repeat":"repeat","background-position":"center center","background-size":"auto","background-attachment":"scroll","background-type":"","background-media":"","overlay-type":"","overlay-color":"","overlay-opacity":"","overlay-gradient":""},"mobile":{"background-color":"var(--ast-global-color-5)","background-image":"","background-repeat":"repeat","background-position":"center center","background-size":"auto","background-attachment":"scroll","background-type":"","background-media":"","overlay-type":"","overlay-color":"","overlay-opacity":"","overlay-gradient":""}}},"product_brand":[],"product_cat":[154,62],"product_tag":[45],"class_list":{"0":"post-1221","1":"product","2":"type-product","3":"status-publish","4":"has-post-thumbnail","6":"product_cat-adaptadores-wireless","7":"product_cat-redes","8":"product_tag-tp-link","9":"desktop-align-left","10":"tablet-align-left","11":"mobile-align-left","13":"first","14":"instock","15":"taxable","16":"shipping-taxable","17":"product-type-simple"},"yoast_head":"<!-- This site is optimized with the Yoast SEO plugin v27.4 - https:\/\/yoast.com\/product\/yoast-seo-wordpress\/ -->\n<title>Adaptador Tplink Tl-Wn881Nd Express Inal\u00e1mbrico N Tl-Wn881Nd - IntegralPro<\/title>\n<meta name=\"robots\" content=\"index, follow, max-snippet:-1, max-image-preview:large, max-video-preview:-1\" \/>\n<link rel=\"canonical\" href=\"https:\/\/www.integralpro.com.co\/index.php\/producto\/adaptador-tplink-tl-wn881nd-express-inalambrico-n-tl-wn881nd\/\" \/>\n<meta property=\"og:locale\" content=\"es_ES\" \/>\n<meta property=\"og:type\" content=\"article\" \/>\n<meta property=\"og:title\" content=\"Adaptador Tplink Tl-Wn881Nd Express Inal\u00e1mbrico N Tl-Wn881Nd - IntegralPro\" \/>\n<meta property=\"og:description\" content=\"# DE PARTE: TL-WN881ND\" \/>\n<meta property=\"og:url\" content=\"https:\/\/www.integralpro.com.co\/index.php\/producto\/adaptador-tplink-tl-wn881nd-express-inalambrico-n-tl-wn881nd\/\" \/>\n<meta property=\"og:site_name\" content=\"IntegralPro\" \/>\n<meta property=\"article:modified_time\" content=\"2021-02-23T16:43:46+00:00\" \/>\n<meta property=\"og:image\" content=\"https:\/\/www.integralpro.com.co\/wp-content\/uploads\/2021\/02\/Adaptador-Tplink-Tl-Wn881Nd-Express-Inalambrico-N-Tl-Wn881Nd.jpg\" \/>\n\t<meta property=\"og:image:width\" content=\"1600\" \/>\n\t<meta property=\"og:image:height\" content=\"1710\" \/>\n\t<meta property=\"og:image:type\" content=\"image\/jpeg\" \/>\n<meta name=\"twitter:card\" content=\"summary_large_image\" \/>\n<meta name=\"twitter:label1\" content=\"Tiempo de lectura\" \/>\n\t<meta name=\"twitter:data1\" content=\"2 minutos\" \/>\n<script type=\"application\/ld+json\" class=\"yoast-schema-graph\">{\"@context\":\"https:\\\/\\\/schema.org\",\"@graph\":[{\"@type\":\"WebPage\",\"@id\":\"https:\\\/\\\/www.integralpro.com.co\\\/index.php\\\/producto\\\/adaptador-tplink-tl-wn881nd-express-inalambrico-n-tl-wn881nd\\\/\",\"url\":\"https:\\\/\\\/www.integralpro.com.co\\\/index.php\\\/producto\\\/adaptador-tplink-tl-wn881nd-express-inalambrico-n-tl-wn881nd\\\/\",\"name\":\"Adaptador Tplink Tl-Wn881Nd Express Inal\u00e1mbrico N Tl-Wn881Nd - IntegralPro\",\"isPartOf\":{\"@id\":\"https:\\\/\\\/www.integralpro.com.co\\\/#website\"},\"primaryImageOfPage\":{\"@id\":\"https:\\\/\\\/www.integralpro.com.co\\\/index.php\\\/producto\\\/adaptador-tplink-tl-wn881nd-express-inalambrico-n-tl-wn881nd\\\/#primaryimage\"},\"image\":{\"@id\":\"https:\\\/\\\/www.integralpro.com.co\\\/index.php\\\/producto\\\/adaptador-tplink-tl-wn881nd-express-inalambrico-n-tl-wn881nd\\\/#primaryimage\"},\"thumbnailUrl\":\"https:\\\/\\\/www.integralpro.com.co\\\/wp-content\\\/uploads\\\/2021\\\/02\\\/Adaptador-Tplink-Tl-Wn881Nd-Express-Inalambrico-N-Tl-Wn881Nd.jpg\",\"datePublished\":\"2021-02-19T19:46:42+00:00\",\"dateModified\":\"2021-02-23T16:43:46+00:00\",\"breadcrumb\":{\"@id\":\"https:\\\/\\\/www.integralpro.com.co\\\/index.php\\\/producto\\\/adaptador-tplink-tl-wn881nd-express-inalambrico-n-tl-wn881nd\\\/#breadcrumb\"},\"inLanguage\":\"es\",\"potentialAction\":[{\"@type\":\"ReadAction\",\"target\":[\"https:\\\/\\\/www.integralpro.com.co\\\/index.php\\\/producto\\\/adaptador-tplink-tl-wn881nd-express-inalambrico-n-tl-wn881nd\\\/\"]}]},{\"@type\":\"ImageObject\",\"inLanguage\":\"es\",\"@id\":\"https:\\\/\\\/www.integralpro.com.co\\\/index.php\\\/producto\\\/adaptador-tplink-tl-wn881nd-express-inalambrico-n-tl-wn881nd\\\/#primaryimage\",\"url\":\"https:\\\/\\\/www.integralpro.com.co\\\/wp-content\\\/uploads\\\/2021\\\/02\\\/Adaptador-Tplink-Tl-Wn881Nd-Express-Inalambrico-N-Tl-Wn881Nd.jpg\",\"contentUrl\":\"https:\\\/\\\/www.integralpro.com.co\\\/wp-content\\\/uploads\\\/2021\\\/02\\\/Adaptador-Tplink-Tl-Wn881Nd-Express-Inalambrico-N-Tl-Wn881Nd.jpg\",\"width\":1600,\"height\":1710},{\"@type\":\"BreadcrumbList\",\"@id\":\"https:\\\/\\\/www.integralpro.com.co\\\/index.php\\\/producto\\\/adaptador-tplink-tl-wn881nd-express-inalambrico-n-tl-wn881nd\\\/#breadcrumb\",\"itemListElement\":[{\"@type\":\"ListItem\",\"position\":1,\"name\":\"Portada\",\"item\":\"https:\\\/\\\/www.integralpro.com.co\\\/\"},{\"@type\":\"ListItem\",\"position\":2,\"name\":\"Tienda\",\"item\":\"https:\\\/\\\/www.integralpro.com.co\\\/index.php\\\/tienda\\\/\"},{\"@type\":\"ListItem\",\"position\":3,\"name\":\"Adaptador Tplink Tl-Wn881Nd Express Inal\u00e1mbrico N Tl-Wn881Nd\"}]},{\"@type\":\"WebSite\",\"@id\":\"https:\\\/\\\/www.integralpro.com.co\\\/#website\",\"url\":\"https:\\\/\\\/www.integralpro.com.co\\\/\",\"name\":\"IntegralPro\",\"description\":\"Tienda de Tecnolog\u00eda en L\u00ednea\",\"publisher\":{\"@id\":\"https:\\\/\\\/www.integralpro.com.co\\\/#organization\"},\"potentialAction\":[{\"@type\":\"SearchAction\",\"target\":{\"@type\":\"EntryPoint\",\"urlTemplate\":\"https:\\\/\\\/www.integralpro.com.co\\\/?s={search_term_string}\"},\"query-input\":{\"@type\":\"PropertyValueSpecification\",\"valueRequired\":true,\"valueName\":\"search_term_string\"}}],\"inLanguage\":\"es\"},{\"@type\":\"Organization\",\"@id\":\"https:\\\/\\\/www.integralpro.com.co\\\/#organization\",\"name\":\"IntegralPro SAS\",\"url\":\"https:\\\/\\\/www.integralpro.com.co\\\/\",\"logo\":{\"@type\":\"ImageObject\",\"inLanguage\":\"es\",\"@id\":\"https:\\\/\\\/www.integralpro.com.co\\\/#\\\/schema\\\/logo\\\/image\\\/\",\"url\":\"https:\\\/\\\/www.integralpro.com.co\\\/wp-content\\\/uploads\\\/2021\\\/02\\\/logo-def.jpg\",\"contentUrl\":\"https:\\\/\\\/www.integralpro.com.co\\\/wp-content\\\/uploads\\\/2021\\\/02\\\/logo-def.jpg\",\"width\":238,\"height\":234,\"caption\":\"IntegralPro SAS\"},\"image\":{\"@id\":\"https:\\\/\\\/www.integralpro.com.co\\\/#\\\/schema\\\/logo\\\/image\\\/\"}}]}<\/script>\n<!-- \/ Yoast SEO plugin. -->","yoast_head_json":{"title":"Adaptador Tplink Tl-Wn881Nd Express Inal\u00e1mbrico N Tl-Wn881Nd - IntegralPro","robots":{"index":"index","follow":"follow","max-snippet":"max-snippet:-1","max-image-preview":"max-image-preview:large","max-video-preview":"max-video-preview:-1"},"canonical":"https:\/\/www.integralpro.com.co\/index.php\/producto\/adaptador-tplink-tl-wn881nd-express-inalambrico-n-tl-wn881nd\/","og_locale":"es_ES","og_type":"article","og_title":"Adaptador Tplink Tl-Wn881Nd Express Inal\u00e1mbrico N Tl-Wn881Nd - IntegralPro","og_description":"# DE PARTE: TL-WN881ND","og_url":"https:\/\/www.integralpro.com.co\/index.php\/producto\/adaptador-tplink-tl-wn881nd-express-inalambrico-n-tl-wn881nd\/","og_site_name":"IntegralPro","article_modified_time":"2021-02-23T16:43:46+00:00","og_image":[{"width":1600,"height":1710,"url":"https:\/\/www.integralpro.com.co\/wp-content\/uploads\/2021\/02\/Adaptador-Tplink-Tl-Wn881Nd-Express-Inalambrico-N-Tl-Wn881Nd.jpg","type":"image\/jpeg"}],"twitter_card":"summary_large_image","twitter_misc":{"Tiempo de lectura":"2 minutos"},"schema":{"@context":"https:\/\/schema.org","@graph":[{"@type":"WebPage","@id":"https:\/\/www.integralpro.com.co\/index.php\/producto\/adaptador-tplink-tl-wn881nd-express-inalambrico-n-tl-wn881nd\/","url":"https:\/\/www.integralpro.com.co\/index.php\/producto\/adaptador-tplink-tl-wn881nd-express-inalambrico-n-tl-wn881nd\/","name":"Adaptador Tplink Tl-Wn881Nd Express Inal\u00e1mbrico N Tl-Wn881Nd - IntegralPro","isPartOf":{"@id":"https:\/\/www.integralpro.com.co\/#website"},"primaryImageOfPage":{"@id":"https:\/\/www.integralpro.com.co\/index.php\/producto\/adaptador-tplink-tl-wn881nd-express-inalambrico-n-tl-wn881nd\/#primaryimage"},"image":{"@id":"https:\/\/www.integralpro.com.co\/index.php\/producto\/adaptador-tplink-tl-wn881nd-express-inalambrico-n-tl-wn881nd\/#primaryimage"},"thumbnailUrl":"https:\/\/www.integralpro.com.co\/wp-content\/uploads\/2021\/02\/Adaptador-Tplink-Tl-Wn881Nd-Express-Inalambrico-N-Tl-Wn881Nd.jpg","datePublished":"2021-02-19T19:46:42+00:00","dateModified":"2021-02-23T16:43:46+00:00","breadcrumb":{"@id":"https:\/\/www.integralpro.com.co\/index.php\/producto\/adaptador-tplink-tl-wn881nd-express-inalambrico-n-tl-wn881nd\/#breadcrumb"},"inLanguage":"es","potentialAction":[{"@type":"ReadAction","target":["https:\/\/www.integralpro.com.co\/index.php\/producto\/adaptador-tplink-tl-wn881nd-express-inalambrico-n-tl-wn881nd\/"]}]},{"@type":"ImageObject","inLanguage":"es","@id":"https:\/\/www.integralpro.com.co\/index.php\/producto\/adaptador-tplink-tl-wn881nd-express-inalambrico-n-tl-wn881nd\/#primaryimage","url":"https:\/\/www.integralpro.com.co\/wp-content\/uploads\/2021\/02\/Adaptador-Tplink-Tl-Wn881Nd-Express-Inalambrico-N-Tl-Wn881Nd.jpg","contentUrl":"https:\/\/www.integralpro.com.co\/wp-content\/uploads\/2021\/02\/Adaptador-Tplink-Tl-Wn881Nd-Express-Inalambrico-N-Tl-Wn881Nd.jpg","width":1600,"height":1710},{"@type":"BreadcrumbList","@id":"https:\/\/www.integralpro.com.co\/index.php\/producto\/adaptador-tplink-tl-wn881nd-express-inalambrico-n-tl-wn881nd\/#breadcrumb","itemListElement":[{"@type":"ListItem","position":1,"name":"Portada","item":"https:\/\/www.integralpro.com.co\/"},{"@type":"ListItem","position":2,"name":"Tienda","item":"https:\/\/www.integralpro.com.co\/index.php\/tienda\/"},{"@type":"ListItem","position":3,"name":"Adaptador Tplink Tl-Wn881Nd Express Inal\u00e1mbrico N Tl-Wn881Nd"}]},{"@type":"WebSite","@id":"https:\/\/www.integralpro.com.co\/#website","url":"https:\/\/www.integralpro.com.co\/","name":"IntegralPro","description":"Tienda de Tecnolog\u00eda en L\u00ednea","publisher":{"@id":"https:\/\/www.integralpro.com.co\/#organization"},"potentialAction":[{"@type":"SearchAction","target":{"@type":"EntryPoint","urlTemplate":"https:\/\/www.integralpro.com.co\/?s={search_term_string}"},"query-input":{"@type":"PropertyValueSpecification","valueRequired":true,"valueName":"search_term_string"}}],"inLanguage":"es"},{"@type":"Organization","@id":"https:\/\/www.integralpro.com.co\/#organization","name":"IntegralPro SAS","url":"https:\/\/www.integralpro.com.co\/","logo":{"@type":"ImageObject","inLanguage":"es","@id":"https:\/\/www.integralpro.com.co\/#\/schema\/logo\/image\/","url":"https:\/\/www.integralpro.com.co\/wp-content\/uploads\/2021\/02\/logo-def.jpg","contentUrl":"https:\/\/www.integralpro.com.co\/wp-content\/uploads\/2021\/02\/logo-def.jpg","width":238,"height":234,"caption":"IntegralPro SAS"},"image":{"@id":"https:\/\/www.integralpro.com.co\/#\/schema\/logo\/image\/"}}]}},"_links":{"self":[{"href":"https:\/\/www.integralpro.com.co\/index.php\/wp-json\/wp\/v2\/product\/1221","targetHints":{"allow":["GET"]}}],"collection":[{"href":"https:\/\/www.integralpro.com.co\/index.php\/wp-json\/wp\/v2\/product"}],"about":[{"href":"https:\/\/www.integralpro.com.co\/index.php\/wp-json\/wp\/v2\/types\/product"}],"version-history":[{"count":2,"href":"https:\/\/www.integralpro.com.co\/index.php\/wp-json\/wp\/v2\/product\/1221\/revisions"}],"predecessor-version":[{"id":3610,"href":"https:\/\/www.integralpro.com.co\/index.php\/wp-json\/wp\/v2\/product\/1221\/revisions\/3610"}],"wp:featuredmedia":[{"embeddable":true,"href":"https:\/\/www.integralpro.com.co\/index.php\/wp-json\/wp\/v2\/media\/3609"}],"wp:attachment":[{"href":"https:\/\/www.integralpro.com.co\/index.php\/wp-json\/wp\/v2\/media?parent=1221"}],"wp:term":[{"taxonomy":"product_brand","embeddable":true,"href":"https:\/\/www.integralpro.com.co\/index.php\/wp-json\/wp\/v2\/product_brand?post=1221"},{"taxonomy":"product_cat","embeddable":true,"href":"https:\/\/www.integralpro.com.co\/index.php\/wp-json\/wp\/v2\/product_cat?post=1221"},{"taxonomy":"product_tag","embeddable":true,"href":"https:\/\/www.integralpro.com.co\/index.php\/wp-json\/wp\/v2\/product_tag?post=1221"}],"curies":[{"name":"wp","href":"https:\/\/api.w.org\/{rel}","templated":true}]}}