{"id":1205,"date":"2021-02-19T08:52:40","date_gmt":"2021-02-19T13:52:40","guid":{"rendered":"https:\/\/www.integralpro.com.co\/index.php\/producto\/import-placeholder-for-842\/"},"modified":"2021-02-23T11:38:34","modified_gmt":"2021-02-23T16:38:34","slug":"adaptador-tplink-mini-usb-tl-wn823n-inalambrico-n-300mbps","status":"publish","type":"product","link":"https:\/\/www.integralpro.com.co\/index.php\/producto\/adaptador-tplink-mini-usb-tl-wn823n-inalambrico-n-300mbps\/","title":{"rendered":"Adaptador Tplink Mini Usb Tl-Wn823N Inal\u00e1mbrico N 300Mbps"},"content":{"rendered":"<p style=\"text-align: justify;\">El Mini Adaptador USB Inal\u00e1mbrico N de 300Mbps, TL-WN823N de TP-LINK est\u00e1 dise\u00f1ado para conectar su laptop o desktop a una red inal\u00e1mbrica y para disfrutar un desempe\u00f1o inal\u00e1mbrico de alta velocidad. El dise\u00f1o del tama\u00f1o de la punta del dedo hace que el adaptador sea conveniente y f\u00e1cil de llevar consigo. Lo que es m\u00e1s, el TL-WN823N posee la caracter\u00edstica del Modo SoftAP, configuraci\u00f3n de seguridad con un bot\u00f3n, software de configuraci\u00f3n de f\u00e1cil uso, que lo hace una gran opci\u00f3n para disfrutar una red inal\u00e1mbrica r\u00e1pida.<\/p>\n<p>&nbsp;<\/p>\n<p><strong>Velocidad inal\u00e1mbrica<\/strong><\/p>\n<p style=\"text-align: justify;\">Con velocidades inal\u00e1mbricas de hasta 300Mbps y tecnolog\u00eda MIMO avanzada, el TL-WN823N le proporciona una conexi\u00f3n inal\u00e1mbrica r\u00e1pida y confiable para el streaming de video y juegos en l\u00ednea sin problemas.<\/p>\n<p>&nbsp;<\/p>\n<p><strong>Cobertura<\/strong><\/p>\n<p style=\"text-align: justify;\">El TL-WN823N logra un mejor desempe\u00f1o con los dispositivos inal\u00e1mbricos N, pero tambi\u00e9n funciona de manera continua con las redes IEEE 802.11b\/g existentes<\/p>\n<p>&nbsp;<\/p>\n<p><strong>WPS<\/strong><\/p>\n<p style=\"text-align: justify;\">Configuraci\u00f3n Wi-Fi instant\u00e1nea simplemente presionando el bot\u00f3n \u201cWPS\u201d.<\/p>\n<p>&nbsp;<\/p>\n<p><strong>Especificaciones T\u00e9cnicas<\/strong><\/p>\n<p>Dimensiones: 3.9 x 1.84 x 0.79 cm<br \/>\nPeso: 0.1 Kg<br \/>\nInterfaz: USB 2.0<br \/>\nBotones: Bot\u00f3n de Configuraci\u00f3n Wi-Fi Protegida (WPS)<br \/>\nTipo antena: Interna<br \/>\nEst\u00e1ndares inal\u00e1mbricos: IEEE 802.11b, IEEE 802.11g, IEEE 802.11n<br \/>\nFrecuencia: 2.400 ~ 2.4835 GHz<br \/>\nTasa de se\u00f1al: 11b: Hasta 11Mbps (din\u00e1mica); 11g: Hasta 54Mbps (din\u00e1mica); 11n: Hasta 300Mbps (din\u00e1mica)<br \/>\nPotencia de transmisi\u00f3n: &lt;20dBm (EIRP)<br \/>\nModos inal\u00e1mbricos: Modo Soft AP; Modo Client (soporta Ad-hoc\/red de infraestructura)<br \/>\nSeguridad inal\u00e1mbrica: 64\/128-bit WEP; WPA-PSK \/ WPA2-PSK; WPA \/ WPA2<br \/>\nTecnolog\u00eda de modulaci\u00f3n: DBPSK, DQPSK, CCK, OFDM, 16-QAM, 64-QAM<br \/>\nCertificaci\u00f3n: CE, FCC, IC, RoHS<br \/>\nRequisitos del sistema: Windows 8.1(32\/64bits) Windows 8(32\/64bits) Windows 7(32\/64bits) Windows XP(32\/64bits) Mac OS X 10.7~10.10 Linux<br \/>\nColor: Negro<\/p>\n<p>&nbsp;<\/p>\n<p><strong>Contenido Del Paquete<\/strong><\/p>\n<p>Adaptador Inal\u00e1mbrico TL-WN823N &#8211; CD &#8211; Documentaci\u00f3n<\/p>\n","protected":false},"excerpt":{"rendered":"<p># DE PARTE: TL-WN823N<\/p>\n","protected":false},"featured_media":3606,"template":"","meta":{"site-sidebar-layout":"default","site-content-layout":"default","ast-site-content-layout":"default","site-content-style":"default","site-sidebar-style":"default","ast-global-header-display":"","ast-banner-title-visibility":"","ast-main-header-display":"","ast-hfb-above-header-display":"","ast-hfb-below-header-display":"","ast-hfb-mobile-header-display":"","site-post-title":"","ast-breadcrumbs-content":"","ast-featured-img":"","footer-sml-layout":"","ast-disable-related-posts":"","theme-transparent-header-meta":"default","adv-header-id-meta":"","stick-header-meta":"","header-above-stick-meta":"","header-main-stick-meta":"","header-below-stick-meta":"","astra-migrate-meta-layouts":"default","ast-page-background-enabled":"default","ast-page-background-meta":{"desktop":{"background-color":"var(--ast-global-color-4)","background-image":"","background-repeat":"repeat","background-position":"center center","background-size":"auto","background-attachment":"scroll","background-type":"","background-media":"","overlay-type":"","overlay-color":"","overlay-opacity":"","overlay-gradient":""},"tablet":{"background-color":"","background-image":"","background-repeat":"repeat","background-position":"center center","background-size":"auto","background-attachment":"scroll","background-type":"","background-media":"","overlay-type":"","overlay-color":"","overlay-opacity":"","overlay-gradient":""},"mobile":{"background-color":"","background-image":"","background-repeat":"repeat","background-position":"center center","background-size":"auto","background-attachment":"scroll","background-type":"","background-media":"","overlay-type":"","overlay-color":"","overlay-opacity":"","overlay-gradient":""}},"ast-content-background-meta":{"desktop":{"background-color":"var(--ast-global-color-5)","background-image":"","background-repeat":"repeat","background-position":"center center","background-size":"auto","background-attachment":"scroll","background-type":"","background-media":"","overlay-type":"","overlay-color":"","overlay-opacity":"","overlay-gradient":""},"tablet":{"background-color":"var(--ast-global-color-5)","background-image":"","background-repeat":"repeat","background-position":"center center","background-size":"auto","background-attachment":"scroll","background-type":"","background-media":"","overlay-type":"","overlay-color":"","overlay-opacity":"","overlay-gradient":""},"mobile":{"background-color":"var(--ast-global-color-5)","background-image":"","background-repeat":"repeat","background-position":"center center","background-size":"auto","background-attachment":"scroll","background-type":"","background-media":"","overlay-type":"","overlay-color":"","overlay-opacity":"","overlay-gradient":""}}},"product_brand":[],"product_cat":[154,62],"product_tag":[45],"class_list":{"0":"post-1205","1":"product","2":"type-product","3":"status-publish","4":"has-post-thumbnail","6":"product_cat-adaptadores-wireless","7":"product_cat-redes","8":"product_tag-tp-link","9":"desktop-align-left","10":"tablet-align-left","11":"mobile-align-left","13":"first","14":"instock","15":"taxable","16":"shipping-taxable","17":"product-type-simple"},"yoast_head":"<!-- This site is optimized with the Yoast SEO plugin v27.4 - https:\/\/yoast.com\/product\/yoast-seo-wordpress\/ -->\n<title>Adaptador Tplink Mini Usb Tl-Wn823N Inal\u00e1mbrico N 300Mbps - IntegralPro<\/title>\n<meta name=\"robots\" content=\"index, follow, max-snippet:-1, max-image-preview:large, max-video-preview:-1\" \/>\n<link rel=\"canonical\" href=\"https:\/\/www.integralpro.com.co\/index.php\/producto\/adaptador-tplink-mini-usb-tl-wn823n-inalambrico-n-300mbps\/\" \/>\n<meta property=\"og:locale\" content=\"es_ES\" \/>\n<meta property=\"og:type\" content=\"article\" \/>\n<meta property=\"og:title\" content=\"Adaptador Tplink Mini Usb Tl-Wn823N Inal\u00e1mbrico N 300Mbps - IntegralPro\" \/>\n<meta property=\"og:description\" content=\"# DE PARTE: TL-WN823N\" \/>\n<meta property=\"og:url\" content=\"https:\/\/www.integralpro.com.co\/index.php\/producto\/adaptador-tplink-mini-usb-tl-wn823n-inalambrico-n-300mbps\/\" \/>\n<meta property=\"og:site_name\" content=\"IntegralPro\" \/>\n<meta property=\"article:modified_time\" content=\"2021-02-23T16:38:34+00:00\" \/>\n<meta property=\"og:image\" content=\"https:\/\/www.integralpro.com.co\/wp-content\/uploads\/2021\/02\/Adaptador-Tplink-Mini-Usb-Tl-Wn823N-Inalambrico-N-300Mbps.jpg\" \/>\n\t<meta property=\"og:image:width\" content=\"1024\" \/>\n\t<meta property=\"og:image:height\" content=\"1024\" \/>\n\t<meta property=\"og:image:type\" content=\"image\/jpeg\" \/>\n<meta name=\"twitter:card\" content=\"summary_large_image\" \/>\n<meta name=\"twitter:label1\" content=\"Tiempo de lectura\" \/>\n\t<meta name=\"twitter:data1\" content=\"2 minutos\" \/>\n<script type=\"application\/ld+json\" class=\"yoast-schema-graph\">{\"@context\":\"https:\\\/\\\/schema.org\",\"@graph\":[{\"@type\":\"WebPage\",\"@id\":\"https:\\\/\\\/www.integralpro.com.co\\\/index.php\\\/producto\\\/adaptador-tplink-mini-usb-tl-wn823n-inalambrico-n-300mbps\\\/\",\"url\":\"https:\\\/\\\/www.integralpro.com.co\\\/index.php\\\/producto\\\/adaptador-tplink-mini-usb-tl-wn823n-inalambrico-n-300mbps\\\/\",\"name\":\"Adaptador Tplink Mini Usb Tl-Wn823N Inal\u00e1mbrico N 300Mbps - IntegralPro\",\"isPartOf\":{\"@id\":\"https:\\\/\\\/www.integralpro.com.co\\\/#website\"},\"primaryImageOfPage\":{\"@id\":\"https:\\\/\\\/www.integralpro.com.co\\\/index.php\\\/producto\\\/adaptador-tplink-mini-usb-tl-wn823n-inalambrico-n-300mbps\\\/#primaryimage\"},\"image\":{\"@id\":\"https:\\\/\\\/www.integralpro.com.co\\\/index.php\\\/producto\\\/adaptador-tplink-mini-usb-tl-wn823n-inalambrico-n-300mbps\\\/#primaryimage\"},\"thumbnailUrl\":\"https:\\\/\\\/www.integralpro.com.co\\\/wp-content\\\/uploads\\\/2021\\\/02\\\/Adaptador-Tplink-Mini-Usb-Tl-Wn823N-Inalambrico-N-300Mbps.jpg\",\"datePublished\":\"2021-02-19T13:52:40+00:00\",\"dateModified\":\"2021-02-23T16:38:34+00:00\",\"breadcrumb\":{\"@id\":\"https:\\\/\\\/www.integralpro.com.co\\\/index.php\\\/producto\\\/adaptador-tplink-mini-usb-tl-wn823n-inalambrico-n-300mbps\\\/#breadcrumb\"},\"inLanguage\":\"es\",\"potentialAction\":[{\"@type\":\"ReadAction\",\"target\":[\"https:\\\/\\\/www.integralpro.com.co\\\/index.php\\\/producto\\\/adaptador-tplink-mini-usb-tl-wn823n-inalambrico-n-300mbps\\\/\"]}]},{\"@type\":\"ImageObject\",\"inLanguage\":\"es\",\"@id\":\"https:\\\/\\\/www.integralpro.com.co\\\/index.php\\\/producto\\\/adaptador-tplink-mini-usb-tl-wn823n-inalambrico-n-300mbps\\\/#primaryimage\",\"url\":\"https:\\\/\\\/www.integralpro.com.co\\\/wp-content\\\/uploads\\\/2021\\\/02\\\/Adaptador-Tplink-Mini-Usb-Tl-Wn823N-Inalambrico-N-300Mbps.jpg\",\"contentUrl\":\"https:\\\/\\\/www.integralpro.com.co\\\/wp-content\\\/uploads\\\/2021\\\/02\\\/Adaptador-Tplink-Mini-Usb-Tl-Wn823N-Inalambrico-N-300Mbps.jpg\",\"width\":1024,\"height\":1024},{\"@type\":\"BreadcrumbList\",\"@id\":\"https:\\\/\\\/www.integralpro.com.co\\\/index.php\\\/producto\\\/adaptador-tplink-mini-usb-tl-wn823n-inalambrico-n-300mbps\\\/#breadcrumb\",\"itemListElement\":[{\"@type\":\"ListItem\",\"position\":1,\"name\":\"Portada\",\"item\":\"https:\\\/\\\/www.integralpro.com.co\\\/\"},{\"@type\":\"ListItem\",\"position\":2,\"name\":\"Tienda\",\"item\":\"https:\\\/\\\/www.integralpro.com.co\\\/index.php\\\/tienda\\\/\"},{\"@type\":\"ListItem\",\"position\":3,\"name\":\"Adaptador Tplink Mini Usb Tl-Wn823N Inal\u00e1mbrico N 300Mbps\"}]},{\"@type\":\"WebSite\",\"@id\":\"https:\\\/\\\/www.integralpro.com.co\\\/#website\",\"url\":\"https:\\\/\\\/www.integralpro.com.co\\\/\",\"name\":\"IntegralPro\",\"description\":\"Tienda de Tecnolog\u00eda en L\u00ednea\",\"publisher\":{\"@id\":\"https:\\\/\\\/www.integralpro.com.co\\\/#organization\"},\"potentialAction\":[{\"@type\":\"SearchAction\",\"target\":{\"@type\":\"EntryPoint\",\"urlTemplate\":\"https:\\\/\\\/www.integralpro.com.co\\\/?s={search_term_string}\"},\"query-input\":{\"@type\":\"PropertyValueSpecification\",\"valueRequired\":true,\"valueName\":\"search_term_string\"}}],\"inLanguage\":\"es\"},{\"@type\":\"Organization\",\"@id\":\"https:\\\/\\\/www.integralpro.com.co\\\/#organization\",\"name\":\"IntegralPro SAS\",\"url\":\"https:\\\/\\\/www.integralpro.com.co\\\/\",\"logo\":{\"@type\":\"ImageObject\",\"inLanguage\":\"es\",\"@id\":\"https:\\\/\\\/www.integralpro.com.co\\\/#\\\/schema\\\/logo\\\/image\\\/\",\"url\":\"https:\\\/\\\/www.integralpro.com.co\\\/wp-content\\\/uploads\\\/2021\\\/02\\\/logo-def.jpg\",\"contentUrl\":\"https:\\\/\\\/www.integralpro.com.co\\\/wp-content\\\/uploads\\\/2021\\\/02\\\/logo-def.jpg\",\"width\":238,\"height\":234,\"caption\":\"IntegralPro SAS\"},\"image\":{\"@id\":\"https:\\\/\\\/www.integralpro.com.co\\\/#\\\/schema\\\/logo\\\/image\\\/\"}}]}<\/script>\n<!-- \/ Yoast SEO plugin. -->","yoast_head_json":{"title":"Adaptador Tplink Mini Usb Tl-Wn823N Inal\u00e1mbrico N 300Mbps - IntegralPro","robots":{"index":"index","follow":"follow","max-snippet":"max-snippet:-1","max-image-preview":"max-image-preview:large","max-video-preview":"max-video-preview:-1"},"canonical":"https:\/\/www.integralpro.com.co\/index.php\/producto\/adaptador-tplink-mini-usb-tl-wn823n-inalambrico-n-300mbps\/","og_locale":"es_ES","og_type":"article","og_title":"Adaptador Tplink Mini Usb Tl-Wn823N Inal\u00e1mbrico N 300Mbps - IntegralPro","og_description":"# DE PARTE: TL-WN823N","og_url":"https:\/\/www.integralpro.com.co\/index.php\/producto\/adaptador-tplink-mini-usb-tl-wn823n-inalambrico-n-300mbps\/","og_site_name":"IntegralPro","article_modified_time":"2021-02-23T16:38:34+00:00","og_image":[{"width":1024,"height":1024,"url":"https:\/\/www.integralpro.com.co\/wp-content\/uploads\/2021\/02\/Adaptador-Tplink-Mini-Usb-Tl-Wn823N-Inalambrico-N-300Mbps.jpg","type":"image\/jpeg"}],"twitter_card":"summary_large_image","twitter_misc":{"Tiempo de lectura":"2 minutos"},"schema":{"@context":"https:\/\/schema.org","@graph":[{"@type":"WebPage","@id":"https:\/\/www.integralpro.com.co\/index.php\/producto\/adaptador-tplink-mini-usb-tl-wn823n-inalambrico-n-300mbps\/","url":"https:\/\/www.integralpro.com.co\/index.php\/producto\/adaptador-tplink-mini-usb-tl-wn823n-inalambrico-n-300mbps\/","name":"Adaptador Tplink Mini Usb Tl-Wn823N Inal\u00e1mbrico N 300Mbps - IntegralPro","isPartOf":{"@id":"https:\/\/www.integralpro.com.co\/#website"},"primaryImageOfPage":{"@id":"https:\/\/www.integralpro.com.co\/index.php\/producto\/adaptador-tplink-mini-usb-tl-wn823n-inalambrico-n-300mbps\/#primaryimage"},"image":{"@id":"https:\/\/www.integralpro.com.co\/index.php\/producto\/adaptador-tplink-mini-usb-tl-wn823n-inalambrico-n-300mbps\/#primaryimage"},"thumbnailUrl":"https:\/\/www.integralpro.com.co\/wp-content\/uploads\/2021\/02\/Adaptador-Tplink-Mini-Usb-Tl-Wn823N-Inalambrico-N-300Mbps.jpg","datePublished":"2021-02-19T13:52:40+00:00","dateModified":"2021-02-23T16:38:34+00:00","breadcrumb":{"@id":"https:\/\/www.integralpro.com.co\/index.php\/producto\/adaptador-tplink-mini-usb-tl-wn823n-inalambrico-n-300mbps\/#breadcrumb"},"inLanguage":"es","potentialAction":[{"@type":"ReadAction","target":["https:\/\/www.integralpro.com.co\/index.php\/producto\/adaptador-tplink-mini-usb-tl-wn823n-inalambrico-n-300mbps\/"]}]},{"@type":"ImageObject","inLanguage":"es","@id":"https:\/\/www.integralpro.com.co\/index.php\/producto\/adaptador-tplink-mini-usb-tl-wn823n-inalambrico-n-300mbps\/#primaryimage","url":"https:\/\/www.integralpro.com.co\/wp-content\/uploads\/2021\/02\/Adaptador-Tplink-Mini-Usb-Tl-Wn823N-Inalambrico-N-300Mbps.jpg","contentUrl":"https:\/\/www.integralpro.com.co\/wp-content\/uploads\/2021\/02\/Adaptador-Tplink-Mini-Usb-Tl-Wn823N-Inalambrico-N-300Mbps.jpg","width":1024,"height":1024},{"@type":"BreadcrumbList","@id":"https:\/\/www.integralpro.com.co\/index.php\/producto\/adaptador-tplink-mini-usb-tl-wn823n-inalambrico-n-300mbps\/#breadcrumb","itemListElement":[{"@type":"ListItem","position":1,"name":"Portada","item":"https:\/\/www.integralpro.com.co\/"},{"@type":"ListItem","position":2,"name":"Tienda","item":"https:\/\/www.integralpro.com.co\/index.php\/tienda\/"},{"@type":"ListItem","position":3,"name":"Adaptador Tplink Mini Usb Tl-Wn823N Inal\u00e1mbrico N 300Mbps"}]},{"@type":"WebSite","@id":"https:\/\/www.integralpro.com.co\/#website","url":"https:\/\/www.integralpro.com.co\/","name":"IntegralPro","description":"Tienda de Tecnolog\u00eda en L\u00ednea","publisher":{"@id":"https:\/\/www.integralpro.com.co\/#organization"},"potentialAction":[{"@type":"SearchAction","target":{"@type":"EntryPoint","urlTemplate":"https:\/\/www.integralpro.com.co\/?s={search_term_string}"},"query-input":{"@type":"PropertyValueSpecification","valueRequired":true,"valueName":"search_term_string"}}],"inLanguage":"es"},{"@type":"Organization","@id":"https:\/\/www.integralpro.com.co\/#organization","name":"IntegralPro SAS","url":"https:\/\/www.integralpro.com.co\/","logo":{"@type":"ImageObject","inLanguage":"es","@id":"https:\/\/www.integralpro.com.co\/#\/schema\/logo\/image\/","url":"https:\/\/www.integralpro.com.co\/wp-content\/uploads\/2021\/02\/logo-def.jpg","contentUrl":"https:\/\/www.integralpro.com.co\/wp-content\/uploads\/2021\/02\/logo-def.jpg","width":238,"height":234,"caption":"IntegralPro SAS"},"image":{"@id":"https:\/\/www.integralpro.com.co\/#\/schema\/logo\/image\/"}}]}},"_links":{"self":[{"href":"https:\/\/www.integralpro.com.co\/index.php\/wp-json\/wp\/v2\/product\/1205","targetHints":{"allow":["GET"]}}],"collection":[{"href":"https:\/\/www.integralpro.com.co\/index.php\/wp-json\/wp\/v2\/product"}],"about":[{"href":"https:\/\/www.integralpro.com.co\/index.php\/wp-json\/wp\/v2\/types\/product"}],"version-history":[{"count":2,"href":"https:\/\/www.integralpro.com.co\/index.php\/wp-json\/wp\/v2\/product\/1205\/revisions"}],"predecessor-version":[{"id":1210,"href":"https:\/\/www.integralpro.com.co\/index.php\/wp-json\/wp\/v2\/product\/1205\/revisions\/1210"}],"wp:featuredmedia":[{"embeddable":true,"href":"https:\/\/www.integralpro.com.co\/index.php\/wp-json\/wp\/v2\/media\/3606"}],"wp:attachment":[{"href":"https:\/\/www.integralpro.com.co\/index.php\/wp-json\/wp\/v2\/media?parent=1205"}],"wp:term":[{"taxonomy":"product_brand","embeddable":true,"href":"https:\/\/www.integralpro.com.co\/index.php\/wp-json\/wp\/v2\/product_brand?post=1205"},{"taxonomy":"product_cat","embeddable":true,"href":"https:\/\/www.integralpro.com.co\/index.php\/wp-json\/wp\/v2\/product_cat?post=1205"},{"taxonomy":"product_tag","embeddable":true,"href":"https:\/\/www.integralpro.com.co\/index.php\/wp-json\/wp\/v2\/product_tag?post=1205"}],"curies":[{"name":"wp","href":"https:\/\/api.w.org\/{rel}","templated":true}]}}