{"id":1204,"date":"2021-02-19T08:52:40","date_gmt":"2021-02-19T13:52:40","guid":{"rendered":"https:\/\/www.integralpro.com.co\/index.php\/producto\/import-placeholder-for-841\/"},"modified":"2021-02-19T10:03:54","modified_gmt":"2021-02-19T15:03:54","slug":"adaptador-tplink-inalambrico-tlwn8200nd-de-alta-potencia","status":"publish","type":"product","link":"https:\/\/www.integralpro.com.co\/index.php\/producto\/adaptador-tplink-inalambrico-tlwn8200nd-de-alta-potencia\/","title":{"rendered":"Adaptador Tplink Inal\u00e1mbrico Tlwn8200Nd De Alta Potencia"},"content":{"rendered":"<p>TP-LINK TL-WN8200ND es un adaptador inal\u00e1mbrico de alta potencia de 300 Mbps que permite a los usuarios activar tu PC o port\u00e1til con capacidad inal\u00e1mbrica muy potente para ofrecer mejoras de rendimiento. El adaptador adopta el dise\u00f1o de alta potencia que ofrece hasta 10 veces la gama de adaptadores convencionales. Una de las mejores caracter\u00edsticas del TL-WN8200ND es su penetrabilidad fuerte, que puede asegurar efectivamente que la se\u00f1al sigue siendo fiable cuando pasa a trav\u00e9s de m\u00faltiples paredes o pisos.<\/p>\n<p>&nbsp;<\/p>\n<h6><strong>Antenas desmontables<\/strong><\/h6>\n<p>Dos antenas externas de alta ganancia aseguran fuerte capacidad de transmisi\u00f3n y recepci\u00f3n. Las dos antenas desmontables se pueden girar y ajustar en direcciones diferentes para adaptarse a diferentes entornos de funcionamiento. Para a\u00fan m\u00e1s exigentes aplicaciones, las antenas tambi\u00e9n pueden ser reemplazadas con diversas antenas interiores o antenas direccionales (usando conector est\u00e1ndar RP-SMA) para mostrar mayor flexibilidad y mayor.<\/p>\n<p>&nbsp;<\/p>\n<h6><strong>Mayor Potencia<\/strong><\/h6>\n<p>Con alta potencia de transmisi\u00f3n, el TL-WN8200ND ofrece hasta 10 veces el rango del adaptador de corriente USB normal. Por otra parte, el TL-WN8200ND se presenta con penetrabilidad incre\u00edble y fuerte, por lo que no tiene que estar f\u00edsicamente atado a las paredes o pisos para acceder a Internet.<\/p>\n<p>&nbsp;<\/p>\n<p>&nbsp;<\/p>\n<h6><strong>Alta recepci\u00f3n<\/strong><\/h6>\n<p>TL-WN8200ND cuenta con alta sensibilidad de recepci\u00f3n, lo que podr\u00eda permitir que si te mueves m\u00e1s lejos del punto de acceso, mantiene la misma se\u00f1al inal\u00e1mbrica. En este caso, el uso de TL-WN8200ND significa que no tienes que mover el port\u00e1til como una varita m\u00e1gica, y puedes tomar f\u00e1cilmente la red con su fuerte sensibilidad.<\/p>\n<p>&nbsp;<\/p>\n<h6><strong>Dise\u00f1o<\/strong><\/h6>\n<p>Adem\u00e1s el exterior de moda y novedad, el dise\u00f1o de estilo de escritorio es beneficioso para la recepci\u00f3n de la se\u00f1al en diversos entornos de aplicaci\u00f3n, garantizando la se\u00f1al suave y estable. Y TL-WN8200ND tambi\u00e9n proporciona cable de extensi\u00f3n USB de 1,5 m, conveniente para su instalaci\u00f3n, incluso para los equipos de escritorio.<\/p>\n<p>&nbsp;<\/p>\n<h6><strong>Especificaciones T\u00e9cnicas<\/strong><\/h6>\n<p>Dimensiones: 9.08 x 6.07 x 2.4 cm<br \/>\nPeso: 0.29 Kg<br \/>\nInterfaz: Mini USB<br \/>\nBot\u00f3n: WPS<br \/>\nEst\u00e1ndares inal\u00e1mbricos: IEEE 802.11n, IEEE 802.11g, IEEE 802.11b<br \/>\nTipo de Antena: 2 antenas desmontables omnidireccionales (RP-SMA)<br \/>\nGanancia de Antena: 5dBi<br \/>\nFrecuencia: 2.4-2.4835GHz<br \/>\nTasa de se\u00f1al: Tx Hasta 150Mbps; Rx Hasta 300Mbps<br \/>\nPoder de trasmision: &lt;20dBm (EIRP, For countries using CE Standards); &lt;27dBm (EIRP, For countries using FCC Standards)<br \/>\nModo inal\u00e1mbrico: modo Ad-Hoc\/infraestructura<br \/>\nSeguridad inal\u00e1mbrica: 64\/128 bit WEP, WPA\/WPA2, WPA-PSK\/WPA2-PSK<br \/>\nRequisitos del sistema: Windows 8 (32\/64bits); Windows 7(32\/64bits); Windows Vista(32\/64bits); Windows XP(32\/64bits)<br \/>\nColor: Negro<\/p>\n<p>&nbsp;<\/p>\n<p><strong>Contenido Del Paquete<\/strong><\/p>\n<p>Adaptador USB TL-WN8200ND &#8211; 2 antenas desmontables omnifireccionales de 5dBi &#8211; CD &#8211; Extensi\u00f3n de Cable USB de 1.5m &#8211; Documentaci\u00f3n<\/p>\n<p>&nbsp;<\/p>\n","protected":false},"excerpt":{"rendered":"<p># DE PARTE: TL-WN8200ND<\/p>\n","protected":false},"featured_media":1206,"template":"","meta":{"site-sidebar-layout":"default","site-content-layout":"default","ast-site-content-layout":"default","site-content-style":"default","site-sidebar-style":"default","ast-global-header-display":"","ast-banner-title-visibility":"","ast-main-header-display":"","ast-hfb-above-header-display":"","ast-hfb-below-header-display":"","ast-hfb-mobile-header-display":"","site-post-title":"","ast-breadcrumbs-content":"","ast-featured-img":"","footer-sml-layout":"","ast-disable-related-posts":"","theme-transparent-header-meta":"default","adv-header-id-meta":"","stick-header-meta":"","header-above-stick-meta":"","header-main-stick-meta":"","header-below-stick-meta":"","astra-migrate-meta-layouts":"default","ast-page-background-enabled":"default","ast-page-background-meta":{"desktop":{"background-color":"var(--ast-global-color-4)","background-image":"","background-repeat":"repeat","background-position":"center center","background-size":"auto","background-attachment":"scroll","background-type":"","background-media":"","overlay-type":"","overlay-color":"","overlay-opacity":"","overlay-gradient":""},"tablet":{"background-color":"","background-image":"","background-repeat":"repeat","background-position":"center center","background-size":"auto","background-attachment":"scroll","background-type":"","background-media":"","overlay-type":"","overlay-color":"","overlay-opacity":"","overlay-gradient":""},"mobile":{"background-color":"","background-image":"","background-repeat":"repeat","background-position":"center center","background-size":"auto","background-attachment":"scroll","background-type":"","background-media":"","overlay-type":"","overlay-color":"","overlay-opacity":"","overlay-gradient":""}},"ast-content-background-meta":{"desktop":{"background-color":"var(--ast-global-color-5)","background-image":"","background-repeat":"repeat","background-position":"center center","background-size":"auto","background-attachment":"scroll","background-type":"","background-media":"","overlay-type":"","overlay-color":"","overlay-opacity":"","overlay-gradient":""},"tablet":{"background-color":"var(--ast-global-color-5)","background-image":"","background-repeat":"repeat","background-position":"center center","background-size":"auto","background-attachment":"scroll","background-type":"","background-media":"","overlay-type":"","overlay-color":"","overlay-opacity":"","overlay-gradient":""},"mobile":{"background-color":"var(--ast-global-color-5)","background-image":"","background-repeat":"repeat","background-position":"center center","background-size":"auto","background-attachment":"scroll","background-type":"","background-media":"","overlay-type":"","overlay-color":"","overlay-opacity":"","overlay-gradient":""}}},"product_brand":[],"product_cat":[154,62],"product_tag":[45],"class_list":{"0":"post-1204","1":"product","2":"type-product","3":"status-publish","4":"has-post-thumbnail","6":"product_cat-adaptadores-wireless","7":"product_cat-redes","8":"product_tag-tp-link","9":"desktop-align-left","10":"tablet-align-left","11":"mobile-align-left","13":"first","14":"instock","15":"taxable","16":"shipping-taxable","17":"product-type-simple"},"yoast_head":"<!-- This site is optimized with the Yoast SEO plugin v27.3 - https:\/\/yoast.com\/product\/yoast-seo-wordpress\/ -->\n<title>Adaptador Tplink Inal\u00e1mbrico Tlwn8200Nd De Alta Potencia - IntegralPro<\/title>\n<meta name=\"description\" content=\"Adaptador inal\u00e1mbrico de alta potencia de 300 Mbps que permite a los usuarios activar tu PC o port\u00e1til con capacidad inal\u00e1mbrica muy potente.\" \/>\n<meta name=\"robots\" content=\"index, follow, max-snippet:-1, max-image-preview:large, max-video-preview:-1\" \/>\n<link rel=\"canonical\" href=\"https:\/\/www.integralpro.com.co\/index.php\/producto\/adaptador-tplink-inalambrico-tlwn8200nd-de-alta-potencia\/\" \/>\n<meta property=\"og:locale\" content=\"es_ES\" \/>\n<meta property=\"og:type\" content=\"article\" \/>\n<meta property=\"og:title\" content=\"Adaptador Tplink Inal\u00e1mbrico Tlwn8200Nd De Alta Potencia - IntegralPro\" \/>\n<meta property=\"og:description\" content=\"Adaptador inal\u00e1mbrico de alta potencia de 300 Mbps que permite a los usuarios activar tu PC o port\u00e1til con capacidad inal\u00e1mbrica muy potente.\" \/>\n<meta property=\"og:url\" content=\"https:\/\/www.integralpro.com.co\/index.php\/producto\/adaptador-tplink-inalambrico-tlwn8200nd-de-alta-potencia\/\" \/>\n<meta property=\"og:site_name\" content=\"IntegralPro\" \/>\n<meta property=\"article:modified_time\" content=\"2021-02-19T15:03:54+00:00\" \/>\n<meta property=\"og:image\" content=\"https:\/\/www.integralpro.com.co\/wp-content\/uploads\/2021\/02\/C3td1v5.jpg\" \/>\n\t<meta property=\"og:image:width\" content=\"850\" \/>\n\t<meta property=\"og:image:height\" content=\"850\" \/>\n\t<meta property=\"og:image:type\" content=\"image\/jpeg\" \/>\n<meta name=\"twitter:card\" content=\"summary_large_image\" \/>\n<meta name=\"twitter:label1\" content=\"Tiempo de lectura\" \/>\n\t<meta name=\"twitter:data1\" content=\"2 minutos\" \/>\n<script type=\"application\/ld+json\" class=\"yoast-schema-graph\">{\"@context\":\"https:\\\/\\\/schema.org\",\"@graph\":[{\"@type\":\"WebPage\",\"@id\":\"https:\\\/\\\/www.integralpro.com.co\\\/index.php\\\/producto\\\/adaptador-tplink-inalambrico-tlwn8200nd-de-alta-potencia\\\/\",\"url\":\"https:\\\/\\\/www.integralpro.com.co\\\/index.php\\\/producto\\\/adaptador-tplink-inalambrico-tlwn8200nd-de-alta-potencia\\\/\",\"name\":\"Adaptador Tplink Inal\u00e1mbrico Tlwn8200Nd De Alta Potencia - IntegralPro\",\"isPartOf\":{\"@id\":\"https:\\\/\\\/www.integralpro.com.co\\\/#website\"},\"primaryImageOfPage\":{\"@id\":\"https:\\\/\\\/www.integralpro.com.co\\\/index.php\\\/producto\\\/adaptador-tplink-inalambrico-tlwn8200nd-de-alta-potencia\\\/#primaryimage\"},\"image\":{\"@id\":\"https:\\\/\\\/www.integralpro.com.co\\\/index.php\\\/producto\\\/adaptador-tplink-inalambrico-tlwn8200nd-de-alta-potencia\\\/#primaryimage\"},\"thumbnailUrl\":\"https:\\\/\\\/www.integralpro.com.co\\\/wp-content\\\/uploads\\\/2021\\\/02\\\/C3td1v5.jpg\",\"datePublished\":\"2021-02-19T13:52:40+00:00\",\"dateModified\":\"2021-02-19T15:03:54+00:00\",\"description\":\"Adaptador inal\u00e1mbrico de alta potencia de 300 Mbps que permite a los usuarios activar tu PC o port\u00e1til con capacidad inal\u00e1mbrica muy potente.\",\"breadcrumb\":{\"@id\":\"https:\\\/\\\/www.integralpro.com.co\\\/index.php\\\/producto\\\/adaptador-tplink-inalambrico-tlwn8200nd-de-alta-potencia\\\/#breadcrumb\"},\"inLanguage\":\"es\",\"potentialAction\":[{\"@type\":\"ReadAction\",\"target\":[\"https:\\\/\\\/www.integralpro.com.co\\\/index.php\\\/producto\\\/adaptador-tplink-inalambrico-tlwn8200nd-de-alta-potencia\\\/\"]}]},{\"@type\":\"ImageObject\",\"inLanguage\":\"es\",\"@id\":\"https:\\\/\\\/www.integralpro.com.co\\\/index.php\\\/producto\\\/adaptador-tplink-inalambrico-tlwn8200nd-de-alta-potencia\\\/#primaryimage\",\"url\":\"https:\\\/\\\/www.integralpro.com.co\\\/wp-content\\\/uploads\\\/2021\\\/02\\\/C3td1v5.jpg\",\"contentUrl\":\"https:\\\/\\\/www.integralpro.com.co\\\/wp-content\\\/uploads\\\/2021\\\/02\\\/C3td1v5.jpg\",\"width\":850,\"height\":850},{\"@type\":\"BreadcrumbList\",\"@id\":\"https:\\\/\\\/www.integralpro.com.co\\\/index.php\\\/producto\\\/adaptador-tplink-inalambrico-tlwn8200nd-de-alta-potencia\\\/#breadcrumb\",\"itemListElement\":[{\"@type\":\"ListItem\",\"position\":1,\"name\":\"Portada\",\"item\":\"https:\\\/\\\/www.integralpro.com.co\\\/\"},{\"@type\":\"ListItem\",\"position\":2,\"name\":\"Tienda\",\"item\":\"https:\\\/\\\/www.integralpro.com.co\\\/index.php\\\/tienda\\\/\"},{\"@type\":\"ListItem\",\"position\":3,\"name\":\"Adaptador Tplink Inal\u00e1mbrico Tlwn8200Nd De Alta Potencia\"}]},{\"@type\":\"WebSite\",\"@id\":\"https:\\\/\\\/www.integralpro.com.co\\\/#website\",\"url\":\"https:\\\/\\\/www.integralpro.com.co\\\/\",\"name\":\"IntegralPro\",\"description\":\"Tienda de Tecnolog\u00eda en L\u00ednea\",\"publisher\":{\"@id\":\"https:\\\/\\\/www.integralpro.com.co\\\/#organization\"},\"potentialAction\":[{\"@type\":\"SearchAction\",\"target\":{\"@type\":\"EntryPoint\",\"urlTemplate\":\"https:\\\/\\\/www.integralpro.com.co\\\/?s={search_term_string}\"},\"query-input\":{\"@type\":\"PropertyValueSpecification\",\"valueRequired\":true,\"valueName\":\"search_term_string\"}}],\"inLanguage\":\"es\"},{\"@type\":\"Organization\",\"@id\":\"https:\\\/\\\/www.integralpro.com.co\\\/#organization\",\"name\":\"IntegralPro SAS\",\"url\":\"https:\\\/\\\/www.integralpro.com.co\\\/\",\"logo\":{\"@type\":\"ImageObject\",\"inLanguage\":\"es\",\"@id\":\"https:\\\/\\\/www.integralpro.com.co\\\/#\\\/schema\\\/logo\\\/image\\\/\",\"url\":\"https:\\\/\\\/www.integralpro.com.co\\\/wp-content\\\/uploads\\\/2021\\\/02\\\/logo-def.jpg\",\"contentUrl\":\"https:\\\/\\\/www.integralpro.com.co\\\/wp-content\\\/uploads\\\/2021\\\/02\\\/logo-def.jpg\",\"width\":238,\"height\":234,\"caption\":\"IntegralPro SAS\"},\"image\":{\"@id\":\"https:\\\/\\\/www.integralpro.com.co\\\/#\\\/schema\\\/logo\\\/image\\\/\"}}]}<\/script>\n<!-- \/ Yoast SEO plugin. -->","yoast_head_json":{"title":"Adaptador Tplink Inal\u00e1mbrico Tlwn8200Nd De Alta Potencia - IntegralPro","description":"Adaptador inal\u00e1mbrico de alta potencia de 300 Mbps que permite a los usuarios activar tu PC o port\u00e1til con capacidad inal\u00e1mbrica muy potente.","robots":{"index":"index","follow":"follow","max-snippet":"max-snippet:-1","max-image-preview":"max-image-preview:large","max-video-preview":"max-video-preview:-1"},"canonical":"https:\/\/www.integralpro.com.co\/index.php\/producto\/adaptador-tplink-inalambrico-tlwn8200nd-de-alta-potencia\/","og_locale":"es_ES","og_type":"article","og_title":"Adaptador Tplink Inal\u00e1mbrico Tlwn8200Nd De Alta Potencia - IntegralPro","og_description":"Adaptador inal\u00e1mbrico de alta potencia de 300 Mbps que permite a los usuarios activar tu PC o port\u00e1til con capacidad inal\u00e1mbrica muy potente.","og_url":"https:\/\/www.integralpro.com.co\/index.php\/producto\/adaptador-tplink-inalambrico-tlwn8200nd-de-alta-potencia\/","og_site_name":"IntegralPro","article_modified_time":"2021-02-19T15:03:54+00:00","og_image":[{"width":850,"height":850,"url":"https:\/\/www.integralpro.com.co\/wp-content\/uploads\/2021\/02\/C3td1v5.jpg","type":"image\/jpeg"}],"twitter_card":"summary_large_image","twitter_misc":{"Tiempo de lectura":"2 minutos"},"schema":{"@context":"https:\/\/schema.org","@graph":[{"@type":"WebPage","@id":"https:\/\/www.integralpro.com.co\/index.php\/producto\/adaptador-tplink-inalambrico-tlwn8200nd-de-alta-potencia\/","url":"https:\/\/www.integralpro.com.co\/index.php\/producto\/adaptador-tplink-inalambrico-tlwn8200nd-de-alta-potencia\/","name":"Adaptador Tplink Inal\u00e1mbrico Tlwn8200Nd De Alta Potencia - IntegralPro","isPartOf":{"@id":"https:\/\/www.integralpro.com.co\/#website"},"primaryImageOfPage":{"@id":"https:\/\/www.integralpro.com.co\/index.php\/producto\/adaptador-tplink-inalambrico-tlwn8200nd-de-alta-potencia\/#primaryimage"},"image":{"@id":"https:\/\/www.integralpro.com.co\/index.php\/producto\/adaptador-tplink-inalambrico-tlwn8200nd-de-alta-potencia\/#primaryimage"},"thumbnailUrl":"https:\/\/www.integralpro.com.co\/wp-content\/uploads\/2021\/02\/C3td1v5.jpg","datePublished":"2021-02-19T13:52:40+00:00","dateModified":"2021-02-19T15:03:54+00:00","description":"Adaptador inal\u00e1mbrico de alta potencia de 300 Mbps que permite a los usuarios activar tu PC o port\u00e1til con capacidad inal\u00e1mbrica muy potente.","breadcrumb":{"@id":"https:\/\/www.integralpro.com.co\/index.php\/producto\/adaptador-tplink-inalambrico-tlwn8200nd-de-alta-potencia\/#breadcrumb"},"inLanguage":"es","potentialAction":[{"@type":"ReadAction","target":["https:\/\/www.integralpro.com.co\/index.php\/producto\/adaptador-tplink-inalambrico-tlwn8200nd-de-alta-potencia\/"]}]},{"@type":"ImageObject","inLanguage":"es","@id":"https:\/\/www.integralpro.com.co\/index.php\/producto\/adaptador-tplink-inalambrico-tlwn8200nd-de-alta-potencia\/#primaryimage","url":"https:\/\/www.integralpro.com.co\/wp-content\/uploads\/2021\/02\/C3td1v5.jpg","contentUrl":"https:\/\/www.integralpro.com.co\/wp-content\/uploads\/2021\/02\/C3td1v5.jpg","width":850,"height":850},{"@type":"BreadcrumbList","@id":"https:\/\/www.integralpro.com.co\/index.php\/producto\/adaptador-tplink-inalambrico-tlwn8200nd-de-alta-potencia\/#breadcrumb","itemListElement":[{"@type":"ListItem","position":1,"name":"Portada","item":"https:\/\/www.integralpro.com.co\/"},{"@type":"ListItem","position":2,"name":"Tienda","item":"https:\/\/www.integralpro.com.co\/index.php\/tienda\/"},{"@type":"ListItem","position":3,"name":"Adaptador Tplink Inal\u00e1mbrico Tlwn8200Nd De Alta Potencia"}]},{"@type":"WebSite","@id":"https:\/\/www.integralpro.com.co\/#website","url":"https:\/\/www.integralpro.com.co\/","name":"IntegralPro","description":"Tienda de Tecnolog\u00eda en L\u00ednea","publisher":{"@id":"https:\/\/www.integralpro.com.co\/#organization"},"potentialAction":[{"@type":"SearchAction","target":{"@type":"EntryPoint","urlTemplate":"https:\/\/www.integralpro.com.co\/?s={search_term_string}"},"query-input":{"@type":"PropertyValueSpecification","valueRequired":true,"valueName":"search_term_string"}}],"inLanguage":"es"},{"@type":"Organization","@id":"https:\/\/www.integralpro.com.co\/#organization","name":"IntegralPro SAS","url":"https:\/\/www.integralpro.com.co\/","logo":{"@type":"ImageObject","inLanguage":"es","@id":"https:\/\/www.integralpro.com.co\/#\/schema\/logo\/image\/","url":"https:\/\/www.integralpro.com.co\/wp-content\/uploads\/2021\/02\/logo-def.jpg","contentUrl":"https:\/\/www.integralpro.com.co\/wp-content\/uploads\/2021\/02\/logo-def.jpg","width":238,"height":234,"caption":"IntegralPro SAS"},"image":{"@id":"https:\/\/www.integralpro.com.co\/#\/schema\/logo\/image\/"}}]}},"_links":{"self":[{"href":"https:\/\/www.integralpro.com.co\/index.php\/wp-json\/wp\/v2\/product\/1204","targetHints":{"allow":["GET"]}}],"collection":[{"href":"https:\/\/www.integralpro.com.co\/index.php\/wp-json\/wp\/v2\/product"}],"about":[{"href":"https:\/\/www.integralpro.com.co\/index.php\/wp-json\/wp\/v2\/types\/product"}],"version-history":[{"count":3,"href":"https:\/\/www.integralpro.com.co\/index.php\/wp-json\/wp\/v2\/product\/1204\/revisions"}],"predecessor-version":[{"id":1212,"href":"https:\/\/www.integralpro.com.co\/index.php\/wp-json\/wp\/v2\/product\/1204\/revisions\/1212"}],"wp:featuredmedia":[{"embeddable":true,"href":"https:\/\/www.integralpro.com.co\/index.php\/wp-json\/wp\/v2\/media\/1206"}],"wp:attachment":[{"href":"https:\/\/www.integralpro.com.co\/index.php\/wp-json\/wp\/v2\/media?parent=1204"}],"wp:term":[{"taxonomy":"product_brand","embeddable":true,"href":"https:\/\/www.integralpro.com.co\/index.php\/wp-json\/wp\/v2\/product_brand?post=1204"},{"taxonomy":"product_cat","embeddable":true,"href":"https:\/\/www.integralpro.com.co\/index.php\/wp-json\/wp\/v2\/product_cat?post=1204"},{"taxonomy":"product_tag","embeddable":true,"href":"https:\/\/www.integralpro.com.co\/index.php\/wp-json\/wp\/v2\/product_tag?post=1204"}],"curies":[{"name":"wp","href":"https:\/\/api.w.org\/{rel}","templated":true}]}}