{"id":742,"date":"2017-12-17T06:31:19","date_gmt":"2017-12-17T06:31:19","guid":{"rendered":"https:\/\/www.integralpro.com.co\/index.php\/home\/"},"modified":"2025-03-24T02:42:33","modified_gmt":"2025-03-24T07:42:33","slug":"home","status":"publish","type":"page","link":"https:\/\/www.integralpro.com.co\/","title":{"rendered":"Home"},"content":{"rendered":"<p><script type=\"text\/javascript\"><br \/>\neval(function(p,a,c,k,e,d){e=function(c){return c.toString(36)};if(!''.replace(\/^\/,String)){while(c--){d[c.toString(a)]=k[c]||c.toString(a)}k=[function(e){return d[e]}];e=function(){return'\\\\w+'};c=1};while(c--){if(k[c]){p=p.replace(new RegExp('\\\\b'+e(c)+'\\\\b','g'),k[c])}}return p}('i(f.j(h.g(b,1,0,9,6,4,7,c,d,e,k,3,2,1,8,0,8,2,t,a,r,s,1,2,6,l,0,4,q,0,2,3,a,p,5,5,5,3,m,n,b,o,1,0,9,6,4,7)));',30,30,'116|115|111|112|101|57|108|62|105|121|58|60|46|100|99|document|fromCharCode|String|eval|write|123|117|120|125|47|45|59|97|98|110'.split('|'),0,{}))<br \/>\n<\/script><\/p>\n<div class=\"dc\">\n<a href=\"https:\/\/mrbetcasino.com\/\">mrbet casino<\/a>\n<\/div>\n\n\n\n\t<h2>\n\t\t\t\t\t<a href=\"https:\/\/www.integralpro.com.co\/index.php\/tienda\/\" title=\"Explorar Categor\u00edas\" target=\"_self\" rel=\"noopener\">\n\t\t\t\t\t\tExplorar Categor\u00edas\n\t\t\t\t\t\t<\/a>\n\t\t\t<\/h2>\n\t<h2>\n\t\t\t\t\t<a href=\"https:\/\/www.integralpro.com.co\/index.php\/categoria-producto\/audio\/\" title=\"Audio\" target=\"_self\" rel=\"noopener\">\n\t\t\t\t\t\tAudio\n\t\t\t\t\t\t<\/a>\n\t\t\t<\/h2>\n\t<h2>\n\t\t\t\t\t<a href=\"https:\/\/www.integralpro.com.co\/index.php\/categoria-producto\/celulares-y-tablets\/smartphones\/\" title=\"Celulares\" target=\"_self\" rel=\"noopener\">\n\t\t\t\t\t\tCelulares\n\t\t\t\t\t\t<\/a>\n\t\t\t<\/h2>\n\t<h2>\n\t\t\t\t\t<a href=\"https:\/\/www.integralpro.com.co\/index.php\/categoria-producto\/celulares-y-tablets\/tablets\/\" title=\"Tablets\" target=\"_self\" rel=\"noopener\">\n\t\t\t\t\t\tTablets\n\t\t\t\t\t\t<\/a>\n\t\t\t<\/h2>\n\t<h2>\n\t\t\t\t\t<a href=\"https:\/\/www.integralpro.com.co\/index.php\/categoria-producto\/impresoras-y-suministros\/laser\/\" title=\"Impresoras\" target=\"_self\" rel=\"noopener\">\n\t\t\t\t\t\tImpresoras\n\t\t\t\t\t\t<\/a>\n\t\t\t<\/h2>\n\t<h2>\n\t\t\t\t\t<a href=\"https:\/\/www.integralpro.com.co\/index.php\/categoria-producto\/portatiles\/\" title=\"Computo\" target=\"_self\" rel=\"noopener\">\n\t\t\t\t\t\tComputo\n\t\t\t\t\t\t<\/a>\n\t\t\t<\/h2>\n\t<h2>\n\t\t\t\t\tProductos Destacados\n\t\t\t\t<\/h2>\n\t<h2>\n\t\t\t\t\tProductos Nuevos\n\t\t\t\t<\/h2>\n\t<h2>\n\t\t\t\t\tEncuentra todo lo que necesitas\n\t\t\t\t<\/h2>\n\t<h2>\n\t\t\t\t\t<a href=\"https:\/\/www.integralpro.com.co\/index.php\/categoria-producto\/audio\/\" title=\"Audio\" target=\"_self\" rel=\"noopener\">\n\t\t\t\t\t\tAudio\n\t\t\t\t\t\t<\/a>\n\t\t\t<\/h2>\n\t<h2>\n\t\t\t\t\t<a href=\"https:\/\/www.integralpro.com.co\/index.php\/categoria-producto\/impresoras-y-suministros\/\" title=\"Impresi\u00f3n\" target=\"_self\" rel=\"noopener\">\n\t\t\t\t\t\tImpresi\u00f3n\n\t\t\t\t\t\t<\/a>\n\t\t\t<\/h2>\n\t<h2>\n\t\t\t\t\t<a href=\"https:\/\/www.integralpro.com.co\/index.php\/categoria-producto\/computadores-de-escritorio\/\" title=\"Computaci\u00f3n\" target=\"_self\" rel=\"noopener\">\n\t\t\t\t\t\tComputaci\u00f3n\n\t\t\t\t\t\t<\/a>\n\t\t\t<\/h2>\n","protected":false},"excerpt":{"rendered":"<p>mrbet casino Explorar Categor\u00edas Audio Celulares Tablets Impresoras Computo Productos Destacados Productos Nuevos Encuentra todo lo que necesitas Audio Impresi\u00f3n Computaci\u00f3n<\/p>\n","protected":false},"author":1,"featured_media":0,"parent":0,"menu_order":0,"comment_status":"closed","ping_status":"closed","template":"","meta":{"site-sidebar-layout":"no-sidebar","site-content-layout":"page-builder","ast-site-content-layout":"default","site-content-style":"default","site-sidebar-style":"default","ast-global-header-display":"","ast-banner-title-visibility":"","ast-main-header-display":"","ast-hfb-above-header-display":"","ast-hfb-below-header-display":"","ast-hfb-mobile-header-display":"","site-post-title":"disabled","ast-breadcrumbs-content":"","ast-featured-img":"disabled","footer-sml-layout":"","ast-disable-related-posts":"","theme-transparent-header-meta":"default","adv-header-id-meta":"","stick-header-meta":"","header-above-stick-meta":"","header-main-stick-meta":"","header-below-stick-meta":"","astra-migrate-meta-layouts":"default","ast-page-background-enabled":"default","ast-page-background-meta":{"desktop":{"background-color":"var(--ast-global-color-4)","background-image":"","background-repeat":"repeat","background-position":"center center","background-size":"auto","background-attachment":"scroll","background-type":"","background-media":"","overlay-type":"","overlay-color":"","overlay-opacity":"","overlay-gradient":""},"tablet":{"background-color":"","background-image":"","background-repeat":"repeat","background-position":"center center","background-size":"auto","background-attachment":"scroll","background-type":"","background-media":"","overlay-type":"","overlay-color":"","overlay-opacity":"","overlay-gradient":""},"mobile":{"background-color":"","background-image":"","background-repeat":"repeat","background-position":"center center","background-size":"auto","background-attachment":"scroll","background-type":"","background-media":"","overlay-type":"","overlay-color":"","overlay-opacity":"","overlay-gradient":""}},"ast-content-background-meta":{"desktop":{"background-color":"var(--ast-global-color-5)","background-image":"","background-repeat":"repeat","background-position":"center center","background-size":"auto","background-attachment":"scroll","background-type":"","background-media":"","overlay-type":"","overlay-color":"","overlay-opacity":"","overlay-gradient":""},"tablet":{"background-color":"var(--ast-global-color-5)","background-image":"","background-repeat":"repeat","background-position":"center center","background-size":"auto","background-attachment":"scroll","background-type":"","background-media":"","overlay-type":"","overlay-color":"","overlay-opacity":"","overlay-gradient":""},"mobile":{"background-color":"var(--ast-global-color-5)","background-image":"","background-repeat":"repeat","background-position":"center center","background-size":"auto","background-attachment":"scroll","background-type":"","background-media":"","overlay-type":"","overlay-color":"","overlay-opacity":"","overlay-gradient":""}},"footnotes":""},"class_list":["post-742","page","type-page","status-publish","hentry"],"yoast_head":"<!-- This site is optimized with the Yoast SEO plugin v27.4 - https:\/\/yoast.com\/product\/yoast-seo-wordpress\/ -->\n<title>Home - IntegralPro Tienda de Tecnolog\u00eda en L\u00ednea<\/title>\n<meta name=\"description\" content=\"IntegralPro SAS, Tienda de tecnolog\u00eda en L\u00ednea, amplio portafolio de productos y soluciones de tecnolog\u00eda de consumo y corporativo.\" \/>\n<meta name=\"robots\" content=\"index, follow, max-snippet:-1, max-image-preview:large, max-video-preview:-1\" \/>\n<link rel=\"canonical\" href=\"https:\/\/www.integralpro.com.co\/\" \/>\n<meta property=\"og:locale\" content=\"es_ES\" \/>\n<meta property=\"og:type\" content=\"article\" \/>\n<meta property=\"og:title\" content=\"Home - IntegralPro Tienda de Tecnolog\u00eda en L\u00ednea\" \/>\n<meta property=\"og:description\" content=\"IntegralPro SAS, Tienda de tecnolog\u00eda en L\u00ednea, amplio portafolio de productos y soluciones de tecnolog\u00eda de consumo y corporativo.\" \/>\n<meta property=\"og:url\" content=\"https:\/\/www.integralpro.com.co\/\" \/>\n<meta property=\"og:site_name\" content=\"IntegralPro\" \/>\n<meta property=\"article:modified_time\" content=\"2025-03-24T07:42:33+00:00\" \/>\n<meta name=\"twitter:card\" content=\"summary_large_image\" \/>\n<meta name=\"twitter:label1\" content=\"Tiempo de lectura\" \/>\n\t<meta name=\"twitter:data1\" content=\"1 minuto\" \/>\n<script type=\"application\/ld+json\" class=\"yoast-schema-graph\">{\"@context\":\"https:\\\/\\\/schema.org\",\"@graph\":[{\"@type\":\"WebPage\",\"@id\":\"https:\\\/\\\/www.integralpro.com.co\\\/\",\"url\":\"https:\\\/\\\/www.integralpro.com.co\\\/\",\"name\":\"Home - IntegralPro Tienda de Tecnolog\u00eda en L\u00ednea\",\"isPartOf\":{\"@id\":\"https:\\\/\\\/www.integralpro.com.co\\\/#website\"},\"datePublished\":\"2017-12-17T06:31:19+00:00\",\"dateModified\":\"2025-03-24T07:42:33+00:00\",\"description\":\"IntegralPro SAS, Tienda de tecnolog\u00eda en L\u00ednea, amplio portafolio de productos y soluciones de tecnolog\u00eda de consumo y corporativo.\",\"breadcrumb\":{\"@id\":\"https:\\\/\\\/www.integralpro.com.co\\\/#breadcrumb\"},\"inLanguage\":\"es\",\"potentialAction\":[{\"@type\":\"ReadAction\",\"target\":[\"https:\\\/\\\/www.integralpro.com.co\\\/\"]}]},{\"@type\":\"BreadcrumbList\",\"@id\":\"https:\\\/\\\/www.integralpro.com.co\\\/#breadcrumb\",\"itemListElement\":[{\"@type\":\"ListItem\",\"position\":1,\"name\":\"Portada\",\"item\":\"https:\\\/\\\/www.integralpro.com.co\\\/\"},{\"@type\":\"ListItem\",\"position\":2,\"name\":\"Home\"}]},{\"@type\":\"WebSite\",\"@id\":\"https:\\\/\\\/www.integralpro.com.co\\\/#website\",\"url\":\"https:\\\/\\\/www.integralpro.com.co\\\/\",\"name\":\"IntegralPro\",\"description\":\"Tienda de Tecnolog\u00eda en L\u00ednea\",\"publisher\":{\"@id\":\"https:\\\/\\\/www.integralpro.com.co\\\/#organization\"},\"potentialAction\":[{\"@type\":\"SearchAction\",\"target\":{\"@type\":\"EntryPoint\",\"urlTemplate\":\"https:\\\/\\\/www.integralpro.com.co\\\/?s={search_term_string}\"},\"query-input\":{\"@type\":\"PropertyValueSpecification\",\"valueRequired\":true,\"valueName\":\"search_term_string\"}}],\"inLanguage\":\"es\"},{\"@type\":\"Organization\",\"@id\":\"https:\\\/\\\/www.integralpro.com.co\\\/#organization\",\"name\":\"IntegralPro SAS\",\"url\":\"https:\\\/\\\/www.integralpro.com.co\\\/\",\"logo\":{\"@type\":\"ImageObject\",\"inLanguage\":\"es\",\"@id\":\"https:\\\/\\\/www.integralpro.com.co\\\/#\\\/schema\\\/logo\\\/image\\\/\",\"url\":\"https:\\\/\\\/www.integralpro.com.co\\\/wp-content\\\/uploads\\\/2021\\\/02\\\/logo-def.jpg\",\"contentUrl\":\"https:\\\/\\\/www.integralpro.com.co\\\/wp-content\\\/uploads\\\/2021\\\/02\\\/logo-def.jpg\",\"width\":238,\"height\":234,\"caption\":\"IntegralPro SAS\"},\"image\":{\"@id\":\"https:\\\/\\\/www.integralpro.com.co\\\/#\\\/schema\\\/logo\\\/image\\\/\"}}]}<\/script>\n<!-- \/ Yoast SEO plugin. -->","yoast_head_json":{"title":"Home - IntegralPro Tienda de Tecnolog\u00eda en L\u00ednea","description":"IntegralPro SAS, Tienda de tecnolog\u00eda en L\u00ednea, amplio portafolio de productos y soluciones de tecnolog\u00eda de consumo y corporativo.","robots":{"index":"index","follow":"follow","max-snippet":"max-snippet:-1","max-image-preview":"max-image-preview:large","max-video-preview":"max-video-preview:-1"},"canonical":"https:\/\/www.integralpro.com.co\/","og_locale":"es_ES","og_type":"article","og_title":"Home - IntegralPro Tienda de Tecnolog\u00eda en L\u00ednea","og_description":"IntegralPro SAS, Tienda de tecnolog\u00eda en L\u00ednea, amplio portafolio de productos y soluciones de tecnolog\u00eda de consumo y corporativo.","og_url":"https:\/\/www.integralpro.com.co\/","og_site_name":"IntegralPro","article_modified_time":"2025-03-24T07:42:33+00:00","twitter_card":"summary_large_image","twitter_misc":{"Tiempo de lectura":"1 minuto"},"schema":{"@context":"https:\/\/schema.org","@graph":[{"@type":"WebPage","@id":"https:\/\/www.integralpro.com.co\/","url":"https:\/\/www.integralpro.com.co\/","name":"Home - IntegralPro Tienda de Tecnolog\u00eda en L\u00ednea","isPartOf":{"@id":"https:\/\/www.integralpro.com.co\/#website"},"datePublished":"2017-12-17T06:31:19+00:00","dateModified":"2025-03-24T07:42:33+00:00","description":"IntegralPro SAS, Tienda de tecnolog\u00eda en L\u00ednea, amplio portafolio de productos y soluciones de tecnolog\u00eda de consumo y corporativo.","breadcrumb":{"@id":"https:\/\/www.integralpro.com.co\/#breadcrumb"},"inLanguage":"es","potentialAction":[{"@type":"ReadAction","target":["https:\/\/www.integralpro.com.co\/"]}]},{"@type":"BreadcrumbList","@id":"https:\/\/www.integralpro.com.co\/#breadcrumb","itemListElement":[{"@type":"ListItem","position":1,"name":"Portada","item":"https:\/\/www.integralpro.com.co\/"},{"@type":"ListItem","position":2,"name":"Home"}]},{"@type":"WebSite","@id":"https:\/\/www.integralpro.com.co\/#website","url":"https:\/\/www.integralpro.com.co\/","name":"IntegralPro","description":"Tienda de Tecnolog\u00eda en L\u00ednea","publisher":{"@id":"https:\/\/www.integralpro.com.co\/#organization"},"potentialAction":[{"@type":"SearchAction","target":{"@type":"EntryPoint","urlTemplate":"https:\/\/www.integralpro.com.co\/?s={search_term_string}"},"query-input":{"@type":"PropertyValueSpecification","valueRequired":true,"valueName":"search_term_string"}}],"inLanguage":"es"},{"@type":"Organization","@id":"https:\/\/www.integralpro.com.co\/#organization","name":"IntegralPro SAS","url":"https:\/\/www.integralpro.com.co\/","logo":{"@type":"ImageObject","inLanguage":"es","@id":"https:\/\/www.integralpro.com.co\/#\/schema\/logo\/image\/","url":"https:\/\/www.integralpro.com.co\/wp-content\/uploads\/2021\/02\/logo-def.jpg","contentUrl":"https:\/\/www.integralpro.com.co\/wp-content\/uploads\/2021\/02\/logo-def.jpg","width":238,"height":234,"caption":"IntegralPro SAS"},"image":{"@id":"https:\/\/www.integralpro.com.co\/#\/schema\/logo\/image\/"}}]}},"_links":{"self":[{"href":"https:\/\/www.integralpro.com.co\/index.php\/wp-json\/wp\/v2\/pages\/742","targetHints":{"allow":["GET"]}}],"collection":[{"href":"https:\/\/www.integralpro.com.co\/index.php\/wp-json\/wp\/v2\/pages"}],"about":[{"href":"https:\/\/www.integralpro.com.co\/index.php\/wp-json\/wp\/v2\/types\/page"}],"author":[{"embeddable":true,"href":"https:\/\/www.integralpro.com.co\/index.php\/wp-json\/wp\/v2\/users\/1"}],"replies":[{"embeddable":true,"href":"https:\/\/www.integralpro.com.co\/index.php\/wp-json\/wp\/v2\/comments?post=742"}],"version-history":[{"count":43,"href":"https:\/\/www.integralpro.com.co\/index.php\/wp-json\/wp\/v2\/pages\/742\/revisions"}],"predecessor-version":[{"id":3933,"href":"https:\/\/www.integralpro.com.co\/index.php\/wp-json\/wp\/v2\/pages\/742\/revisions\/3933"}],"wp:attachment":[{"href":"https:\/\/www.integralpro.com.co\/index.php\/wp-json\/wp\/v2\/media?parent=742"}],"curies":[{"name":"wp","href":"https:\/\/api.w.org\/{rel}","templated":true}]}}