{"id":43,"date":"2017-12-17T10:06:43","date_gmt":"2017-12-17T15:06:43","guid":{"rendered":"https:\/\/www.integralpro.com.co\/index.php\/about\/"},"modified":"2021-02-19T11:15:46","modified_gmt":"2021-02-19T16:15:46","slug":"quienes-somos","status":"publish","type":"page","link":"https:\/\/www.integralpro.com.co\/index.php\/quienes-somos\/","title":{"rendered":"Quienes Somos"},"content":{"rendered":"\n\n\t<h1>\n\t\t\t\t\tQUIENES SOMOS\n\t\t\t\t<\/h1>\n\t<h2>\n\t\t\t\t\tINTEGRALPRO SAS\n\t\t\t\t<\/h2>\n\t\t\t<p>IntegralPro SAS, cuenta con un amplio portafolio de productos y soluciones de tecnolog\u00eda de consumo y corporativo. Desde nuestros inicios nos hemos destacado como vendedores en plataformas de comercio electr\u00f3nico colombianos. (Marketplaces).<\/p>\t\t\n\t\t\t<a href=\"https:\/\/www.integralpro.com.co\/index.php\/tienda\/\" target=\"_self\" role=\"button\" rel=\"noopener\">\n\t\t\t\t\t\tVER TIENDA\n\t\t<\/a>\n\t<h2>\n\t\t\t\t\tMISION\n\t\t\t\t<\/h2>\n\t\t\t<p>Nuestra misi\u00f3n es ofrecer continuamente los productos m\u00e1s recientes de las mejores marcas de tecnolog\u00eda de los cuales somos distribuidores y as\u00ed dar a nuestros clientes la tranquilidad de contar con productos 100% originales con precios justos y garant\u00eda directa de los fabricantes.<\/p>\t\t\n\t<h2>\n\t\t\t\t\tVISION\n\t\t\t\t<\/h2>\n\t\t\t<p>Nuestra Visi\u00f3n para el a\u00f1o 2031 es consolidarnos como la mejor alternativa para satisfacer las expectativas de los consumidores del comercio electr\u00f3nico y presencial, destacando la calidad en el servicio, satisfacci\u00f3n total y alto cubrimiento nacional.<\/p>\t\t\n\t\t\t\t<img decoding=\"async\" src=\"https:\/\/www.integralpro.com.co\/wp-content\/uploads\/2021\/02\/cropped-logo-def-2.jpg\" alt=\"cropped-logo-def\" itemprop=\"image\" height=\"199\" width=\"238\" title=\"cropped-logo-def\" onerror=\"this.style.display='none'\"  \/>\n\t<h2>\n\t\t\t\t\tQu\u00e9 nos Caracteriza?\n\t\t\t\t<\/h2>\n\t\t\t<p>Nos destacamos por dar cumplimiento en la promesa de entrega, nuestra atenci\u00f3n al cliente es oportuna y emp\u00e1tica respetando los derechos de nuestros clientes gracias a el uso de los medios de comunicaci\u00f3n apropiados que permite tener trazabilidad de ambas partes, nuestros procesos de log\u00edstica est\u00e1n debidamente establecidos por lo cual podemos atender de la mejor manera garant\u00edas, tr\u00e1mites de retracto y cancelaciones. Adem\u00e1s de eso contamos con autorizaci\u00f3n\u00a0para la venta de terminales m\u00f3viles emitida por el\u00a0MINTIC bajo el N\u00famero \u00danico de Verificaci\u00f3n: 00310002801<\/p>\t\t\n\t<h2>\n\t\t\t\t\tS\u00edguenos\n\t\t\t\t<\/h2>\n\t<ul>\n\t\t<li><a href=\"https:\/\/www.facebook.com\/IntegralPro\/\" target=\"_blank\" rel=\"noopener\"><\/a>\t\t\t\t\n\t\t<h3><\/h3><\/li>\t<\/ul>\n\t<ul>\n\t\t<li><a href=\"https:\/\/instagram.com\/integralproo?igshid=18bi5pbayld0l\" target=\"_blank\" rel=\"noopener\"><\/a>\t\t\t\t\n\t\t<h3><\/h3><\/li>\t<\/ul>\n\n","protected":false},"excerpt":{"rendered":"<p>QUIENES SOMOS INTEGRALPRO SAS IntegralPro SAS, cuenta con un amplio portafolio de productos y soluciones de tecnolog\u00eda de consumo y corporativo. Desde nuestros inicios nos hemos destacado como vendedores en plataformas de comercio electr\u00f3nico colombianos. (Marketplaces). VER TIENDA MISION Nuestra misi\u00f3n es ofrecer continuamente los productos m\u00e1s recientes de las mejores marcas de tecnolog\u00eda de [&hellip;]<\/p>\n","protected":false},"author":1,"featured_media":0,"parent":0,"menu_order":0,"comment_status":"closed","ping_status":"closed","template":"","meta":{"site-sidebar-layout":"no-sidebar","site-content-layout":"page-builder","ast-site-content-layout":"default","site-content-style":"default","site-sidebar-style":"default","ast-global-header-display":"","ast-banner-title-visibility":"","ast-main-header-display":"","ast-hfb-above-header-display":"","ast-hfb-below-header-display":"","ast-hfb-mobile-header-display":"","site-post-title":"disabled","ast-breadcrumbs-content":"","ast-featured-img":"disabled","footer-sml-layout":"","ast-disable-related-posts":"","theme-transparent-header-meta":"","adv-header-id-meta":"","stick-header-meta":"","header-above-stick-meta":"","header-main-stick-meta":"","header-below-stick-meta":"","astra-migrate-meta-layouts":"default","ast-page-background-enabled":"default","ast-page-background-meta":{"desktop":{"background-color":"var(--ast-global-color-4)","background-image":"","background-repeat":"repeat","background-position":"center center","background-size":"auto","background-attachment":"scroll","background-type":"","background-media":"","overlay-type":"","overlay-color":"","overlay-opacity":"","overlay-gradient":""},"tablet":{"background-color":"","background-image":"","background-repeat":"repeat","background-position":"center center","background-size":"auto","background-attachment":"scroll","background-type":"","background-media":"","overlay-type":"","overlay-color":"","overlay-opacity":"","overlay-gradient":""},"mobile":{"background-color":"","background-image":"","background-repeat":"repeat","background-position":"center center","background-size":"auto","background-attachment":"scroll","background-type":"","background-media":"","overlay-type":"","overlay-color":"","overlay-opacity":"","overlay-gradient":""}},"ast-content-background-meta":{"desktop":{"background-color":"var(--ast-global-color-5)","background-image":"","background-repeat":"repeat","background-position":"center center","background-size":"auto","background-attachment":"scroll","background-type":"","background-media":"","overlay-type":"","overlay-color":"","overlay-opacity":"","overlay-gradient":""},"tablet":{"background-color":"var(--ast-global-color-5)","background-image":"","background-repeat":"repeat","background-position":"center center","background-size":"auto","background-attachment":"scroll","background-type":"","background-media":"","overlay-type":"","overlay-color":"","overlay-opacity":"","overlay-gradient":""},"mobile":{"background-color":"var(--ast-global-color-5)","background-image":"","background-repeat":"repeat","background-position":"center center","background-size":"auto","background-attachment":"scroll","background-type":"","background-media":"","overlay-type":"","overlay-color":"","overlay-opacity":"","overlay-gradient":""}},"footnotes":""},"class_list":["post-43","page","type-page","status-publish","hentry"],"yoast_head":"<!-- This site is optimized with the Yoast SEO plugin v27.4 - https:\/\/yoast.com\/product\/yoast-seo-wordpress\/ -->\n<title>Quienes Somos - IntegralPro<\/title>\n<meta name=\"robots\" content=\"index, follow, max-snippet:-1, max-image-preview:large, max-video-preview:-1\" \/>\n<link rel=\"canonical\" href=\"https:\/\/www.integralpro.com.co\/index.php\/quienes-somos\/\" \/>\n<meta property=\"og:locale\" content=\"es_ES\" \/>\n<meta property=\"og:type\" content=\"article\" \/>\n<meta property=\"og:title\" content=\"Quienes Somos - IntegralPro\" \/>\n<meta property=\"og:description\" content=\"QUIENES SOMOS INTEGRALPRO SAS IntegralPro SAS, cuenta con un amplio portafolio de productos y soluciones de tecnolog\u00eda de consumo y corporativo. Desde nuestros inicios nos hemos destacado como vendedores en plataformas de comercio electr\u00f3nico colombianos. (Marketplaces). VER TIENDA MISION Nuestra misi\u00f3n es ofrecer continuamente los productos m\u00e1s recientes de las mejores marcas de tecnolog\u00eda de [&hellip;]\" \/>\n<meta property=\"og:url\" content=\"https:\/\/www.integralpro.com.co\/index.php\/quienes-somos\/\" \/>\n<meta property=\"og:site_name\" content=\"IntegralPro\" \/>\n<meta property=\"article:modified_time\" content=\"2021-02-19T16:15:46+00:00\" \/>\n<meta property=\"og:image\" content=\"https:\/\/www.integralpro.com.co\/wp-content\/uploads\/2021\/02\/cropped-logo-def-2.jpg\" \/>\n<meta name=\"twitter:card\" content=\"summary_large_image\" \/>\n<meta name=\"twitter:label1\" content=\"Tiempo de lectura\" \/>\n\t<meta name=\"twitter:data1\" content=\"1 minuto\" \/>\n<script type=\"application\/ld+json\" class=\"yoast-schema-graph\">{\"@context\":\"https:\\\/\\\/schema.org\",\"@graph\":[{\"@type\":\"WebPage\",\"@id\":\"https:\\\/\\\/www.integralpro.com.co\\\/index.php\\\/quienes-somos\\\/\",\"url\":\"https:\\\/\\\/www.integralpro.com.co\\\/index.php\\\/quienes-somos\\\/\",\"name\":\"Quienes Somos - IntegralPro\",\"isPartOf\":{\"@id\":\"https:\\\/\\\/www.integralpro.com.co\\\/#website\"},\"primaryImageOfPage\":{\"@id\":\"https:\\\/\\\/www.integralpro.com.co\\\/index.php\\\/quienes-somos\\\/#primaryimage\"},\"image\":{\"@id\":\"https:\\\/\\\/www.integralpro.com.co\\\/index.php\\\/quienes-somos\\\/#primaryimage\"},\"thumbnailUrl\":\"https:\\\/\\\/www.integralpro.com.co\\\/wp-content\\\/uploads\\\/2021\\\/02\\\/cropped-logo-def-2.jpg\",\"datePublished\":\"2017-12-17T15:06:43+00:00\",\"dateModified\":\"2021-02-19T16:15:46+00:00\",\"breadcrumb\":{\"@id\":\"https:\\\/\\\/www.integralpro.com.co\\\/index.php\\\/quienes-somos\\\/#breadcrumb\"},\"inLanguage\":\"es\",\"potentialAction\":[{\"@type\":\"ReadAction\",\"target\":[\"https:\\\/\\\/www.integralpro.com.co\\\/index.php\\\/quienes-somos\\\/\"]}]},{\"@type\":\"ImageObject\",\"inLanguage\":\"es\",\"@id\":\"https:\\\/\\\/www.integralpro.com.co\\\/index.php\\\/quienes-somos\\\/#primaryimage\",\"url\":\"https:\\\/\\\/www.integralpro.com.co\\\/wp-content\\\/uploads\\\/2021\\\/02\\\/cropped-logo-def-2.jpg\",\"contentUrl\":\"https:\\\/\\\/www.integralpro.com.co\\\/wp-content\\\/uploads\\\/2021\\\/02\\\/cropped-logo-def-2.jpg\",\"width\":238,\"height\":199},{\"@type\":\"BreadcrumbList\",\"@id\":\"https:\\\/\\\/www.integralpro.com.co\\\/index.php\\\/quienes-somos\\\/#breadcrumb\",\"itemListElement\":[{\"@type\":\"ListItem\",\"position\":1,\"name\":\"Portada\",\"item\":\"https:\\\/\\\/www.integralpro.com.co\\\/\"},{\"@type\":\"ListItem\",\"position\":2,\"name\":\"Quienes Somos\"}]},{\"@type\":\"WebSite\",\"@id\":\"https:\\\/\\\/www.integralpro.com.co\\\/#website\",\"url\":\"https:\\\/\\\/www.integralpro.com.co\\\/\",\"name\":\"IntegralPro\",\"description\":\"Tienda de Tecnolog\u00eda en L\u00ednea\",\"publisher\":{\"@id\":\"https:\\\/\\\/www.integralpro.com.co\\\/#organization\"},\"potentialAction\":[{\"@type\":\"SearchAction\",\"target\":{\"@type\":\"EntryPoint\",\"urlTemplate\":\"https:\\\/\\\/www.integralpro.com.co\\\/?s={search_term_string}\"},\"query-input\":{\"@type\":\"PropertyValueSpecification\",\"valueRequired\":true,\"valueName\":\"search_term_string\"}}],\"inLanguage\":\"es\"},{\"@type\":\"Organization\",\"@id\":\"https:\\\/\\\/www.integralpro.com.co\\\/#organization\",\"name\":\"IntegralPro SAS\",\"url\":\"https:\\\/\\\/www.integralpro.com.co\\\/\",\"logo\":{\"@type\":\"ImageObject\",\"inLanguage\":\"es\",\"@id\":\"https:\\\/\\\/www.integralpro.com.co\\\/#\\\/schema\\\/logo\\\/image\\\/\",\"url\":\"https:\\\/\\\/www.integralpro.com.co\\\/wp-content\\\/uploads\\\/2021\\\/02\\\/logo-def.jpg\",\"contentUrl\":\"https:\\\/\\\/www.integralpro.com.co\\\/wp-content\\\/uploads\\\/2021\\\/02\\\/logo-def.jpg\",\"width\":238,\"height\":234,\"caption\":\"IntegralPro SAS\"},\"image\":{\"@id\":\"https:\\\/\\\/www.integralpro.com.co\\\/#\\\/schema\\\/logo\\\/image\\\/\"}}]}<\/script>\n<!-- \/ Yoast SEO plugin. -->","yoast_head_json":{"title":"Quienes Somos - IntegralPro","robots":{"index":"index","follow":"follow","max-snippet":"max-snippet:-1","max-image-preview":"max-image-preview:large","max-video-preview":"max-video-preview:-1"},"canonical":"https:\/\/www.integralpro.com.co\/index.php\/quienes-somos\/","og_locale":"es_ES","og_type":"article","og_title":"Quienes Somos - IntegralPro","og_description":"QUIENES SOMOS INTEGRALPRO SAS IntegralPro SAS, cuenta con un amplio portafolio de productos y soluciones de tecnolog\u00eda de consumo y corporativo. Desde nuestros inicios nos hemos destacado como vendedores en plataformas de comercio electr\u00f3nico colombianos. (Marketplaces). VER TIENDA MISION Nuestra misi\u00f3n es ofrecer continuamente los productos m\u00e1s recientes de las mejores marcas de tecnolog\u00eda de [&hellip;]","og_url":"https:\/\/www.integralpro.com.co\/index.php\/quienes-somos\/","og_site_name":"IntegralPro","article_modified_time":"2021-02-19T16:15:46+00:00","og_image":[{"url":"https:\/\/www.integralpro.com.co\/wp-content\/uploads\/2021\/02\/cropped-logo-def-2.jpg","type":"","width":"","height":""}],"twitter_card":"summary_large_image","twitter_misc":{"Tiempo de lectura":"1 minuto"},"schema":{"@context":"https:\/\/schema.org","@graph":[{"@type":"WebPage","@id":"https:\/\/www.integralpro.com.co\/index.php\/quienes-somos\/","url":"https:\/\/www.integralpro.com.co\/index.php\/quienes-somos\/","name":"Quienes Somos - IntegralPro","isPartOf":{"@id":"https:\/\/www.integralpro.com.co\/#website"},"primaryImageOfPage":{"@id":"https:\/\/www.integralpro.com.co\/index.php\/quienes-somos\/#primaryimage"},"image":{"@id":"https:\/\/www.integralpro.com.co\/index.php\/quienes-somos\/#primaryimage"},"thumbnailUrl":"https:\/\/www.integralpro.com.co\/wp-content\/uploads\/2021\/02\/cropped-logo-def-2.jpg","datePublished":"2017-12-17T15:06:43+00:00","dateModified":"2021-02-19T16:15:46+00:00","breadcrumb":{"@id":"https:\/\/www.integralpro.com.co\/index.php\/quienes-somos\/#breadcrumb"},"inLanguage":"es","potentialAction":[{"@type":"ReadAction","target":["https:\/\/www.integralpro.com.co\/index.php\/quienes-somos\/"]}]},{"@type":"ImageObject","inLanguage":"es","@id":"https:\/\/www.integralpro.com.co\/index.php\/quienes-somos\/#primaryimage","url":"https:\/\/www.integralpro.com.co\/wp-content\/uploads\/2021\/02\/cropped-logo-def-2.jpg","contentUrl":"https:\/\/www.integralpro.com.co\/wp-content\/uploads\/2021\/02\/cropped-logo-def-2.jpg","width":238,"height":199},{"@type":"BreadcrumbList","@id":"https:\/\/www.integralpro.com.co\/index.php\/quienes-somos\/#breadcrumb","itemListElement":[{"@type":"ListItem","position":1,"name":"Portada","item":"https:\/\/www.integralpro.com.co\/"},{"@type":"ListItem","position":2,"name":"Quienes Somos"}]},{"@type":"WebSite","@id":"https:\/\/www.integralpro.com.co\/#website","url":"https:\/\/www.integralpro.com.co\/","name":"IntegralPro","description":"Tienda de Tecnolog\u00eda en L\u00ednea","publisher":{"@id":"https:\/\/www.integralpro.com.co\/#organization"},"potentialAction":[{"@type":"SearchAction","target":{"@type":"EntryPoint","urlTemplate":"https:\/\/www.integralpro.com.co\/?s={search_term_string}"},"query-input":{"@type":"PropertyValueSpecification","valueRequired":true,"valueName":"search_term_string"}}],"inLanguage":"es"},{"@type":"Organization","@id":"https:\/\/www.integralpro.com.co\/#organization","name":"IntegralPro SAS","url":"https:\/\/www.integralpro.com.co\/","logo":{"@type":"ImageObject","inLanguage":"es","@id":"https:\/\/www.integralpro.com.co\/#\/schema\/logo\/image\/","url":"https:\/\/www.integralpro.com.co\/wp-content\/uploads\/2021\/02\/logo-def.jpg","contentUrl":"https:\/\/www.integralpro.com.co\/wp-content\/uploads\/2021\/02\/logo-def.jpg","width":238,"height":234,"caption":"IntegralPro SAS"},"image":{"@id":"https:\/\/www.integralpro.com.co\/#\/schema\/logo\/image\/"}}]}},"_links":{"self":[{"href":"https:\/\/www.integralpro.com.co\/index.php\/wp-json\/wp\/v2\/pages\/43","targetHints":{"allow":["GET"]}}],"collection":[{"href":"https:\/\/www.integralpro.com.co\/index.php\/wp-json\/wp\/v2\/pages"}],"about":[{"href":"https:\/\/www.integralpro.com.co\/index.php\/wp-json\/wp\/v2\/types\/page"}],"author":[{"embeddable":true,"href":"https:\/\/www.integralpro.com.co\/index.php\/wp-json\/wp\/v2\/users\/1"}],"replies":[{"embeddable":true,"href":"https:\/\/www.integralpro.com.co\/index.php\/wp-json\/wp\/v2\/comments?post=43"}],"version-history":[{"count":10,"href":"https:\/\/www.integralpro.com.co\/index.php\/wp-json\/wp\/v2\/pages\/43\/revisions"}],"predecessor-version":[{"id":1217,"href":"https:\/\/www.integralpro.com.co\/index.php\/wp-json\/wp\/v2\/pages\/43\/revisions\/1217"}],"wp:attachment":[{"href":"https:\/\/www.integralpro.com.co\/index.php\/wp-json\/wp\/v2\/media?parent=43"}],"curies":[{"name":"wp","href":"https:\/\/api.w.org\/{rel}","templated":true}]}}